{"id":1180,"date":"2026-01-22T19:23:17","date_gmt":"2026-01-22T19:23:17","guid":{"rendered":"https:\/\/resmipass.com\/hvad-er-et-resmi-pass\/"},"modified":"2026-01-24T11:57:12","modified_gmt":"2026-01-24T11:57:12","slug":"hvad-er-et-resmi-pass","status":"publish","type":"page","link":"https:\/\/resmipass.com\/da\/hvad-er-et-resmi-pass\/","title":{"rendered":"Hvad er et ResMi Pass?"},"content":{"rendered":"\t\t<div data-elementor-type=\"wp-page\" data-elementor-id=\"1180\" class=\"elementor elementor-1180 elementor-351\" data-elementor-post-type=\"page\">\n\t\t\t\t\t\t<section class=\"elementor-section elementor-top-section elementor-element elementor-element-02c09c2 elementor-section-boxed elementor-section-height-default elementor-section-height-default\" data-id=\"02c09c2\" data-element_type=\"section\" data-e-type=\"section\" data-settings=\"{&quot;background_background&quot;:&quot;gradient&quot;}\">\n\t\t\t\t\t\t<div class=\"elementor-container elementor-column-gap-default\">\n\t\t\t\t\t<div class=\"elementor-column elementor-col-100 elementor-top-column elementor-element elementor-element-662b9b0\" data-id=\"662b9b0\" data-element_type=\"column\" data-e-type=\"column\">\n\t\t\t<div class=\"elementor-widget-wrap elementor-element-populated\">\n\t\t\t\t\t\t<div class=\"elementor-element elementor-element-a2be577 elementor-widget elementor-widget-text-editor\" data-id=\"a2be577\" data-element_type=\"widget\" data-e-type=\"widget\" data-widget_type=\"text-editor.default\">\n\t\t\t\t\t\t\t\t\t<p><strong>ResMi Pass<\/strong> | Hvad er et ResMi Pass?<\/p>\t\t\t\t\t\t\t\t<\/div>\n\t\t\t\t<div class=\"elementor-element elementor-element-bd68fef elementor-widget elementor-widget-text-editor\" data-id=\"bd68fef\" data-element_type=\"widget\" data-e-type=\"widget\" data-widget_type=\"text-editor.default\">\n\t\t\t\t\t\t\t\t\t<p data-start=\"0\" data-end=\"273\"><strong>Information<\/strong><\/p><p data-start=\"0\" data-end=\"273\">ResMi Pass er en erkl\u00e6ring om forhold for international rejse. Det er designet til par, der rejser og bor sammen, og som kan blive bedt om at oplyse eller bekr\u00e6fte deres civilstand under en rejse. <\/p>\t\t\t\t\t\t\t\t<\/div>\n\t\t\t\t<div class=\"elementor-element elementor-element-7bfa3a1 elementor-widget elementor-widget-text-editor\" data-id=\"7bfa3a1\" data-element_type=\"widget\" data-e-type=\"widget\" data-widget_type=\"text-editor.default\">\n\t\t\t\t\t\t\t\t\t<p data-start=\"0\" data-end=\"273\"><strong>Hvorn\u00e5r ResMi Pass kan v\u00e6re n\u00f8dvendigt<\/strong><\/p><p data-start=\"0\" data-end=\"273\">ResMi Pass er is\u00e6r relevant, n\u00e5r du rejser til destinationer, hvor kulturelle og religi\u00f8se regler kan p\u00e5virke lokale krav, s\u00e5som hotelophold, rejseprocedurer og andre officielle eller administrative kontroller, og hvor din civilstand kan blive anmodet om.<\/p>\t\t\t\t\t\t\t\t<\/div>\n\t\t\t\t<div class=\"elementor-element elementor-element-b612d81 elementor-widget elementor-widget-text-editor\" data-id=\"b612d81\" data-element_type=\"widget\" data-e-type=\"widget\" data-widget_type=\"text-editor.default\">\n\t\t\t\t\t\t\t\t\t<p data-start=\"0\" data-end=\"273\"><strong>Hvad ResMi Pass inkluderer<\/strong><\/p><p data-start=\"0\" data-end=\"273\">ResMi Pass registrerer detaljer for begge individer i forholdet og knytter dem til turen ved at angive destinationen eller destinationerne. Det inkluderer vigtige personlige oplysninger og kontaktoplysninger, identifikationsoplysninger s\u00e5som pasnummer eller nationalt ID-nummer og den civilstand, der erkl\u00e6res. <\/p>\t\t\t\t\t\t\t\t<\/div>\n\t\t\t\t<div class=\"elementor-element elementor-element-121de32 elementor-widget elementor-widget-text-editor\" data-id=\"121de32\" data-element_type=\"widget\" data-e-type=\"widget\" data-widget_type=\"text-editor.default\">\n\t\t\t\t\t\t\t\t\t<p data-start=\"0\" data-end=\"273\"><strong>Dit ansvar<\/strong><\/p><p data-start=\"0\" data-end=\"273\">Brugeren er ansvarlig for at sikre, at alle oplysninger, der indtastes i ResMi Pass, er n\u00f8jagtige og fuldst\u00e6ndige. Brugeren er ogs\u00e5 ansvarlig for at kontrollere de regler og dokumentationskrav, der g\u00e6lder for destinationen og turen, herunder eventuelle krav fra hoteller, flyselskaber, lokale myndigheder eller andre organisationer. ResMiPass.com kan ikke garantere, at ResMi Pass vil blive accepteret, og brugeren skal bekr\u00e6fte acceptkravene p\u00e5 forh\u00e5nd.  <\/p>\t\t\t\t\t\t\t\t<\/div>\n\t\t\t\t<div class=\"elementor-element elementor-element-f90d6f6 elementor-widget elementor-widget-text-editor\" data-id=\"f90d6f6\" data-element_type=\"widget\" data-e-type=\"widget\" data-widget_type=\"text-editor.default\">\n\t\t\t\t\t\t\t\t\t<p data-start=\"0\" data-end=\"273\"><strong>Levering af ResMi Pass<\/strong><\/p><p data-start=\"0\" data-end=\"273\">ResMi Pass leveres elektronisk. N\u00e5r betalingen er gennemf\u00f8rt, genereres dokumentet automatisk og sendes til den e-mailadresse, der er angivet af brugeren, og\/eller g\u00f8res tilg\u00e6ngelig for direkte download. <\/p>\t\t\t\t\t\t\t\t<\/div>\n\t\t\t\t<div class=\"elementor-element elementor-element-ee63a71 elementor-widget elementor-widget-text-editor\" data-id=\"ee63a71\" data-element_type=\"widget\" data-e-type=\"widget\" data-widget_type=\"text-editor.default\">\n\t\t\t\t\t\t\t\t\t<p data-start=\"0\" data-end=\"273\"><strong>Vigtig information om brug og accept<\/strong><\/p><p data-start=\"0\" data-end=\"273\">ResMi Pass erstatter ikke pas, visa, vielsesattester eller andre officielle rejsedokumenter, og det garanterer ikke accept af flyselskaber, hoteller eller myndigheder. Kravene kan variere efter land, region og udbyder, og rejsende er ansvarlige for at kontrollere de g\u00e6ldende regler og bestemmelser, f\u00f8r de rejser. <\/p>\t\t\t\t\t\t\t\t<\/div>\n\t\t\t\t<div class=\"elementor-element elementor-element-be264bc elementor-widget elementor-widget-spacer\" data-id=\"be264bc\" data-element_type=\"widget\" data-e-type=\"widget\" data-widget_type=\"spacer.default\">\n\t\t\t\t\t\t\t<div class=\"elementor-spacer\">\n\t\t\t<div class=\"elementor-spacer-inner\"><\/div>\n\t\t<\/div>\n\t\t\t\t\t\t<\/div>\n\t\t\t\t\t<\/div>\n\t\t<\/div>\n\t\t\t\t\t<\/div>\n\t\t<\/section>\n\t\t\t\t<\/div>\n\t\t","protected":false},"excerpt":{"rendered":"<p>ResMi Pass | Hvad er et ResMi Pass? Information ResMi Pass er en erkl\u00e6ring om forhold for international rejse. Det er designet til par, der rejser og bor sammen, og som kan blive bedt om at oplyse eller bekr\u00e6fte deres civilstand under en rejse. Hvorn\u00e5r ResMi Pass kan v\u00e6re n\u00f8dvendigt ResMi Pass er is\u00e6r relevant, [&hellip;]<\/p>\n","protected":false},"author":1,"featured_media":0,"parent":0,"menu_order":0,"comment_status":"closed","ping_status":"closed","template":"elementor_header_footer","meta":{"footnotes":""},"class_list":["post-1180","page","type-page","status-publish","hentry"],"aioseo_notices":[],"_links":{"self":[{"href":"https:\/\/resmipass.com\/da\/wp-json\/wp\/v2\/pages\/1180","targetHints":{"allow":["GET"]}}],"collection":[{"href":"https:\/\/resmipass.com\/da\/wp-json\/wp\/v2\/pages"}],"about":[{"href":"https:\/\/resmipass.com\/da\/wp-json\/wp\/v2\/types\/page"}],"author":[{"embeddable":true,"href":"https:\/\/resmipass.com\/da\/wp-json\/wp\/v2\/users\/1"}],"replies":[{"embeddable":true,"href":"https:\/\/resmipass.com\/da\/wp-json\/wp\/v2\/comments?post=1180"}],"version-history":[{"count":1,"href":"https:\/\/resmipass.com\/da\/wp-json\/wp\/v2\/pages\/1180\/revisions"}],"predecessor-version":[{"id":1181,"href":"https:\/\/resmipass.com\/da\/wp-json\/wp\/v2\/pages\/1180\/revisions\/1181"}],"wp:attachment":[{"href":"https:\/\/resmipass.com\/da\/wp-json\/wp\/v2\/media?parent=1180"}],"curies":[{"name":"wp","href":"https:\/\/api.w.org\/{rel}","templated":true}]}}