{"id":1259,"date":"2026-01-22T19:23:16","date_gmt":"2026-01-22T19:23:16","guid":{"rendered":"https:\/\/resmipass.com\/laes-mere-om-os\/"},"modified":"2026-01-24T11:58:34","modified_gmt":"2026-01-24T11:58:34","slug":"laes-mere-om-os","status":"publish","type":"page","link":"https:\/\/resmipass.com\/da\/laes-mere-om-os\/","title":{"rendered":"L\u00e6s mere om os"},"content":{"rendered":"\t\t<div data-elementor-type=\"wp-page\" data-elementor-id=\"1259\" class=\"elementor elementor-1259 elementor-350\" data-elementor-post-type=\"page\">\n\t\t\t\t\t\t<section class=\"elementor-section elementor-top-section elementor-element elementor-element-8520e7e elementor-section-boxed elementor-section-height-default elementor-section-height-default\" data-id=\"8520e7e\" data-element_type=\"section\" data-e-type=\"section\" data-settings=\"{&quot;background_background&quot;:&quot;gradient&quot;}\">\n\t\t\t\t\t\t<div class=\"elementor-container elementor-column-gap-default\">\n\t\t\t\t\t<div class=\"elementor-column elementor-col-100 elementor-top-column elementor-element elementor-element-55ebdfe\" data-id=\"55ebdfe\" data-element_type=\"column\" data-e-type=\"column\">\n\t\t\t<div class=\"elementor-widget-wrap elementor-element-populated\">\n\t\t\t\t\t\t<div class=\"elementor-element elementor-element-1403dcd elementor-widget elementor-widget-text-editor\" data-id=\"1403dcd\" data-element_type=\"widget\" data-e-type=\"widget\" data-widget_type=\"text-editor.default\">\n\t\t\t\t\t\t\t\t\t<p><strong>ResMi Pass<\/strong> | Om os<\/p>\t\t\t\t\t\t\t\t<\/div>\n\t\t\t\t<div class=\"elementor-element elementor-element-7b0f668 elementor-widget elementor-widget-text-editor\" data-id=\"7b0f668\" data-element_type=\"widget\" data-e-type=\"widget\" data-widget_type=\"text-editor.default\">\n\t\t\t\t\t\t\t\t\t<p data-start=\"0\" data-end=\"273\"><strong>Forholdsdeklaration<\/strong><\/p><p data-start=\"0\" data-end=\"273\">ResMiPass.com leverer ResMi Pass, en forholdsdeklaration til international rejse og indkvartering. Dokumentet er designet til par, der kan blive bedt om at oplyse eller bekr\u00e6fte deres civilstand, n\u00e5r de rejser og bor sammen, is\u00e6r n\u00e5r de rejser til destinationer, hvor kulturelle og religi\u00f8se regler kan p\u00e5virke indkvarterings- og rejsekrav. <\/p>\t\t\t\t\t\t\t\t<\/div>\n\t\t\t\t<div class=\"elementor-element elementor-element-d9ac598 elementor-widget elementor-widget-text-editor\" data-id=\"d9ac598\" data-element_type=\"widget\" data-e-type=\"widget\" data-widget_type=\"text-editor.default\">\n\t\t\t\t\t\t\t\t\t<p data-start=\"0\" data-end=\"273\"><strong>Rejs til destinationer med kulturelle og religi\u00f8se krav<\/strong><\/p><p data-start=\"0\" data-end=\"273\">ResMi Pass er is\u00e6r relevant, n\u00e5r du rejser til destinationer, hvor kulturelle og religi\u00f8se regler kan p\u00e5virke lokale krav, s\u00e5som hotelophold, rejseprocedurer og andre officielle eller administrative kontroller, og hvor din civilstand kan blive anmodet om.<\/p>\t\t\t\t\t\t\t\t<\/div>\n\t\t\t\t<div class=\"elementor-element elementor-element-dc974ad elementor-widget elementor-widget-text-editor\" data-id=\"dc974ad\" data-element_type=\"widget\" data-e-type=\"widget\" data-widget_type=\"text-editor.default\">\n\t\t\t\t\t\t\t\t\t<p data-start=\"0\" data-end=\"273\"><strong>Vores form\u00e5l<\/strong><\/p><p data-start=\"0\" data-end=\"273\">Vores m\u00e5l er at tilbyde et klart, struktureret dokument, der kan pr\u00e6senteres, n\u00e5r der anmodes om oplysninger om forhold under rejsen. Rejsende er ansvarlige for at kontrollere destinations- og indkvarteringskrav og sikre, at de har den dokumentation, der er n\u00f8dvendig for deres rejse. <\/p>\t\t\t\t\t\t\t\t<\/div>\n\t\t\t\t<div class=\"elementor-element elementor-element-527f474 elementor-widget elementor-widget-text-editor\" data-id=\"527f474\" data-element_type=\"widget\" data-e-type=\"widget\" data-widget_type=\"text-editor.default\">\n\t\t\t\t\t\t\t\t\t<p data-start=\"0\" data-end=\"273\"><strong>Kontakt<\/strong><\/p><p data-start=\"0\" data-end=\"273\">Hvis du har sp\u00f8rgsm\u00e5l om ResMi Pass eller din ordre, er du velkommen til at kontakte os via e-mail p\u00e5:<\/p><p data-start=\"0\" data-end=\"273\">info@resmipass.com<\/p>\t\t\t\t\t\t\t\t<\/div>\n\t\t\t\t<div class=\"elementor-element elementor-element-6a1c41e elementor-widget elementor-widget-spacer\" data-id=\"6a1c41e\" data-element_type=\"widget\" data-e-type=\"widget\" data-widget_type=\"spacer.default\">\n\t\t\t\t\t\t\t<div class=\"elementor-spacer\">\n\t\t\t<div class=\"elementor-spacer-inner\"><\/div>\n\t\t<\/div>\n\t\t\t\t\t\t<\/div>\n\t\t\t\t\t<\/div>\n\t\t<\/div>\n\t\t\t\t\t<\/div>\n\t\t<\/section>\n\t\t\t\t<\/div>\n\t\t","protected":false},"excerpt":{"rendered":"<p>ResMi Pass | Om os Forholdsdeklaration ResMiPass.com leverer ResMi Pass, en forholdsdeklaration til international rejse og indkvartering. Dokumentet er designet til par, der kan blive bedt om at oplyse eller bekr\u00e6fte deres civilstand, n\u00e5r de rejser og bor sammen, is\u00e6r n\u00e5r de rejser til destinationer, hvor kulturelle og religi\u00f8se regler kan p\u00e5virke indkvarterings- og rejsekrav. [&hellip;]<\/p>\n","protected":false},"author":1,"featured_media":0,"parent":0,"menu_order":0,"comment_status":"closed","ping_status":"closed","template":"elementor_header_footer","meta":{"footnotes":""},"class_list":["post-1259","page","type-page","status-publish","hentry"],"aioseo_notices":[],"_links":{"self":[{"href":"https:\/\/resmipass.com\/da\/wp-json\/wp\/v2\/pages\/1259","targetHints":{"allow":["GET"]}}],"collection":[{"href":"https:\/\/resmipass.com\/da\/wp-json\/wp\/v2\/pages"}],"about":[{"href":"https:\/\/resmipass.com\/da\/wp-json\/wp\/v2\/types\/page"}],"author":[{"embeddable":true,"href":"https:\/\/resmipass.com\/da\/wp-json\/wp\/v2\/users\/1"}],"replies":[{"embeddable":true,"href":"https:\/\/resmipass.com\/da\/wp-json\/wp\/v2\/comments?post=1259"}],"version-history":[{"count":1,"href":"https:\/\/resmipass.com\/da\/wp-json\/wp\/v2\/pages\/1259\/revisions"}],"predecessor-version":[{"id":1260,"href":"https:\/\/resmipass.com\/da\/wp-json\/wp\/v2\/pages\/1259\/revisions\/1260"}],"wp:attachment":[{"href":"https:\/\/resmipass.com\/da\/wp-json\/wp\/v2\/media?parent=1259"}],"curies":[{"name":"wp","href":"https:\/\/api.w.org\/{rel}","templated":true}]}}