{"id":1337,"date":"2026-01-22T19:23:12","date_gmt":"2026-01-22T19:23:12","guid":{"rendered":"https:\/\/resmipass.com\/privatlivspolitik\/"},"modified":"2026-01-24T12:12:51","modified_gmt":"2026-01-24T12:12:51","slug":"privatlivspolitik","status":"publish","type":"page","link":"https:\/\/resmipass.com\/da\/privatlivspolitik\/","title":{"rendered":"Privatlivspolitik"},"content":{"rendered":"\t\t<div data-elementor-type=\"wp-page\" data-elementor-id=\"1337\" class=\"elementor elementor-1337 elementor-346\" data-elementor-post-type=\"page\">\n\t\t\t\t\t\t<section class=\"elementor-section elementor-top-section elementor-element elementor-element-2f47e3c elementor-section-boxed elementor-section-height-default elementor-section-height-default\" data-id=\"2f47e3c\" data-element_type=\"section\" data-e-type=\"section\" data-settings=\"{&quot;background_background&quot;:&quot;gradient&quot;}\">\n\t\t\t\t\t\t<div class=\"elementor-container elementor-column-gap-default\">\n\t\t\t\t\t<div class=\"elementor-column elementor-col-100 elementor-top-column elementor-element elementor-element-879c809\" data-id=\"879c809\" data-element_type=\"column\" data-e-type=\"column\">\n\t\t\t<div class=\"elementor-widget-wrap elementor-element-populated\">\n\t\t\t\t\t\t<div class=\"elementor-element elementor-element-3946d63 elementor-widget elementor-widget-text-editor\" data-id=\"3946d63\" data-element_type=\"widget\" data-e-type=\"widget\" data-widget_type=\"text-editor.default\">\n\t\t\t\t\t\t\t\t\t<p><strong>ResMi Pass<\/strong> | Privatlivspolitik<\/p>\t\t\t\t\t\t\t\t<\/div>\n\t\t\t\t<div class=\"elementor-element elementor-element-9db1ee7 elementor-widget elementor-widget-text-editor\" data-id=\"9db1ee7\" data-element_type=\"widget\" data-e-type=\"widget\" data-widget_type=\"text-editor.default\">\n\t\t\t\t\t\t\t\t\t<p>1. Hvem vi er<\/p><p>Denne privatlivspolitik forklarer, hvordan ResMiPass.com (\u201cVirksomheden\u201d, \u201cvi\u201d, \u201cos\u201d, \u201cvores\u201d) behandler personoplysninger i forbindelse med ResMi Pass-tjenesten. Hvis du har sp\u00f8rgsm\u00e5l, kan du kontakte os p\u00e5 [support email]. <\/p>\t\t\t\t\t\t\t\t<\/div>\n\t\t\t\t<div class=\"elementor-element elementor-element-9a55698 elementor-widget elementor-widget-text-editor\" data-id=\"9a55698\" data-element_type=\"widget\" data-e-type=\"widget\" data-widget_type=\"text-editor.default\">\n\t\t\t\t\t\t\t\t\t<p>2. Hvilke personoplysninger indsamler vi<\/p><p>N\u00e5r du afgiver en ordre, giver du oplysninger, der er n\u00f8dvendige for at generere ResMi Pass-dokumentet. Dette kan omfatte, afh\u00e6ngigt af hvad du indtaster i formularen: <\/p><ul><li>for- og efternavn<\/li><li>f\u00f8dselsdato<\/li><li>nationalitet\/statsborgerskab<\/li><li>pasnummer eller nationalt ID-nummer<\/li><li>adresse<\/li><li>e-mailadresse og telefonnummer<\/li><li>forholdsoplysninger (f.eks. civilstand, forholdets startdato)<\/li><li>rejseinformation (f.eks. destination(er), rejsedatoer)<\/li><\/ul>\t\t\t\t\t\t\t\t<\/div>\n\t\t\t\t<div class=\"elementor-element elementor-element-4387d9e elementor-widget elementor-widget-text-editor\" data-id=\"4387d9e\" data-element_type=\"widget\" data-e-type=\"widget\" data-widget_type=\"text-editor.default\">\n\t\t\t\t\t\t\t\t\t<p>3. Hvorfor vi bruger dine data<\/p><p>Vi bruger de oplysninger, du giver, udelukkende til at:<\/p><ul><li>generere ResMi Pass-dokumentet baseret p\u00e5 dine indsendte oplysninger; og<\/li><li>levere dokumentet til den e-mailadresse, du angiver (og\/eller g\u00f8re det tilg\u00e6ngeligt for direkte download).<\/li><\/ul>\t\t\t\t\t\t\t\t<\/div>\n\t\t\t\t<div class=\"elementor-element elementor-element-fc6b013 elementor-widget elementor-widget-text-editor\" data-id=\"fc6b013\" data-element_type=\"widget\" data-e-type=\"widget\" data-widget_type=\"text-editor.default\">\n\t\t\t\t\t\t\t\t\t<p>4. Juridisk grundlag for behandling<\/p><p>Vi behandler dine personoplysninger for at generere og levere ResMi Pass baseret p\u00e5 de oplysninger, du indsender. Hvor det er p\u00e5kr\u00e6vet, kan vi ogs\u00e5 behandle begr\u00e6nsede data for at overholde juridiske forpligtelser (for eksempel regnskabskrav). <\/p>\t\t\t\t\t\t\t\t<\/div>\n\t\t\t\t<div class=\"elementor-element elementor-element-530e4a8 elementor-widget elementor-widget-text-editor\" data-id=\"530e4a8\" data-element_type=\"widget\" data-e-type=\"widget\" data-widget_type=\"text-editor.default\">\n\t\t\t\t\t\t\t\t\t<p>5. Opbevaring og opbevaringsperiode<\/p><p>Virksomheden gemmer ikke formulardetaljerne til senere redigering. Dine indsendte oplysninger bruges til at generere og levere dokumentet og opbevares ikke efter levering, undtagen hvor vi skal opbevare begr\u00e6nsede oplysninger til juridiske, regnskabsm\u00e6ssige eller betalingsm\u00e6ssige form\u00e5l. <\/p>\t\t\t\t\t\t\t\t<\/div>\n\t\t\t\t<div class=\"elementor-element elementor-element-a93a603 elementor-widget elementor-widget-text-editor\" data-id=\"a93a603\" data-element_type=\"widget\" data-e-type=\"widget\" data-widget_type=\"text-editor.default\">\n\t\t\t\t\t\t\t\t\t<p>6. Deling af personoplysninger<\/p><p>Vi s\u00e6lger eller deler ikke dine personoplysninger til markedsf\u00f8ring. Vi deler ikke de personoplysninger, der er i dit ResMi Pass, med tredjeparter. <\/p>\t\t\t\t\t\t\t\t<\/div>\n\t\t\t\t<div class=\"elementor-element elementor-element-6e76c45 elementor-widget elementor-widget-text-editor\" data-id=\"6e76c45\" data-element_type=\"widget\" data-e-type=\"widget\" data-widget_type=\"text-editor.default\">\n\t\t\t\t\t\t\t\t\t<p>8. Cookies<\/p><p>Vores hjemmeside bruger cookies. For detaljer henvises til vores cookiepolitik. <\/p>\t\t\t\t\t\t\t\t<\/div>\n\t\t\t\t<div class=\"elementor-element elementor-element-b58c759 elementor-widget elementor-widget-text-editor\" data-id=\"b58c759\" data-element_type=\"widget\" data-e-type=\"widget\" data-widget_type=\"text-editor.default\">\n\t\t\t\t\t\t\t\t\t<p>9. \u00c6ndringer til denne privatlivspolitik<\/p><p>Vi kan opdatere denne privatlivspolitik fra tid til anden. Den seneste version vil altid v\u00e6re tilg\u00e6ngelig p\u00e5 ResMiPass.com. <\/p>\t\t\t\t\t\t\t\t<\/div>\n\t\t\t\t<div class=\"elementor-element elementor-element-9cdb051 elementor-widget elementor-widget-spacer\" data-id=\"9cdb051\" data-element_type=\"widget\" data-e-type=\"widget\" data-widget_type=\"spacer.default\">\n\t\t\t\t\t\t\t<div class=\"elementor-spacer\">\n\t\t\t<div class=\"elementor-spacer-inner\"><\/div>\n\t\t<\/div>\n\t\t\t\t\t\t<\/div>\n\t\t\t\t\t<\/div>\n\t\t<\/div>\n\t\t\t\t\t<\/div>\n\t\t<\/section>\n\t\t\t\t<\/div>\n\t\t","protected":false},"excerpt":{"rendered":"<p>ResMi Pass | Privatlivspolitik 1. Hvem vi er Denne privatlivspolitik forklarer, hvordan ResMiPass.com (\u201cVirksomheden\u201d, \u201cvi\u201d, \u201cos\u201d, \u201cvores\u201d) behandler personoplysninger i forbindelse med ResMi Pass-tjenesten. Hvis du har sp\u00f8rgsm\u00e5l, kan du kontakte os p\u00e5 [support email]. 2. Hvilke personoplysninger indsamler vi N\u00e5r du afgiver en ordre, giver du oplysninger, der er n\u00f8dvendige for at generere ResMi [&hellip;]<\/p>\n","protected":false},"author":1,"featured_media":0,"parent":0,"menu_order":0,"comment_status":"closed","ping_status":"closed","template":"elementor_header_footer","meta":{"footnotes":""},"class_list":["post-1337","page","type-page","status-publish","hentry"],"aioseo_notices":[],"_links":{"self":[{"href":"https:\/\/resmipass.com\/da\/wp-json\/wp\/v2\/pages\/1337","targetHints":{"allow":["GET"]}}],"collection":[{"href":"https:\/\/resmipass.com\/da\/wp-json\/wp\/v2\/pages"}],"about":[{"href":"https:\/\/resmipass.com\/da\/wp-json\/wp\/v2\/types\/page"}],"author":[{"embeddable":true,"href":"https:\/\/resmipass.com\/da\/wp-json\/wp\/v2\/users\/1"}],"replies":[{"embeddable":true,"href":"https:\/\/resmipass.com\/da\/wp-json\/wp\/v2\/comments?post=1337"}],"version-history":[{"count":1,"href":"https:\/\/resmipass.com\/da\/wp-json\/wp\/v2\/pages\/1337\/revisions"}],"predecessor-version":[{"id":1338,"href":"https:\/\/resmipass.com\/da\/wp-json\/wp\/v2\/pages\/1337\/revisions\/1338"}],"wp:attachment":[{"href":"https:\/\/resmipass.com\/da\/wp-json\/wp\/v2\/media?parent=1337"}],"curies":[{"name":"wp","href":"https:\/\/api.w.org\/{rel}","templated":true}]}}