{"id":1350,"date":"2026-01-22T19:23:14","date_gmt":"2026-01-22T19:23:14","guid":{"rendered":"https:\/\/resmipass.com\/refusionspolitik\/"},"modified":"2026-01-24T12:12:54","modified_gmt":"2026-01-24T12:12:54","slug":"refusionspolitik","status":"publish","type":"page","link":"https:\/\/resmipass.com\/da\/refusionspolitik\/","title":{"rendered":"Refusionspolitik"},"content":{"rendered":"\t\t<div data-elementor-type=\"wp-page\" data-elementor-id=\"1350\" class=\"elementor elementor-1350 elementor-348\" data-elementor-post-type=\"page\">\n\t\t\t\t\t\t<section class=\"elementor-section elementor-top-section elementor-element elementor-element-540aab0 elementor-section-boxed elementor-section-height-default elementor-section-height-default\" data-id=\"540aab0\" data-element_type=\"section\" data-e-type=\"section\" data-settings=\"{&quot;background_background&quot;:&quot;gradient&quot;}\">\n\t\t\t\t\t\t<div class=\"elementor-container elementor-column-gap-default\">\n\t\t\t\t\t<div class=\"elementor-column elementor-col-100 elementor-top-column elementor-element elementor-element-64f7dfa\" data-id=\"64f7dfa\" data-element_type=\"column\" data-e-type=\"column\">\n\t\t\t<div class=\"elementor-widget-wrap elementor-element-populated\">\n\t\t\t\t\t\t<div class=\"elementor-element elementor-element-f1ce563 elementor-widget elementor-widget-text-editor\" data-id=\"f1ce563\" data-element_type=\"widget\" data-e-type=\"widget\" data-widget_type=\"text-editor.default\">\n\t\t\t\t\t\t\t\t\t<p><strong>ResMi Pass<\/strong> | Politik om refusion<\/p>\t\t\t\t\t\t\t\t<\/div>\n\t\t\t\t<div class=\"elementor-element elementor-element-5ef2c25 elementor-widget elementor-widget-text-editor\" data-id=\"5ef2c25\" data-element_type=\"widget\" data-e-type=\"widget\" data-widget_type=\"text-editor.default\">\n\t\t\t\t\t\t\t\t\t<p data-start=\"0\" data-end=\"273\">Refusioner er ikke tilg\u00e6ngelige, n\u00e5r ResMi Pass er blevet genereret og sendt til den e-mailadresse, der er angivet af brugeren, og\/eller gjort tilg\u00e6ngelig for download. I s\u00e6rlige tilf\u00e6lde kan vi gennemg\u00e5 din anmodning og efter eget sk\u00f8n udstede en refusion. Kontakt os, hvis du har brug for hj\u00e6lp.  <\/p>\t\t\t\t\t\t\t\t<\/div>\n\t\t\t\t<div class=\"elementor-element elementor-element-0b33c14 elementor-widget elementor-widget-spacer\" data-id=\"0b33c14\" data-element_type=\"widget\" data-e-type=\"widget\" data-widget_type=\"spacer.default\">\n\t\t\t\t\t\t\t<div class=\"elementor-spacer\">\n\t\t\t<div class=\"elementor-spacer-inner\"><\/div>\n\t\t<\/div>\n\t\t\t\t\t\t<\/div>\n\t\t\t\t\t<\/div>\n\t\t<\/div>\n\t\t\t\t\t<\/div>\n\t\t<\/section>\n\t\t\t\t<\/div>\n\t\t","protected":false},"excerpt":{"rendered":"<p>ResMi Pass | Politik om refusion Refusioner er ikke tilg\u00e6ngelige, n\u00e5r ResMi Pass er blevet genereret og sendt til den e-mailadresse, der er angivet af brugeren, og\/eller gjort tilg\u00e6ngelig for download. I s\u00e6rlige tilf\u00e6lde kan vi gennemg\u00e5 din anmodning og efter eget sk\u00f8n udstede en refusion. Kontakt os, hvis du har brug for hj\u00e6lp.<\/p>\n","protected":false},"author":1,"featured_media":0,"parent":0,"menu_order":0,"comment_status":"closed","ping_status":"closed","template":"elementor_header_footer","meta":{"footnotes":""},"class_list":["post-1350","page","type-page","status-publish","hentry"],"aioseo_notices":[],"_links":{"self":[{"href":"https:\/\/resmipass.com\/da\/wp-json\/wp\/v2\/pages\/1350","targetHints":{"allow":["GET"]}}],"collection":[{"href":"https:\/\/resmipass.com\/da\/wp-json\/wp\/v2\/pages"}],"about":[{"href":"https:\/\/resmipass.com\/da\/wp-json\/wp\/v2\/types\/page"}],"author":[{"embeddable":true,"href":"https:\/\/resmipass.com\/da\/wp-json\/wp\/v2\/users\/1"}],"replies":[{"embeddable":true,"href":"https:\/\/resmipass.com\/da\/wp-json\/wp\/v2\/comments?post=1350"}],"version-history":[{"count":1,"href":"https:\/\/resmipass.com\/da\/wp-json\/wp\/v2\/pages\/1350\/revisions"}],"predecessor-version":[{"id":1351,"href":"https:\/\/resmipass.com\/da\/wp-json\/wp\/v2\/pages\/1350\/revisions\/1351"}],"wp:attachment":[{"href":"https:\/\/resmipass.com\/da\/wp-json\/wp\/v2\/media?parent=1350"}],"curies":[{"name":"wp","href":"https:\/\/api.w.org\/{rel}","templated":true}]}}