{"id":815,"date":"2026-01-22T19:23:15","date_gmt":"2026-01-22T19:23:15","guid":{"rendered":"https:\/\/resmipass.com\/nehmen-sie-kontakt-mit-uns-auf\/"},"modified":"2026-01-24T00:23:28","modified_gmt":"2026-01-24T00:23:28","slug":"nehmen-sie-kontakt-mit-uns-auf","status":"publish","type":"page","link":"https:\/\/resmipass.com\/de\/nehmen-sie-kontakt-mit-uns-auf\/","title":{"rendered":"Nehmen Sie Kontakt mit uns auf"},"content":{"rendered":"\t\t<div data-elementor-type=\"wp-page\" data-elementor-id=\"815\" class=\"elementor elementor-815 elementor-349\" data-elementor-post-type=\"page\">\n\t\t\t\t\t\t<section class=\"elementor-section elementor-top-section elementor-element elementor-element-2bc5df9 elementor-section-boxed elementor-section-height-default elementor-section-height-default\" data-id=\"2bc5df9\" data-element_type=\"section\" data-e-type=\"section\" data-settings=\"{&quot;background_background&quot;:&quot;gradient&quot;}\">\n\t\t\t\t\t\t<div class=\"elementor-container elementor-column-gap-default\">\n\t\t\t\t\t<div class=\"elementor-column elementor-col-100 elementor-top-column elementor-element elementor-element-5ff3adc\" data-id=\"5ff3adc\" data-element_type=\"column\" data-e-type=\"column\">\n\t\t\t<div class=\"elementor-widget-wrap elementor-element-populated\">\n\t\t\t\t\t\t<div class=\"elementor-element elementor-element-653ae29 elementor-widget elementor-widget-text-editor\" data-id=\"653ae29\" data-element_type=\"widget\" data-e-type=\"widget\" data-widget_type=\"text-editor.default\">\n\t\t\t\t\t\t\t\t\t<p><strong>ResMi Pass<\/strong> | Nehmen Sie Kontakt mit uns auf<\/p>\t\t\t\t\t\t\t\t<\/div>\n\t\t\t\t<div class=\"elementor-element elementor-element-9eba052 elementor-widget elementor-widget-text-editor\" data-id=\"9eba052\" data-element_type=\"widget\" data-e-type=\"widget\" data-widget_type=\"text-editor.default\">\n\t\t\t\t\t\t\t\t\t<p><strong>Hilfe und Support <\/strong><\/p><p>Wenn Sie Fragen zu ResMi Pass, Ihrer Bestellung oder Lieferung haben, kontaktieren Sie uns bitte, und wir werden Ihnen behilflich sein.<\/p>\t\t\t\t\t\t\t\t<\/div>\n\t\t\t\t<div class=\"elementor-element elementor-element-77660c3 elementor-widget elementor-widget-text-editor\" data-id=\"77660c3\" data-element_type=\"widget\" data-e-type=\"widget\" data-widget_type=\"text-editor.default\">\n\t\t\t\t\t\t\t\t\t<p data-start=\"0\" data-end=\"273\"><strong>Halten Sie diese Details bereit<\/strong><\/p><p data-start=\"0\" data-end=\"273\">Wenn Sie uns bez\u00fcglich ResMi Pass kontaktieren m\u00fcssen, senden Sie uns bitte eine E-Mail. F\u00fcgen Sie alle relevanten Details hinzu, damit wir Ihnen effizient helfen k\u00f6nnen, wie z. B. Ihre Bestellnummer, Name, Kaufdatum und eine kurze Beschreibung Ihrer Anfrage.<\/p>\t\t\t\t\t\t\t\t<\/div>\n\t\t\t\t<div class=\"elementor-element elementor-element-f2fe4c9 elementor-widget elementor-widget-text-editor\" data-id=\"f2fe4c9\" data-element_type=\"widget\" data-e-type=\"widget\" data-widget_type=\"text-editor.default\">\n\t\t\t\t\t\t\t\t\t<p data-start=\"0\" data-end=\"273\"><strong>Kontaktinformationen<\/strong><\/p><p data-start=\"0\" data-end=\"273\">E-Mail: info@resmipass.com<\/p><p data-start=\"0\" data-end=\"273\">Antwortzeit: <strong>[innerhalb von 24\u201348 Stunden an Werktagen]<\/strong><\/p>\t\t\t\t\t\t\t\t<\/div>\n\t\t\t\t<div class=\"elementor-element elementor-element-9cd4152 elementor-widget elementor-widget-spacer\" data-id=\"9cd4152\" data-element_type=\"widget\" data-e-type=\"widget\" data-widget_type=\"spacer.default\">\n\t\t\t\t\t\t\t<div class=\"elementor-spacer\">\n\t\t\t<div class=\"elementor-spacer-inner\"><\/div>\n\t\t<\/div>\n\t\t\t\t\t\t<\/div>\n\t\t\t\t\t<\/div>\n\t\t<\/div>\n\t\t\t\t\t<\/div>\n\t\t<\/section>\n\t\t\t\t<\/div>\n\t\t","protected":false},"excerpt":{"rendered":"<p>ResMi Pass | Nehmen Sie Kontakt mit uns auf Hilfe und Support Wenn Sie Fragen zu ResMi Pass, Ihrer Bestellung oder Lieferung haben, kontaktieren Sie uns bitte, und wir werden Ihnen behilflich sein. Halten Sie diese Details bereit Wenn Sie uns bez\u00fcglich ResMi Pass kontaktieren m\u00fcssen, senden Sie uns bitte eine E-Mail. F\u00fcgen Sie alle [&hellip;]<\/p>\n","protected":false},"author":1,"featured_media":0,"parent":0,"menu_order":0,"comment_status":"closed","ping_status":"closed","template":"elementor_header_footer","meta":{"footnotes":""},"class_list":["post-815","page","type-page","status-publish","hentry"],"aioseo_notices":[],"_links":{"self":[{"href":"https:\/\/resmipass.com\/de\/wp-json\/wp\/v2\/pages\/815","targetHints":{"allow":["GET"]}}],"collection":[{"href":"https:\/\/resmipass.com\/de\/wp-json\/wp\/v2\/pages"}],"about":[{"href":"https:\/\/resmipass.com\/de\/wp-json\/wp\/v2\/types\/page"}],"author":[{"embeddable":true,"href":"https:\/\/resmipass.com\/de\/wp-json\/wp\/v2\/users\/1"}],"replies":[{"embeddable":true,"href":"https:\/\/resmipass.com\/de\/wp-json\/wp\/v2\/comments?post=815"}],"version-history":[{"count":1,"href":"https:\/\/resmipass.com\/de\/wp-json\/wp\/v2\/pages\/815\/revisions"}],"predecessor-version":[{"id":816,"href":"https:\/\/resmipass.com\/de\/wp-json\/wp\/v2\/pages\/815\/revisions\/816"}],"wp:attachment":[{"href":"https:\/\/resmipass.com\/de\/wp-json\/wp\/v2\/media?parent=815"}],"curies":[{"name":"wp","href":"https:\/\/api.w.org\/{rel}","templated":true}]}}