{"id":821,"date":"2026-01-22T19:23:14","date_gmt":"2026-01-22T19:23:14","guid":{"rendered":"https:\/\/resmipass.com\/rueckerstattungsrichtlinie\/"},"modified":"2026-01-24T00:23:35","modified_gmt":"2026-01-24T00:23:35","slug":"rueckerstattungsrichtlinie","status":"publish","type":"page","link":"https:\/\/resmipass.com\/de\/rueckerstattungsrichtlinie\/","title":{"rendered":"R\u00fcckerstattungsrichtlinie"},"content":{"rendered":"\t\t<div data-elementor-type=\"wp-page\" data-elementor-id=\"821\" class=\"elementor elementor-821 elementor-348\" data-elementor-post-type=\"page\">\n\t\t\t\t\t\t<section class=\"elementor-section elementor-top-section elementor-element elementor-element-540aab0 elementor-section-boxed elementor-section-height-default elementor-section-height-default\" data-id=\"540aab0\" data-element_type=\"section\" data-e-type=\"section\" data-settings=\"{&quot;background_background&quot;:&quot;gradient&quot;}\">\n\t\t\t\t\t\t<div class=\"elementor-container elementor-column-gap-default\">\n\t\t\t\t\t<div class=\"elementor-column elementor-col-100 elementor-top-column elementor-element elementor-element-64f7dfa\" data-id=\"64f7dfa\" data-element_type=\"column\" data-e-type=\"column\">\n\t\t\t<div class=\"elementor-widget-wrap elementor-element-populated\">\n\t\t\t\t\t\t<div class=\"elementor-element elementor-element-f1ce563 elementor-widget elementor-widget-text-editor\" data-id=\"f1ce563\" data-element_type=\"widget\" data-e-type=\"widget\" data-widget_type=\"text-editor.default\">\n\t\t\t\t\t\t\t\t\t<p><strong>ResMi Pass<\/strong> | R\u00fcckerstattungsrichtlinie<\/p>\t\t\t\t\t\t\t\t<\/div>\n\t\t\t\t<div class=\"elementor-element elementor-element-5ef2c25 elementor-widget elementor-widget-text-editor\" data-id=\"5ef2c25\" data-element_type=\"widget\" data-e-type=\"widget\" data-widget_type=\"text-editor.default\">\n\t\t\t\t\t\t\t\t\t<p data-start=\"0\" data-end=\"273\">R\u00fcckerstattungen sind nicht m\u00f6glich, sobald der ResMi-Pass erstellt und an die vom Nutzer angegebene E-Mail-Adresse gesendet bzw. zum Download zur Verf\u00fcgung gestellt wurde. In Ausnahmef\u00e4llen k\u00f6nnen wir Ihre Anfrage pr\u00fcfen und nach eigenem Ermessen eine R\u00fcckerstattung gew\u00e4hren. Bitte kontaktieren Sie uns, wenn Sie Hilfe ben\u00f6tigen.  <\/p>\t\t\t\t\t\t\t\t<\/div>\n\t\t\t\t<div class=\"elementor-element elementor-element-0b33c14 elementor-widget elementor-widget-spacer\" data-id=\"0b33c14\" data-element_type=\"widget\" data-e-type=\"widget\" data-widget_type=\"spacer.default\">\n\t\t\t\t\t\t\t<div class=\"elementor-spacer\">\n\t\t\t<div class=\"elementor-spacer-inner\"><\/div>\n\t\t<\/div>\n\t\t\t\t\t\t<\/div>\n\t\t\t\t\t<\/div>\n\t\t<\/div>\n\t\t\t\t\t<\/div>\n\t\t<\/section>\n\t\t\t\t<\/div>\n\t\t","protected":false},"excerpt":{"rendered":"<p>ResMi Pass | R\u00fcckerstattungsrichtlinie R\u00fcckerstattungen sind nicht m\u00f6glich, sobald der ResMi-Pass erstellt und an die vom Nutzer angegebene E-Mail-Adresse gesendet bzw. zum Download zur Verf\u00fcgung gestellt wurde. In Ausnahmef\u00e4llen k\u00f6nnen wir Ihre Anfrage pr\u00fcfen und nach eigenem Ermessen eine R\u00fcckerstattung gew\u00e4hren. Bitte kontaktieren Sie uns, wenn Sie Hilfe ben\u00f6tigen.<\/p>\n","protected":false},"author":1,"featured_media":0,"parent":0,"menu_order":0,"comment_status":"closed","ping_status":"closed","template":"elementor_header_footer","meta":{"footnotes":""},"class_list":["post-821","page","type-page","status-publish","hentry"],"aioseo_notices":[],"_links":{"self":[{"href":"https:\/\/resmipass.com\/de\/wp-json\/wp\/v2\/pages\/821","targetHints":{"allow":["GET"]}}],"collection":[{"href":"https:\/\/resmipass.com\/de\/wp-json\/wp\/v2\/pages"}],"about":[{"href":"https:\/\/resmipass.com\/de\/wp-json\/wp\/v2\/types\/page"}],"author":[{"embeddable":true,"href":"https:\/\/resmipass.com\/de\/wp-json\/wp\/v2\/users\/1"}],"replies":[{"embeddable":true,"href":"https:\/\/resmipass.com\/de\/wp-json\/wp\/v2\/comments?post=821"}],"version-history":[{"count":1,"href":"https:\/\/resmipass.com\/de\/wp-json\/wp\/v2\/pages\/821\/revisions"}],"predecessor-version":[{"id":822,"href":"https:\/\/resmipass.com\/de\/wp-json\/wp\/v2\/pages\/821\/revisions\/822"}],"wp:attachment":[{"href":"https:\/\/resmipass.com\/de\/wp-json\/wp\/v2\/media?parent=821"}],"curies":[{"name":"wp","href":"https:\/\/api.w.org\/{rel}","templated":true}]}}