{"id":827,"date":"2026-01-22T19:23:13","date_gmt":"2026-01-22T19:23:13","guid":{"rendered":"https:\/\/resmipass.com\/cookie-richtlinie\/"},"modified":"2026-01-24T00:23:46","modified_gmt":"2026-01-24T00:23:46","slug":"cookie-richtlinie","status":"publish","type":"page","link":"https:\/\/resmipass.com\/de\/cookie-richtlinie\/","title":{"rendered":"Cookie-Richtlinie"},"content":{"rendered":"\t\t<div data-elementor-type=\"wp-page\" data-elementor-id=\"827\" class=\"elementor elementor-827 elementor-347\" data-elementor-post-type=\"page\">\n\t\t\t\t\t\t<section class=\"elementor-section elementor-top-section elementor-element elementor-element-9d4739a elementor-section-boxed elementor-section-height-default elementor-section-height-default\" data-id=\"9d4739a\" data-element_type=\"section\" data-e-type=\"section\" data-settings=\"{&quot;background_background&quot;:&quot;gradient&quot;}\">\n\t\t\t\t\t\t<div class=\"elementor-container elementor-column-gap-default\">\n\t\t\t\t\t<div class=\"elementor-column elementor-col-100 elementor-top-column elementor-element elementor-element-0bf3dcd\" data-id=\"0bf3dcd\" data-element_type=\"column\" data-e-type=\"column\">\n\t\t\t<div class=\"elementor-widget-wrap elementor-element-populated\">\n\t\t\t\t\t\t<div class=\"elementor-element elementor-element-d235994 elementor-widget elementor-widget-text-editor\" data-id=\"d235994\" data-element_type=\"widget\" data-e-type=\"widget\" data-widget_type=\"text-editor.default\">\n\t\t\t\t\t\t\t\t\t<p><strong>ResMi Pass<\/strong> | Cookie-Richtlinie<\/p>\t\t\t\t\t\t\t\t<\/div>\n\t\t\t\t<div class=\"elementor-element elementor-element-408c72d elementor-widget elementor-widget-text-editor\" data-id=\"408c72d\" data-element_type=\"widget\" data-e-type=\"widget\" data-widget_type=\"text-editor.default\">\n\t\t\t\t\t\t\t\t\t<p data-start=\"0\" data-end=\"273\">ResMi Pass verwendet nur notwendige Cookies, die f\u00fcr das ordnungsgem\u00e4\u00dfe Funktionieren der Website erforderlich sind. Cookies sind kleine Textdateien, die auf Ihrem Ger\u00e4t gespeichert werden und die grundlegende Funktionalit\u00e4t und eine stabile Benutzererfahrung gew\u00e4hrleisten. Sie k\u00f6nnen Cookies jederzeit \u00fcber Ihre Browsereinstellungen blockieren oder l\u00f6schen. Beachten Sie jedoch, dass einige Teile der Website m\u00f6glicherweise nicht wie vorgesehen funktionieren, wenn Sie dies tun.  <\/p>\t\t\t\t\t\t\t\t<\/div>\n\t\t\t\t<div class=\"elementor-element elementor-element-6986bd4 elementor-widget elementor-widget-text-editor\" data-id=\"6986bd4\" data-element_type=\"widget\" data-e-type=\"widget\" data-widget_type=\"text-editor.default\">\n\t\t\t\t\t\t\t\t\t<p data-start=\"0\" data-end=\"273\"><strong>Cookie-Richtlinie<\/strong><\/p><p data-start=\"0\" data-end=\"273\">Diese Cookie-Richtlinie erl\u00e4utert, wie unsere Website (\u201ewir\u201c, \u201euns\u201c, \u201eunser\u201c) Cookies und \u00e4hnliche Technologien verwendet, um Ihre Erfahrung auf unserer Website zu verbessern. Durch die Nutzung unserer Website stimmen Sie der Verwendung von Cookies gem\u00e4\u00df dieser Richtlinie zu. <\/p>\t\t\t\t\t\t\t\t<\/div>\n\t\t\t\t<div class=\"elementor-element elementor-element-a827c98 elementor-widget elementor-widget-text-editor\" data-id=\"a827c98\" data-element_type=\"widget\" data-e-type=\"widget\" data-widget_type=\"text-editor.default\">\n\t\t\t\t\t\t\t\t\t<p data-start=\"0\" data-end=\"273\">Was sind Cookies? Cookies sind kleine Textdateien, die auf Ihrem Ger\u00e4t (Computer, Tablet oder Mobiltelefon) gespeichert werden, wenn Sie eine Website besuchen. Cookies helfen Websites, effizienter zu arbeiten, und liefern Informationen an den Website-Betreiber.  <\/p>\t\t\t\t\t\t\t\t<\/div>\n\t\t\t\t<div class=\"elementor-element elementor-element-c2082ce elementor-widget elementor-widget-text-editor\" data-id=\"c2082ce\" data-element_type=\"widget\" data-e-type=\"widget\" data-widget_type=\"text-editor.default\">\n\t\t\t\t\t\t\t\t\t<p><strong>Arten von Cookies, die wir verwenden<\/strong><\/p><p>Unbedingt notwendige Cookies sind f\u00fcr die grundlegenden Funktionen der Website unerl\u00e4sslich, und die Website funktioniert ohne sie nicht ordnungsgem\u00e4\u00df. Diese Cookies speichern keine personenbezogenen Daten. <\/p><p>Funktionelle Cookies helfen bei der Ausf\u00fchrung bestimmter Funktionen, wie z. B. dem Teilen von Website-Inhalten auf Social-Media-Plattformen, dem Sammeln von Feedback und der Aktivierung anderer Funktionen von Drittanbietern.<\/p><p>Analyse-Cookies werden verwendet, um zu verstehen, wie Besucher mit der Website interagieren. Diese Cookies liefern Informationen wie Metriken, Besucherzahlen, Absprungrate, Traffic-Quelle und \u00e4hnliche Daten. <\/p><p>Performance-Cookies werden verwendet, um wichtige Leistungsindikatoren der Website zu verstehen und zu analysieren, was uns hilft, den Besuchern eine bessere Benutzererfahrung zu bieten.<\/p><p>Werbe-Cookies werden verwendet, um personalisierte Werbung basierend auf den von Ihnen zuvor besuchten Seiten bereitzustellen und die Wirksamkeit von Werbekampagnen zu analysieren.<\/p>\t\t\t\t\t\t\t\t<\/div>\n\t\t\t\t<div class=\"elementor-element elementor-element-1106d2b elementor-widget elementor-widget-text-editor\" data-id=\"1106d2b\" data-element_type=\"widget\" data-e-type=\"widget\" data-widget_type=\"text-editor.default\">\n\t\t\t\t\t\t\t\t\t<p data-start=\"0\" data-end=\"273\"><strong>Wie wir Cookies verwenden<\/strong><\/p><p>Wir verwenden Cookies, um:<\/p><p>Ihre Einstellungen und Pr\u00e4ferenzen zu speichern;<\/p><p>zu verstehen, wie Sie unsere Website nutzen, und Ihre Erfahrung zu verbessern;<\/p><p>relevantes Marketing und Werbung bereitzustellen.<\/p>\t\t\t\t\t\t\t\t<\/div>\n\t\t\t\t<div class=\"elementor-element elementor-element-1bc8240 elementor-widget elementor-widget-text-editor\" data-id=\"1bc8240\" data-element_type=\"widget\" data-e-type=\"widget\" data-widget_type=\"text-editor.default\">\n\t\t\t\t\t\t\t\t\t<p data-start=\"0\" data-end=\"273\"><strong>Verwalten von Cookies<\/strong><\/p><p data-start=\"0\" data-end=\"273\">Sie k\u00f6nnen Cookies nach Belieben steuern und\/oder l\u00f6schen. Sie k\u00f6nnen alle Cookies, die sich bereits auf Ihrem Computer befinden, l\u00f6schen und die meisten Browser so einstellen, dass das Setzen von Cookies verhindert wird. Wenn Sie dies tun, m\u00fcssen Sie jedoch m\u00f6glicherweise einige Einstellungen jedes Mal manuell anpassen, wenn Sie eine Website besuchen, und einige Dienste und Funktionen funktionieren m\u00f6glicherweise nicht.  <\/p>\t\t\t\t\t\t\t\t<\/div>\n\t\t\t\t<div class=\"elementor-element elementor-element-fcf226c elementor-widget elementor-widget-text-editor\" data-id=\"fcf226c\" data-element_type=\"widget\" data-e-type=\"widget\" data-widget_type=\"text-editor.default\">\n\t\t\t\t\t\t\t\t\t<p data-start=\"0\" data-end=\"273\"><strong>Cookies von Drittanbietern<\/strong><\/p><p data-start=\"0\" data-end=\"273\">Wir k\u00f6nnen auch Cookies von Drittanbietern verwenden, die von vertrauensw\u00fcrdigen Partnern bereitgestellt werden, um ma\u00dfgeschneiderte Dienstleistungen und Werbung anzubieten. Diese Cookies unterliegen den Datenschutzrichtlinien der jeweiligen Drittanbieter. <\/p>\t\t\t\t\t\t\t\t<\/div>\n\t\t\t\t<div class=\"elementor-element elementor-element-7491e9a elementor-widget elementor-widget-text-editor\" data-id=\"7491e9a\" data-element_type=\"widget\" data-e-type=\"widget\" data-widget_type=\"text-editor.default\">\n\t\t\t\t\t\t\t\t\t<p data-start=\"0\" data-end=\"273\"><strong>\u00c4nderungen an diesem Cookie<\/strong><\/p><p data-start=\"0\" data-end=\"273\">Richtlinie Wir k\u00f6nnen diese Cookie-Richtlinie von Zeit zu Zeit aktualisieren, um \u00c4nderungen in der Art und Weise widerzuspiegeln, wie wir Cookies verwenden, oder aus anderen betrieblichen, rechtlichen oder regulatorischen Gr\u00fcnden. Wir empfehlen Ihnen, diese Seite regelm\u00e4\u00dfig auf die neuesten Informationen \u00fcber unsere Verwendung von Cookies zu \u00fcberpr\u00fcfen. <\/p>\t\t\t\t\t\t\t\t<\/div>\n\t\t\t\t<div class=\"elementor-element elementor-element-d1900a6 elementor-widget elementor-widget-text-editor\" data-id=\"d1900a6\" data-element_type=\"widget\" data-e-type=\"widget\" data-widget_type=\"text-editor.default\">\n\t\t\t\t\t\t\t\t\t<p data-start=\"0\" data-end=\"273\"><strong>Wie diese Cookie-Richtlinie erstellt wurde<\/strong><\/p><p data-start=\"0\" data-end=\"273\">Diese Cookie-Richtlinie wurde erstellt, um Transparenz und Einhaltung der geltenden Datenschutzbestimmungen zu gew\u00e4hrleisten.<\/p>\t\t\t\t\t\t\t\t<\/div>\n\t\t\t\t<div class=\"elementor-element elementor-element-a4b9789 elementor-widget elementor-widget-spacer\" data-id=\"a4b9789\" data-element_type=\"widget\" data-e-type=\"widget\" data-widget_type=\"spacer.default\">\n\t\t\t\t\t\t\t<div class=\"elementor-spacer\">\n\t\t\t<div class=\"elementor-spacer-inner\"><\/div>\n\t\t<\/div>\n\t\t\t\t\t\t<\/div>\n\t\t\t\t\t<\/div>\n\t\t<\/div>\n\t\t\t\t\t<\/div>\n\t\t<\/section>\n\t\t\t\t<\/div>\n\t\t","protected":false},"excerpt":{"rendered":"<p>ResMi Pass | Cookie-Richtlinie ResMi Pass verwendet nur notwendige Cookies, die f\u00fcr das ordnungsgem\u00e4\u00dfe Funktionieren der Website erforderlich sind. Cookies sind kleine Textdateien, die auf Ihrem Ger\u00e4t gespeichert werden und die grundlegende Funktionalit\u00e4t und eine stabile Benutzererfahrung gew\u00e4hrleisten. Sie k\u00f6nnen Cookies jederzeit \u00fcber Ihre Browsereinstellungen blockieren oder l\u00f6schen. Beachten Sie jedoch, dass einige Teile der [&hellip;]<\/p>\n","protected":false},"author":1,"featured_media":0,"parent":0,"menu_order":0,"comment_status":"closed","ping_status":"closed","template":"elementor_header_footer","meta":{"footnotes":""},"class_list":["post-827","page","type-page","status-publish","hentry"],"aioseo_notices":[],"_links":{"self":[{"href":"https:\/\/resmipass.com\/de\/wp-json\/wp\/v2\/pages\/827","targetHints":{"allow":["GET"]}}],"collection":[{"href":"https:\/\/resmipass.com\/de\/wp-json\/wp\/v2\/pages"}],"about":[{"href":"https:\/\/resmipass.com\/de\/wp-json\/wp\/v2\/types\/page"}],"author":[{"embeddable":true,"href":"https:\/\/resmipass.com\/de\/wp-json\/wp\/v2\/users\/1"}],"replies":[{"embeddable":true,"href":"https:\/\/resmipass.com\/de\/wp-json\/wp\/v2\/comments?post=827"}],"version-history":[{"count":1,"href":"https:\/\/resmipass.com\/de\/wp-json\/wp\/v2\/pages\/827\/revisions"}],"predecessor-version":[{"id":828,"href":"https:\/\/resmipass.com\/de\/wp-json\/wp\/v2\/pages\/827\/revisions\/828"}],"wp:attachment":[{"href":"https:\/\/resmipass.com\/de\/wp-json\/wp\/v2\/media?parent=827"}],"curies":[{"name":"wp","href":"https:\/\/api.w.org\/{rel}","templated":true}]}}