{"id":841,"date":"2026-01-22T19:23:12","date_gmt":"2026-01-22T19:23:12","guid":{"rendered":"https:\/\/resmipass.com\/datenschutzrichtlinie\/"},"modified":"2026-01-24T00:24:13","modified_gmt":"2026-01-24T00:24:13","slug":"datenschutzrichtlinie","status":"publish","type":"page","link":"https:\/\/resmipass.com\/de\/datenschutzrichtlinie\/","title":{"rendered":"Datenschutzrichtlinie"},"content":{"rendered":"\t\t<div data-elementor-type=\"wp-page\" data-elementor-id=\"841\" class=\"elementor elementor-841 elementor-346\" data-elementor-post-type=\"page\">\n\t\t\t\t\t\t<section class=\"elementor-section elementor-top-section elementor-element elementor-element-2f47e3c elementor-section-boxed elementor-section-height-default elementor-section-height-default\" data-id=\"2f47e3c\" data-element_type=\"section\" data-e-type=\"section\" data-settings=\"{&quot;background_background&quot;:&quot;gradient&quot;}\">\n\t\t\t\t\t\t<div class=\"elementor-container elementor-column-gap-default\">\n\t\t\t\t\t<div class=\"elementor-column elementor-col-100 elementor-top-column elementor-element elementor-element-879c809\" data-id=\"879c809\" data-element_type=\"column\" data-e-type=\"column\">\n\t\t\t<div class=\"elementor-widget-wrap elementor-element-populated\">\n\t\t\t\t\t\t<div class=\"elementor-element elementor-element-3946d63 elementor-widget elementor-widget-text-editor\" data-id=\"3946d63\" data-element_type=\"widget\" data-e-type=\"widget\" data-widget_type=\"text-editor.default\">\n\t\t\t\t\t\t\t\t\t<p><strong>ResMi Pass<\/strong> | Datenschutzrichtlinie<\/p>\t\t\t\t\t\t\t\t<\/div>\n\t\t\t\t<div class=\"elementor-element elementor-element-9db1ee7 elementor-widget elementor-widget-text-editor\" data-id=\"9db1ee7\" data-element_type=\"widget\" data-e-type=\"widget\" data-widget_type=\"text-editor.default\">\n\t\t\t\t\t\t\t\t\t<p>1. Wer wir sind<\/p><p>Diese Datenschutzrichtlinie erl\u00e4utert, wie ResMiPass.com (\u201edas Unternehmen\u201c, \u201ewir\u201c, \u201euns\u201c, \u201eunser\u201c) personenbezogene Daten im Zusammenhang mit dem ResMi Pass-Service verarbeitet. Wenn Sie Fragen haben, k\u00f6nnen Sie uns unter [support email] kontaktieren.<\/p>\t\t\t\t\t\t\t\t<\/div>\n\t\t\t\t<div class=\"elementor-element elementor-element-9a55698 elementor-widget elementor-widget-text-editor\" data-id=\"9a55698\" data-element_type=\"widget\" data-e-type=\"widget\" data-widget_type=\"text-editor.default\">\n\t\t\t\t\t\t\t\t\t<p>2. Welche personenbezogenen Daten wir erfassen<\/p><p>Wenn Sie eine Bestellung aufgeben, geben Sie Informationen an, die zur Erstellung des ResMi Pass-Dokuments ben\u00f6tigt werden. Dies kann Folgendes umfassen, je nachdem, was Sie in das Formular eingeben:<\/p><ul><li>Vor- und Nachname<\/li><li>Geburtsdatum<\/li><li>Nationalit\u00e4t\/Staatsb\u00fcrgerschaft<\/li><li>Reisepassnummer oder nationale Personalausweisnummer<\/li><li>Adresse<\/li><li>E-Mail-Adresse und Telefonnummer<\/li><li>Beziehungsdetails (z. B. Beziehungsstatus, Beziehungsbeginn)<\/li><li>Reiseinformationen (z. B. Zielorte, Reisedaten)<\/li><\/ul>\t\t\t\t\t\t\t\t<\/div>\n\t\t\t\t<div class=\"elementor-element elementor-element-4387d9e elementor-widget elementor-widget-text-editor\" data-id=\"4387d9e\" data-element_type=\"widget\" data-e-type=\"widget\" data-widget_type=\"text-editor.default\">\n\t\t\t\t\t\t\t\t\t<p>3. Warum wir Ihre Daten verwenden<\/p><p>Wir verwenden die von Ihnen bereitgestellten Informationen ausschlie\u00dflich, um:<\/p><ul><li>das ResMi Pass-Dokument basierend auf Ihren \u00fcbermittelten Daten zu erstellen; und<\/li><li>das Dokument an die von Ihnen angegebene E-Mail-Adresse zu senden (und\/oder es zum direkten Download zur Verf\u00fcgung zu stellen).<\/li><\/ul>\t\t\t\t\t\t\t\t<\/div>\n\t\t\t\t<div class=\"elementor-element elementor-element-fc6b013 elementor-widget elementor-widget-text-editor\" data-id=\"fc6b013\" data-element_type=\"widget\" data-e-type=\"widget\" data-widget_type=\"text-editor.default\">\n\t\t\t\t\t\t\t\t\t<p>4. Rechtsgrundlage f\u00fcr die Verarbeitung<\/p><p>Wir verarbeiten Ihre personenbezogenen Daten, um den ResMi Pass basierend auf den von Ihnen \u00fcbermittelten Informationen zu erstellen und bereitzustellen. Soweit erforderlich, k\u00f6nnen wir auch begrenzte Daten verarbeiten, um gesetzliche Verpflichtungen zu erf\u00fcllen (z. B. Buchhaltungsanforderungen).<\/p>\t\t\t\t\t\t\t\t<\/div>\n\t\t\t\t<div class=\"elementor-element elementor-element-530e4a8 elementor-widget elementor-widget-text-editor\" data-id=\"530e4a8\" data-element_type=\"widget\" data-e-type=\"widget\" data-widget_type=\"text-editor.default\">\n\t\t\t\t\t\t\t\t\t<p>5. Speicherung und Aufbewahrung<\/p><p>Das Unternehmen speichert die Formulardaten nicht zur sp\u00e4teren Bearbeitung. Ihre \u00fcbermittelten Daten werden verwendet, um das Dokument zu erstellen und bereitzustellen, und werden nach der Zustellung nicht aufbewahrt, es sei denn, wir m\u00fcssen begrenzte Informationen f\u00fcr rechtliche, buchhalterische oder Zahlungszwecke aufbewahren.<\/p>\t\t\t\t\t\t\t\t<\/div>\n\t\t\t\t<div class=\"elementor-element elementor-element-a93a603 elementor-widget elementor-widget-text-editor\" data-id=\"a93a603\" data-element_type=\"widget\" data-e-type=\"widget\" data-widget_type=\"text-editor.default\">\n\t\t\t\t\t\t\t\t\t<p>6. Weitergabe von personenbezogenen Daten<\/p><p>Wir verkaufen oder teilen Ihre personenbezogenen Daten nicht f\u00fcr Marketingzwecke. Wir geben die personenbezogenen Daten in Ihrem ResMi Pass nicht an Dritte weiter.<\/p>\t\t\t\t\t\t\t\t<\/div>\n\t\t\t\t<div class=\"elementor-element elementor-element-6e76c45 elementor-widget elementor-widget-text-editor\" data-id=\"6e76c45\" data-element_type=\"widget\" data-e-type=\"widget\" data-widget_type=\"text-editor.default\">\n\t\t\t\t\t\t\t\t\t<p>8. Cookies<\/p><p>Unsere Website verwendet Cookies. Einzelheiten entnehmen Sie bitte unserer Cookie-Richtlinie.<\/p>\t\t\t\t\t\t\t\t<\/div>\n\t\t\t\t<div class=\"elementor-element elementor-element-b58c759 elementor-widget elementor-widget-text-editor\" data-id=\"b58c759\" data-element_type=\"widget\" data-e-type=\"widget\" data-widget_type=\"text-editor.default\">\n\t\t\t\t\t\t\t\t\t<p>9. \u00c4nderungen an dieser Datenschutzrichtlinie<\/p><p>Wir k\u00f6nnen diese Datenschutzrichtlinie von Zeit zu Zeit aktualisieren. Die neueste Version ist immer auf ResMiPass.com verf\u00fcgbar.<\/p>\t\t\t\t\t\t\t\t<\/div>\n\t\t\t\t<div class=\"elementor-element elementor-element-9cdb051 elementor-widget elementor-widget-spacer\" data-id=\"9cdb051\" data-element_type=\"widget\" data-e-type=\"widget\" data-widget_type=\"spacer.default\">\n\t\t\t\t\t\t\t<div class=\"elementor-spacer\">\n\t\t\t<div class=\"elementor-spacer-inner\"><\/div>\n\t\t<\/div>\n\t\t\t\t\t\t<\/div>\n\t\t\t\t\t<\/div>\n\t\t<\/div>\n\t\t\t\t\t<\/div>\n\t\t<\/section>\n\t\t\t\t<\/div>\n\t\t","protected":false},"excerpt":{"rendered":"<p>ResMi Pass | Datenschutzrichtlinie 1. Wer wir sind Diese Datenschutzrichtlinie erl\u00e4utert, wie ResMiPass.com (\u201edas Unternehmen\u201c, \u201ewir\u201c, \u201euns\u201c, \u201eunser\u201c) personenbezogene Daten im Zusammenhang mit dem ResMi Pass-Service verarbeitet. Wenn Sie Fragen haben, k\u00f6nnen Sie uns unter [support email] kontaktieren. 2. Welche personenbezogenen Daten wir erfassen Wenn Sie eine Bestellung aufgeben, geben Sie Informationen an, die zur [&hellip;]<\/p>\n","protected":false},"author":1,"featured_media":0,"parent":0,"menu_order":0,"comment_status":"closed","ping_status":"closed","template":"elementor_header_footer","meta":{"footnotes":""},"class_list":["post-841","page","type-page","status-publish","hentry"],"aioseo_notices":[],"_links":{"self":[{"href":"https:\/\/resmipass.com\/de\/wp-json\/wp\/v2\/pages\/841","targetHints":{"allow":["GET"]}}],"collection":[{"href":"https:\/\/resmipass.com\/de\/wp-json\/wp\/v2\/pages"}],"about":[{"href":"https:\/\/resmipass.com\/de\/wp-json\/wp\/v2\/types\/page"}],"author":[{"embeddable":true,"href":"https:\/\/resmipass.com\/de\/wp-json\/wp\/v2\/users\/1"}],"replies":[{"embeddable":true,"href":"https:\/\/resmipass.com\/de\/wp-json\/wp\/v2\/comments?post=841"}],"version-history":[{"count":1,"href":"https:\/\/resmipass.com\/de\/wp-json\/wp\/v2\/pages\/841\/revisions"}],"predecessor-version":[{"id":842,"href":"https:\/\/resmipass.com\/de\/wp-json\/wp\/v2\/pages\/841\/revisions\/842"}],"wp:attachment":[{"href":"https:\/\/resmipass.com\/de\/wp-json\/wp\/v2\/media?parent=841"}],"curies":[{"name":"wp","href":"https:\/\/api.w.org\/{rel}","templated":true}]}}