{"id":811,"date":"2026-01-22T19:23:16","date_gmt":"2026-01-22T19:23:16","guid":{"rendered":"https:\/\/resmipass.com\/leer-mas-sobre-nosotros\/"},"modified":"2026-01-24T00:23:09","modified_gmt":"2026-01-24T00:23:09","slug":"leer-mas-sobre-nosotros","status":"publish","type":"page","link":"https:\/\/resmipass.com\/es\/leer-mas-sobre-nosotros\/","title":{"rendered":"Leer m\u00e1s sobre nosotros"},"content":{"rendered":"\t\t<div data-elementor-type=\"wp-page\" data-elementor-id=\"811\" class=\"elementor elementor-811 elementor-350\" data-elementor-post-type=\"page\">\n\t\t\t\t\t\t<section class=\"elementor-section elementor-top-section elementor-element elementor-element-8520e7e elementor-section-boxed elementor-section-height-default elementor-section-height-default\" data-id=\"8520e7e\" data-element_type=\"section\" data-e-type=\"section\" data-settings=\"{&quot;background_background&quot;:&quot;gradient&quot;}\">\n\t\t\t\t\t\t<div class=\"elementor-container elementor-column-gap-default\">\n\t\t\t\t\t<div class=\"elementor-column elementor-col-100 elementor-top-column elementor-element elementor-element-55ebdfe\" data-id=\"55ebdfe\" data-element_type=\"column\" data-e-type=\"column\">\n\t\t\t<div class=\"elementor-widget-wrap elementor-element-populated\">\n\t\t\t\t\t\t<div class=\"elementor-element elementor-element-1403dcd elementor-widget elementor-widget-text-editor\" data-id=\"1403dcd\" data-element_type=\"widget\" data-e-type=\"widget\" data-widget_type=\"text-editor.default\">\n\t\t\t\t\t\t\t\t\t<p><strong>ResMi Pass<\/strong> | Sobre nosotros<\/p>\t\t\t\t\t\t\t\t<\/div>\n\t\t\t\t<div class=\"elementor-element elementor-element-7b0f668 elementor-widget elementor-widget-text-editor\" data-id=\"7b0f668\" data-element_type=\"widget\" data-e-type=\"widget\" data-widget_type=\"text-editor.default\">\n\t\t\t\t\t\t\t\t\t<p data-start=\"0\" data-end=\"273\"><strong>Declaraci\u00f3n de relaci\u00f3n<\/strong><\/p><p data-start=\"0\" data-end=\"273\">ResMiPass.com proporciona ResMi Pass, una declaraci\u00f3n de relaci\u00f3n para viajes y alojamiento internacionales. El documento est\u00e1 dise\u00f1ado para parejas a las que se les puede pedir que declaren o confirmen su estado civil cuando viajan y se alojan juntos, especialmente cuando viajan a destinos donde las normas culturales y religiosas pueden afectar a los requisitos de alojamiento y viaje. <\/p>\t\t\t\t\t\t\t\t<\/div>\n\t\t\t\t<div class=\"elementor-element elementor-element-d9ac598 elementor-widget elementor-widget-text-editor\" data-id=\"d9ac598\" data-element_type=\"widget\" data-e-type=\"widget\" data-widget_type=\"text-editor.default\">\n\t\t\t\t\t\t\t\t\t<p data-start=\"0\" data-end=\"273\"><strong>Viaje a destinos con requisitos culturales y religiosos<\/strong><\/p><p data-start=\"0\" data-end=\"273\">ResMi Pass es particularmente relevante cuando se viaja a destinos donde las normas culturales y religiosas pueden afectar a los requisitos locales, como las estancias en hoteles, los procedimientos de viaje y otros controles oficiales o administrativos, y donde se puede solicitar su estado civil.<\/p>\t\t\t\t\t\t\t\t<\/div>\n\t\t\t\t<div class=\"elementor-element elementor-element-dc974ad elementor-widget elementor-widget-text-editor\" data-id=\"dc974ad\" data-element_type=\"widget\" data-e-type=\"widget\" data-widget_type=\"text-editor.default\">\n\t\t\t\t\t\t\t\t\t<p data-start=\"0\" data-end=\"273\"><strong>Nuestro prop\u00f3sito<\/strong><\/p><p data-start=\"0\" data-end=\"273\">Nuestro objetivo es ofrecer un documento claro y estructurado que pueda presentarse cuando se solicite informaci\u00f3n sobre la relaci\u00f3n durante el viaje. Los viajeros son responsables de verificar los requisitos del destino y el alojamiento y de asegurarse de que tienen la documentaci\u00f3n necesaria para su viaje. <\/p>\t\t\t\t\t\t\t\t<\/div>\n\t\t\t\t<div class=\"elementor-element elementor-element-527f474 elementor-widget elementor-widget-text-editor\" data-id=\"527f474\" data-element_type=\"widget\" data-e-type=\"widget\" data-widget_type=\"text-editor.default\">\n\t\t\t\t\t\t\t\t\t<p data-start=\"0\" data-end=\"273\"><strong>Contacto<\/strong><\/p><p data-start=\"0\" data-end=\"273\">Si tiene alguna pregunta sobre ResMi Pass o su pedido, puede ponerse en contacto con nosotros por correo electr\u00f3nico a:<\/p><p data-start=\"0\" data-end=\"273\">info@resmipass.com<\/p>\t\t\t\t\t\t\t\t<\/div>\n\t\t\t\t<div class=\"elementor-element elementor-element-6a1c41e elementor-widget elementor-widget-spacer\" data-id=\"6a1c41e\" data-element_type=\"widget\" data-e-type=\"widget\" data-widget_type=\"spacer.default\">\n\t\t\t\t\t\t\t<div class=\"elementor-spacer\">\n\t\t\t<div class=\"elementor-spacer-inner\"><\/div>\n\t\t<\/div>\n\t\t\t\t\t\t<\/div>\n\t\t\t\t\t<\/div>\n\t\t<\/div>\n\t\t\t\t\t<\/div>\n\t\t<\/section>\n\t\t\t\t<\/div>\n\t\t","protected":false},"excerpt":{"rendered":"<p>ResMi Pass | Sobre nosotros Declaraci\u00f3n de relaci\u00f3n ResMiPass.com proporciona ResMi Pass, una declaraci\u00f3n de relaci\u00f3n para viajes y alojamiento internacionales. El documento est\u00e1 dise\u00f1ado para parejas a las que se les puede pedir que declaren o confirmen su estado civil cuando viajan y se alojan juntos, especialmente cuando viajan a destinos donde las normas [&hellip;]<\/p>\n","protected":false},"author":1,"featured_media":0,"parent":0,"menu_order":0,"comment_status":"closed","ping_status":"closed","template":"elementor_header_footer","meta":{"footnotes":""},"class_list":["post-811","page","type-page","status-publish","hentry"],"aioseo_notices":[],"_links":{"self":[{"href":"https:\/\/resmipass.com\/es\/wp-json\/wp\/v2\/pages\/811","targetHints":{"allow":["GET"]}}],"collection":[{"href":"https:\/\/resmipass.com\/es\/wp-json\/wp\/v2\/pages"}],"about":[{"href":"https:\/\/resmipass.com\/es\/wp-json\/wp\/v2\/types\/page"}],"author":[{"embeddable":true,"href":"https:\/\/resmipass.com\/es\/wp-json\/wp\/v2\/users\/1"}],"replies":[{"embeddable":true,"href":"https:\/\/resmipass.com\/es\/wp-json\/wp\/v2\/comments?post=811"}],"version-history":[{"count":1,"href":"https:\/\/resmipass.com\/es\/wp-json\/wp\/v2\/pages\/811\/revisions"}],"predecessor-version":[{"id":812,"href":"https:\/\/resmipass.com\/es\/wp-json\/wp\/v2\/pages\/811\/revisions\/812"}],"wp:attachment":[{"href":"https:\/\/resmipass.com\/es\/wp-json\/wp\/v2\/media?parent=811"}],"curies":[{"name":"wp","href":"https:\/\/api.w.org\/{rel}","templated":true}]}}