{"id":817,"date":"2026-01-22T19:23:15","date_gmt":"2026-01-22T19:23:15","guid":{"rendered":"https:\/\/resmipass.com\/pongase-en-contacto-con-nosotros\/"},"modified":"2026-01-24T00:23:30","modified_gmt":"2026-01-24T00:23:30","slug":"pongase-en-contacto-con-nosotros","status":"publish","type":"page","link":"https:\/\/resmipass.com\/es\/pongase-en-contacto-con-nosotros\/","title":{"rendered":"P\u00f3ngase en contacto con nosotros"},"content":{"rendered":"\t\t<div data-elementor-type=\"wp-page\" data-elementor-id=\"817\" class=\"elementor elementor-817 elementor-349\" data-elementor-post-type=\"page\">\n\t\t\t\t\t\t<section class=\"elementor-section elementor-top-section elementor-element elementor-element-2bc5df9 elementor-section-boxed elementor-section-height-default elementor-section-height-default\" data-id=\"2bc5df9\" data-element_type=\"section\" data-e-type=\"section\" data-settings=\"{&quot;background_background&quot;:&quot;gradient&quot;}\">\n\t\t\t\t\t\t<div class=\"elementor-container elementor-column-gap-default\">\n\t\t\t\t\t<div class=\"elementor-column elementor-col-100 elementor-top-column elementor-element elementor-element-5ff3adc\" data-id=\"5ff3adc\" data-element_type=\"column\" data-e-type=\"column\">\n\t\t\t<div class=\"elementor-widget-wrap elementor-element-populated\">\n\t\t\t\t\t\t<div class=\"elementor-element elementor-element-653ae29 elementor-widget elementor-widget-text-editor\" data-id=\"653ae29\" data-element_type=\"widget\" data-e-type=\"widget\" data-widget_type=\"text-editor.default\">\n\t\t\t\t\t\t\t\t\t<p><strong>ResMi Pass<\/strong> | P\u00f3ngase en contacto con nosotros<\/p>\t\t\t\t\t\t\t\t<\/div>\n\t\t\t\t<div class=\"elementor-element elementor-element-9eba052 elementor-widget elementor-widget-text-editor\" data-id=\"9eba052\" data-element_type=\"widget\" data-e-type=\"widget\" data-widget_type=\"text-editor.default\">\n\t\t\t\t\t\t\t\t\t<p><strong>Ayuda y soporte <\/strong><\/p><p>Si tiene alguna pregunta sobre ResMi Pass, su pedido o la entrega, p\u00f3ngase en contacto con nosotros y le ayudaremos.<\/p>\t\t\t\t\t\t\t\t<\/div>\n\t\t\t\t<div class=\"elementor-element elementor-element-77660c3 elementor-widget elementor-widget-text-editor\" data-id=\"77660c3\" data-element_type=\"widget\" data-e-type=\"widget\" data-widget_type=\"text-editor.default\">\n\t\t\t\t\t\t\t\t\t<p data-start=\"0\" data-end=\"273\"><strong>Tenga estos datos a mano<\/strong><\/p><p data-start=\"0\" data-end=\"273\">Si necesita ponerse en contacto con nosotros sobre ResMi Pass, env\u00edenos un correo electr\u00f3nico. Incluya cualquier detalle relevante para que podamos ayudarle de forma eficiente, como su n\u00famero de pedido, nombre, fecha de compra y una breve descripci\u00f3n de su solicitud. <\/p>\t\t\t\t\t\t\t\t<\/div>\n\t\t\t\t<div class=\"elementor-element elementor-element-f2fe4c9 elementor-widget elementor-widget-text-editor\" data-id=\"f2fe4c9\" data-element_type=\"widget\" data-e-type=\"widget\" data-widget_type=\"text-editor.default\">\n\t\t\t\t\t\t\t\t\t<p data-start=\"0\" data-end=\"273\"><strong>Informaci\u00f3n de contacto<\/strong><\/p><p data-start=\"0\" data-end=\"273\">Correo electr\u00f3nico: info@resmipass.com<\/p><p data-start=\"0\" data-end=\"273\">Tiempo de respuesta: <strong>[dentro de 24\u201348 horas en d\u00edas laborables]<\/strong><\/p>\t\t\t\t\t\t\t\t<\/div>\n\t\t\t\t<div class=\"elementor-element elementor-element-9cd4152 elementor-widget elementor-widget-spacer\" data-id=\"9cd4152\" data-element_type=\"widget\" data-e-type=\"widget\" data-widget_type=\"spacer.default\">\n\t\t\t\t\t\t\t<div class=\"elementor-spacer\">\n\t\t\t<div class=\"elementor-spacer-inner\"><\/div>\n\t\t<\/div>\n\t\t\t\t\t\t<\/div>\n\t\t\t\t\t<\/div>\n\t\t<\/div>\n\t\t\t\t\t<\/div>\n\t\t<\/section>\n\t\t\t\t<\/div>\n\t\t","protected":false},"excerpt":{"rendered":"<p>ResMi Pass | P\u00f3ngase en contacto con nosotros Ayuda y soporte Si tiene alguna pregunta sobre ResMi Pass, su pedido o la entrega, p\u00f3ngase en contacto con nosotros y le ayudaremos. Tenga estos datos a mano Si necesita ponerse en contacto con nosotros sobre ResMi Pass, env\u00edenos un correo electr\u00f3nico. Incluya cualquier detalle relevante para [&hellip;]<\/p>\n","protected":false},"author":1,"featured_media":0,"parent":0,"menu_order":0,"comment_status":"closed","ping_status":"closed","template":"elementor_header_footer","meta":{"footnotes":""},"class_list":["post-817","page","type-page","status-publish","hentry"],"aioseo_notices":[],"_links":{"self":[{"href":"https:\/\/resmipass.com\/es\/wp-json\/wp\/v2\/pages\/817","targetHints":{"allow":["GET"]}}],"collection":[{"href":"https:\/\/resmipass.com\/es\/wp-json\/wp\/v2\/pages"}],"about":[{"href":"https:\/\/resmipass.com\/es\/wp-json\/wp\/v2\/types\/page"}],"author":[{"embeddable":true,"href":"https:\/\/resmipass.com\/es\/wp-json\/wp\/v2\/users\/1"}],"replies":[{"embeddable":true,"href":"https:\/\/resmipass.com\/es\/wp-json\/wp\/v2\/comments?post=817"}],"version-history":[{"count":3,"href":"https:\/\/resmipass.com\/es\/wp-json\/wp\/v2\/pages\/817\/revisions"}],"predecessor-version":[{"id":820,"href":"https:\/\/resmipass.com\/es\/wp-json\/wp\/v2\/pages\/817\/revisions\/820"}],"wp:attachment":[{"href":"https:\/\/resmipass.com\/es\/wp-json\/wp\/v2\/media?parent=817"}],"curies":[{"name":"wp","href":"https:\/\/api.w.org\/{rel}","templated":true}]}}