{"id":829,"date":"2026-01-22T19:23:13","date_gmt":"2026-01-22T19:23:13","guid":{"rendered":"https:\/\/resmipass.com\/politica-de-cookies\/"},"modified":"2026-01-24T00:23:49","modified_gmt":"2026-01-24T00:23:49","slug":"politica-de-cookies","status":"publish","type":"page","link":"https:\/\/resmipass.com\/es\/politica-de-cookies\/","title":{"rendered":"Pol\u00edtica de cookies"},"content":{"rendered":"\t\t<div data-elementor-type=\"wp-page\" data-elementor-id=\"829\" class=\"elementor elementor-829 elementor-347\" data-elementor-post-type=\"page\">\n\t\t\t\t\t\t<section class=\"elementor-section elementor-top-section elementor-element elementor-element-9d4739a elementor-section-boxed elementor-section-height-default elementor-section-height-default\" data-id=\"9d4739a\" data-element_type=\"section\" data-e-type=\"section\" data-settings=\"{&quot;background_background&quot;:&quot;gradient&quot;}\">\n\t\t\t\t\t\t<div class=\"elementor-container elementor-column-gap-default\">\n\t\t\t\t\t<div class=\"elementor-column elementor-col-100 elementor-top-column elementor-element elementor-element-0bf3dcd\" data-id=\"0bf3dcd\" data-element_type=\"column\" data-e-type=\"column\">\n\t\t\t<div class=\"elementor-widget-wrap elementor-element-populated\">\n\t\t\t\t\t\t<div class=\"elementor-element elementor-element-d235994 elementor-widget elementor-widget-text-editor\" data-id=\"d235994\" data-element_type=\"widget\" data-e-type=\"widget\" data-widget_type=\"text-editor.default\">\n\t\t\t\t\t\t\t\t\t<p><strong>ResMi Pass<\/strong> | Pol\u00edtica de cookies<\/p>\t\t\t\t\t\t\t\t<\/div>\n\t\t\t\t<div class=\"elementor-element elementor-element-408c72d elementor-widget elementor-widget-text-editor\" data-id=\"408c72d\" data-element_type=\"widget\" data-e-type=\"widget\" data-widget_type=\"text-editor.default\">\n\t\t\t\t\t\t\t\t\t<p data-start=\"0\" data-end=\"273\">ResMi Pass solo utiliza las cookies necesarias para que el sitio web funcione correctamente. Las cookies son peque\u00f1os archivos de texto que se almacenan en su dispositivo y que ayudan a garantizar la funcionalidad b\u00e1sica y una experiencia de usuario estable. Puede optar por bloquear o eliminar las cookies en cualquier momento a trav\u00e9s de la configuraci\u00f3n de su navegador, pero tenga en cuenta que es posible que algunas partes del sitio web no funcionen seg\u00fan lo previsto si lo hace.  <\/p>\t\t\t\t\t\t\t\t<\/div>\n\t\t\t\t<div class=\"elementor-element elementor-element-6986bd4 elementor-widget elementor-widget-text-editor\" data-id=\"6986bd4\" data-element_type=\"widget\" data-e-type=\"widget\" data-widget_type=\"text-editor.default\">\n\t\t\t\t\t\t\t\t\t<p data-start=\"0\" data-end=\"273\"><strong>Pol\u00edtica de cookies<\/strong><\/p><p data-start=\"0\" data-end=\"273\">Esta Pol\u00edtica de cookies explica c\u00f3mo nuestro sitio web (\u00abnosotros\u00bb, \u00abnos\u00bb, \u00abnuestro\u00bb) utiliza cookies y tecnolog\u00edas similares para mejorar su experiencia en nuestro sitio web. Al utilizar nuestro sitio web, usted consiente el uso de cookies de acuerdo con esta Pol\u00edtica. <\/p>\t\t\t\t\t\t\t\t<\/div>\n\t\t\t\t<div class=\"elementor-element elementor-element-a827c98 elementor-widget elementor-widget-text-editor\" data-id=\"a827c98\" data-element_type=\"widget\" data-e-type=\"widget\" data-widget_type=\"text-editor.default\">\n\t\t\t\t\t\t\t\t\t<p data-start=\"0\" data-end=\"273\">\u00bfQu\u00e9 son las cookies? Las cookies son peque\u00f1os archivos de texto que se almacenan en su dispositivo (ordenador, tableta o tel\u00e9fono m\u00f3vil) cuando visita un sitio web. Las cookies ayudan a que los sitios web funcionen de forma m\u00e1s eficiente y proporcionan informaci\u00f3n al propietario del sitio web.  <\/p>\t\t\t\t\t\t\t\t<\/div>\n\t\t\t\t<div class=\"elementor-element elementor-element-c2082ce elementor-widget elementor-widget-text-editor\" data-id=\"c2082ce\" data-element_type=\"widget\" data-e-type=\"widget\" data-widget_type=\"text-editor.default\">\n\t\t\t\t\t\t\t\t\t<p><strong>Tipos de cookies que utilizamos<\/strong><\/p><p>Las cookies estrictamente necesarias son esenciales para las funciones b\u00e1sicas del sitio web y este no funcionar\u00e1 correctamente sin ellas. Estas cookies no almacenan ninguna informaci\u00f3n de identificaci\u00f3n personal. <\/p><p>Las cookies funcionales ayudan a realizar ciertas funciones, como compartir contenido del sitio web en plataformas de redes sociales, recopilar comentarios y habilitar otras funciones de terceros.<\/p><p>Las cookies de an\u00e1lisis se utilizan para comprender c\u00f3mo interact\u00faan los visitantes con el sitio web. Estas cookies ayudan a proporcionar informaci\u00f3n como m\u00e9tricas, n\u00famero de visitantes, tasa de rebote, fuente de tr\u00e1fico y datos similares. <\/p><p>Las cookies de rendimiento se utilizan para comprender y analizar los indicadores clave de rendimiento del sitio web, lo que nos ayuda a ofrecer una mejor experiencia de usuario a los visitantes.<\/p><p>Las cookies publicitarias se utilizan para ofrecer anuncios personalizados basados en las p\u00e1ginas que ha visitado anteriormente y para analizar la eficacia de las campa\u00f1as publicitarias.<\/p>\t\t\t\t\t\t\t\t<\/div>\n\t\t\t\t<div class=\"elementor-element elementor-element-1106d2b elementor-widget elementor-widget-text-editor\" data-id=\"1106d2b\" data-element_type=\"widget\" data-e-type=\"widget\" data-widget_type=\"text-editor.default\">\n\t\t\t\t\t\t\t\t\t<p data-start=\"0\" data-end=\"273\"><strong>C\u00f3mo utilizamos las cookies<\/strong><\/p><p>Utilizamos cookies para:<\/p><p>recordar su configuraci\u00f3n y preferencias;<\/p><p>comprender c\u00f3mo utiliza nuestro sitio web y mejorar su experiencia;<\/p><p>proporcionar marketing y publicidad relevantes.<\/p>\t\t\t\t\t\t\t\t<\/div>\n\t\t\t\t<div class=\"elementor-element elementor-element-1bc8240 elementor-widget elementor-widget-text-editor\" data-id=\"1bc8240\" data-element_type=\"widget\" data-e-type=\"widget\" data-widget_type=\"text-editor.default\">\n\t\t\t\t\t\t\t\t\t<p data-start=\"0\" data-end=\"273\"><strong>Gesti\u00f3n de cookies<\/strong><\/p><p data-start=\"0\" data-end=\"273\">Puede controlar o eliminar las cookies como desee. Puede eliminar todas las cookies que ya est\u00e1n en su ordenador y puede configurar la mayor\u00eda de los navegadores para evitar que se coloquen cookies. Sin embargo, si lo hace, es posible que tenga que ajustar manualmente algunas preferencias cada vez que visite un sitio web, y es posible que algunos servicios y funciones no funcionen.  <\/p>\t\t\t\t\t\t\t\t<\/div>\n\t\t\t\t<div class=\"elementor-element elementor-element-fcf226c elementor-widget elementor-widget-text-editor\" data-id=\"fcf226c\" data-element_type=\"widget\" data-e-type=\"widget\" data-widget_type=\"text-editor.default\">\n\t\t\t\t\t\t\t\t\t<p data-start=\"0\" data-end=\"273\"><strong>Cookies de terceros<\/strong><\/p><p data-start=\"0\" data-end=\"273\">Tambi\u00e9n podemos utilizar cookies de terceros proporcionadas por socios de confianza para ofrecer servicios y publicidad m\u00e1s personalizados. Estas cookies se rigen por las pol\u00edticas de privacidad de los terceros correspondientes. <\/p>\t\t\t\t\t\t\t\t<\/div>\n\t\t\t\t<div class=\"elementor-element elementor-element-7491e9a elementor-widget elementor-widget-text-editor\" data-id=\"7491e9a\" data-element_type=\"widget\" data-e-type=\"widget\" data-widget_type=\"text-editor.default\">\n\t\t\t\t\t\t\t\t\t<p data-start=\"0\" data-end=\"273\"><strong>Cambios en esta pol\u00edtica de cookies<\/strong><\/p><p data-start=\"0\" data-end=\"273\">Es posible que actualicemos esta Pol\u00edtica de cookies de vez en cuando para reflejar los cambios en la forma en que utilizamos las cookies o por otras razones operativas, legales o reglamentarias. Le recomendamos que revise esta p\u00e1gina peri\u00f3dicamente para obtener la informaci\u00f3n m\u00e1s reciente sobre nuestro uso de cookies. <\/p>\t\t\t\t\t\t\t\t<\/div>\n\t\t\t\t<div class=\"elementor-element elementor-element-d1900a6 elementor-widget elementor-widget-text-editor\" data-id=\"d1900a6\" data-element_type=\"widget\" data-e-type=\"widget\" data-widget_type=\"text-editor.default\">\n\t\t\t\t\t\t\t\t\t<p data-start=\"0\" data-end=\"273\"><strong>C\u00f3mo se prepar\u00f3 esta pol\u00edtica de cookies<\/strong><\/p><p data-start=\"0\" data-end=\"273\">Esta Pol\u00edtica de cookies se ha preparado para garantizar la transparencia y el cumplimiento de las normativas de protecci\u00f3n de datos aplicables.<\/p>\t\t\t\t\t\t\t\t<\/div>\n\t\t\t\t<div class=\"elementor-element elementor-element-a4b9789 elementor-widget elementor-widget-spacer\" data-id=\"a4b9789\" data-element_type=\"widget\" data-e-type=\"widget\" data-widget_type=\"spacer.default\">\n\t\t\t\t\t\t\t<div class=\"elementor-spacer\">\n\t\t\t<div class=\"elementor-spacer-inner\"><\/div>\n\t\t<\/div>\n\t\t\t\t\t\t<\/div>\n\t\t\t\t\t<\/div>\n\t\t<\/div>\n\t\t\t\t\t<\/div>\n\t\t<\/section>\n\t\t\t\t<\/div>\n\t\t","protected":false},"excerpt":{"rendered":"<p>ResMi Pass | Pol\u00edtica de cookies ResMi Pass solo utiliza las cookies necesarias para que el sitio web funcione correctamente. Las cookies son peque\u00f1os archivos de texto que se almacenan en su dispositivo y que ayudan a garantizar la funcionalidad b\u00e1sica y una experiencia de usuario estable. Puede optar por bloquear o eliminar las cookies [&hellip;]<\/p>\n","protected":false},"author":1,"featured_media":0,"parent":0,"menu_order":0,"comment_status":"closed","ping_status":"closed","template":"elementor_header_footer","meta":{"footnotes":""},"class_list":["post-829","page","type-page","status-publish","hentry"],"aioseo_notices":[],"_links":{"self":[{"href":"https:\/\/resmipass.com\/es\/wp-json\/wp\/v2\/pages\/829","targetHints":{"allow":["GET"]}}],"collection":[{"href":"https:\/\/resmipass.com\/es\/wp-json\/wp\/v2\/pages"}],"about":[{"href":"https:\/\/resmipass.com\/es\/wp-json\/wp\/v2\/types\/page"}],"author":[{"embeddable":true,"href":"https:\/\/resmipass.com\/es\/wp-json\/wp\/v2\/users\/1"}],"replies":[{"embeddable":true,"href":"https:\/\/resmipass.com\/es\/wp-json\/wp\/v2\/comments?post=829"}],"version-history":[{"count":3,"href":"https:\/\/resmipass.com\/es\/wp-json\/wp\/v2\/pages\/829\/revisions"}],"predecessor-version":[{"id":832,"href":"https:\/\/resmipass.com\/es\/wp-json\/wp\/v2\/pages\/829\/revisions\/832"}],"wp:attachment":[{"href":"https:\/\/resmipass.com\/es\/wp-json\/wp\/v2\/media?parent=829"}],"curies":[{"name":"wp","href":"https:\/\/api.w.org\/{rel}","templated":true}]}}