{"id":845,"date":"2026-01-22T19:23:11","date_gmt":"2026-01-22T19:23:11","guid":{"rendered":"https:\/\/resmipass.com\/terminos-y-condiciones\/"},"modified":"2026-01-24T00:24:15","modified_gmt":"2026-01-24T00:24:15","slug":"terminos-y-condiciones","status":"publish","type":"page","link":"https:\/\/resmipass.com\/es\/terminos-y-condiciones\/","title":{"rendered":"T\u00e9rminos y condiciones"},"content":{"rendered":"\t\t<div data-elementor-type=\"wp-page\" data-elementor-id=\"845\" class=\"elementor elementor-845 elementor-345\" data-elementor-post-type=\"page\">\n\t\t\t\t\t\t<section class=\"elementor-section elementor-top-section elementor-element elementor-element-d6d6952 elementor-section-boxed elementor-section-height-default elementor-section-height-default\" data-id=\"d6d6952\" data-element_type=\"section\" data-e-type=\"section\" data-settings=\"{&quot;background_background&quot;:&quot;gradient&quot;}\">\n\t\t\t\t\t\t<div class=\"elementor-container elementor-column-gap-default\">\n\t\t\t\t\t<div class=\"elementor-column elementor-col-100 elementor-top-column elementor-element elementor-element-59d10d1\" data-id=\"59d10d1\" data-element_type=\"column\" data-e-type=\"column\">\n\t\t\t<div class=\"elementor-widget-wrap elementor-element-populated\">\n\t\t\t\t\t\t<div class=\"elementor-element elementor-element-96827e1 elementor-widget elementor-widget-text-editor\" data-id=\"96827e1\" data-element_type=\"widget\" data-e-type=\"widget\" data-widget_type=\"text-editor.default\">\n\t\t\t\t\t\t\t\t\t<p><strong>ResMi Pass<\/strong> | T\u00e9rminos y condiciones<\/p>\t\t\t\t\t\t\t\t<\/div>\n\t\t\t\t<div class=\"elementor-element elementor-element-9e807be elementor-widget elementor-widget-text-editor\" data-id=\"9e807be\" data-element_type=\"widget\" data-e-type=\"widget\" data-widget_type=\"text-editor.default\">\n\t\t\t\t\t\t\t\t\t<p data-start=\"0\" data-end=\"273\">Estos T\u00e9rminos y Condiciones (en adelante, \u201cT\u00e9rminos\u201d) se aplican a la compra y el uso de ResMi Pass, una declaraci\u00f3n de relaci\u00f3n para viajes internacionales destinada a confirmar la relaci\u00f3n de una pareja para fines de viaje y alojamiento.<\/p><p data-start=\"0\" data-end=\"273\">En estos T\u00e9rminos, \u201cla Empresa\u201d se refiere a ResMiPass.com, y \u201cel Usuario\u201d se refiere a la persona que compra y\/o utiliza ResMi Pass. Al realizar un pedido, el Usuario confirma que ha le\u00eddo, comprendido y aceptado estos T\u00e9rminos. <\/p>\t\t\t\t\t\t\t\t<\/div>\n\t\t\t\t<div class=\"elementor-element elementor-element-3914c70 elementor-widget elementor-widget-text-editor\" data-id=\"3914c70\" data-element_type=\"widget\" data-e-type=\"widget\" data-widget_type=\"text-editor.default\">\n\t\t\t\t\t\t\t\t\t<p data-start=\"0\" data-end=\"273\"><strong>1. Acerca de ResMi Pass<\/strong><br>ResMi Pass es una declaraci\u00f3n de relaci\u00f3n generada en funci\u00f3n de la informaci\u00f3n que el Usuario proporciona en el formulario de pedido.<\/p>\t\t\t\t\t\t\t\t<\/div>\n\t\t\t\t<div class=\"elementor-element elementor-element-d8e9003 elementor-widget elementor-widget-text-editor\" data-id=\"d8e9003\" data-element_type=\"widget\" data-e-type=\"widget\" data-widget_type=\"text-editor.default\">\n\t\t\t\t\t\t\t\t\t<p data-start=\"0\" data-end=\"273\"><strong>2. Entrega<\/strong><br>ResMi Pass se entrega electr\u00f3nicamente por correo electr\u00f3nico y\/o se pone a disposici\u00f3n para su descarga directa. El documento se genera y se entrega autom\u00e1ticamente a la direcci\u00f3n de correo electr\u00f3nico proporcionada por el Usuario, y\/o mediante descarga directa, una vez que se ha completado el pago. <\/p>\t\t\t\t\t\t\t\t<\/div>\n\t\t\t\t<div class=\"elementor-element elementor-element-c23c633 elementor-widget elementor-widget-text-editor\" data-id=\"c23c633\" data-element_type=\"widget\" data-e-type=\"widget\" data-widget_type=\"text-editor.default\">\n\t\t\t\t\t\t\t\t\t<p data-start=\"0\" data-end=\"273\"><strong>3. Precios y pago<\/strong><br>El precio se muestra durante el proceso de pedido de ResMi Pass. El pago se realiza en l\u00ednea en ResMiPass.com. <\/p>\t\t\t\t\t\t\t\t<\/div>\n\t\t\t\t<div class=\"elementor-element elementor-element-2295cb7 elementor-widget elementor-widget-text-editor\" data-id=\"2295cb7\" data-element_type=\"widget\" data-e-type=\"widget\" data-widget_type=\"text-editor.default\">\n\t\t\t\t\t\t\t\t\t<p data-start=\"0\" data-end=\"273\"><strong>4. Responsabilidad y aceptaci\u00f3n del usuario<br><\/strong>ResMiPass.com no puede garantizar que ResMi Pass sea aceptado, y el Usuario siempre debe verificar los requisitos de aceptaci\u00f3n con antelaci\u00f3n.<strong><br><\/strong><\/p><p data-start=\"0\" data-end=\"273\">La aceptaci\u00f3n de ResMi Pass puede variar entre aerol\u00edneas, hoteles, autoridades y otros terceros, y puede depender de las normas y los procedimientos locales.<\/p><p data-start=\"0\" data-end=\"273\">El Usuario es responsable de verificar, con antelaci\u00f3n, si ResMi Pass ser\u00e1 aceptado y si se aplica alguna documentaci\u00f3n, certificaci\u00f3n, verificaci\u00f3n u otros requisitos adicionales para el destino y\/o el alojamiento.<\/p><p data-start=\"0\" data-end=\"273\">La Empresa no se hace responsable de ning\u00fan resultado del viaje, incluidos retrasos, denegaciones, cancelaciones o decisiones tomadas por aerol\u00edneas, hoteles, autoridades u otros terceros.<\/p>\t\t\t\t\t\t\t\t<\/div>\n\t\t\t\t<div class=\"elementor-element elementor-element-77ab75c elementor-widget elementor-widget-text-editor\" data-id=\"77ab75c\" data-element_type=\"widget\" data-e-type=\"widget\" data-widget_type=\"text-editor.default\">\n\t\t\t\t\t\t\t\t\t<p data-start=\"0\" data-end=\"273\"><strong>5. Derecho de desistimiento y reembolsos<\/strong><br>El Usuario puede tener derecho de desistimiento en virtud de las leyes de protecci\u00f3n del consumidor aplicables. Sin embargo, una vez que ResMi Pass se ha enviado a la direcci\u00f3n de correo electr\u00f3nico proporcionada por el Usuario y\/o se ha puesto a disposici\u00f3n para su descarga, no se puede realizar un reembolso. <\/p>\t\t\t\t\t\t\t\t<\/div>\n\t\t\t\t<div class=\"elementor-element elementor-element-175662c elementor-widget elementor-widget-text-editor\" data-id=\"175662c\" data-element_type=\"widget\" data-e-type=\"widget\" data-widget_type=\"text-editor.default\">\n\t\t\t\t\t\t\t\t\t<p data-start=\"0\" data-end=\"273\"><strong>6. Correcciones y datos incorrectos<\/strong><br>ResMi Pass se genera a partir de la informaci\u00f3n introducida por el Usuario. Si el Usuario introduce informaci\u00f3n incorrecta, la Empresa no puede corregir el documento, ya que la Empresa no almacena los datos enviados para su posterior edici\u00f3n. <\/p><p data-start=\"0\" data-end=\"273\">Si se ha introducido informaci\u00f3n incorrecta, la Empresa puede ofrecer un cr\u00e9dito. En ciertos casos, la Empresa puede conceder un reembolso para que el Usuario pueda realizar un nuevo pedido. <\/p>\t\t\t\t\t\t\t\t<\/div>\n\t\t\t\t<div class=\"elementor-element elementor-element-5046f13 elementor-widget elementor-widget-text-editor\" data-id=\"5046f13\" data-element_type=\"widget\" data-e-type=\"widget\" data-widget_type=\"text-editor.default\">\n\t\t\t\t\t\t\t\t\t<p data-start=\"0\" data-end=\"273\"><strong>7. Responsabilidad del usuario y limitaci\u00f3n de responsabilidad<\/strong><br>El Usuario es responsable de garantizar que toda la informaci\u00f3n en ResMi Pass sea precisa y completa. El Usuario tambi\u00e9n es responsable de verificar las normas y los requisitos de documentaci\u00f3n que se aplican para el destino y cualquier proveedor de alojamiento pertinente. <\/p><p data-start=\"0\" data-end=\"273\">En la medida m\u00e1xima permitida por la ley, la Empresa no es responsable de ninguna p\u00e9rdida, da\u00f1o u otras consecuencias que surjan de que ResMi Pass no sea aceptado o no se conf\u00ede en \u00e9l por parte de terceros.<\/p>\t\t\t\t\t\t\t\t<\/div>\n\t\t\t\t<div class=\"elementor-element elementor-element-695f7bf elementor-widget elementor-widget-text-editor\" data-id=\"695f7bf\" data-element_type=\"widget\" data-e-type=\"widget\" data-widget_type=\"text-editor.default\">\n\t\t\t\t\t\t\t\t\t<p data-start=\"0\" data-end=\"273\"><strong>8. Protecci\u00f3n de datos<\/strong><br>La Empresa utiliza la informaci\u00f3n proporcionada por el Usuario \u00fanicamente para generar y entregar ResMi Pass. La informaci\u00f3n no se almacena despu\u00e9s de que el documento se haya generado y entregado, y no se comparte con terceros. <\/p>\t\t\t\t\t\t\t\t<\/div>\n\t\t\t\t<div class=\"elementor-element elementor-element-7aecaa1 elementor-widget elementor-widget-text-editor\" data-id=\"7aecaa1\" data-element_type=\"widget\" data-e-type=\"widget\" data-widget_type=\"text-editor.default\">\n\t\t\t\t\t\t\t\t\t<p data-start=\"0\" data-end=\"273\"><strong>9. Legislaci\u00f3n aplicable y litigios<\/strong><br>Estos T\u00e9rminos se rigen por la legislaci\u00f3n sueca. Cualquier litigio se resolver\u00e1 en virtud de la legislaci\u00f3n sueca. <\/p>\t\t\t\t\t\t\t\t<\/div>\n\t\t\t\t<div class=\"elementor-element elementor-element-a608cff elementor-widget elementor-widget-text-editor\" data-id=\"a608cff\" data-element_type=\"widget\" data-e-type=\"widget\" data-widget_type=\"text-editor.default\">\n\t\t\t\t\t\t\t\t\t<p data-start=\"0\" data-end=\"273\"><strong>10. Cambios en estos T\u00e9rminos<\/strong><br>La Empresa puede actualizar estos T\u00e9rminos de vez en cuando. La versi\u00f3n m\u00e1s reciente siempre estar\u00e1 disponible en ResMiPass.com. El Usuario es responsable de revisar los T\u00e9rminos tal como se actualizan y publican en l\u00ednea.  <\/p>\t\t\t\t\t\t\t\t<\/div>\n\t\t\t\t<div class=\"elementor-element elementor-element-e298483 elementor-widget elementor-widget-text-editor\" data-id=\"e298483\" data-element_type=\"widget\" data-e-type=\"widget\" data-widget_type=\"text-editor.default\">\n\t\t\t\t\t\t\t\t\t<p data-start=\"1168\" data-end=\"1329\" data-is-last-node=\"\" data-is-only-node=\"\">Nombre de la empresa: Svenska Utrikesgruppen AB<br data-start=\"1211\" data-end=\"1214\">N\u00famero de registro de la empresa: 5592102445<br data-start=\"1257\" data-end=\"1260\">Box 11053, 100 61 Estocolmo, Suecia<\/p>\t\t\t\t\t\t\t\t<\/div>\n\t\t\t\t<div class=\"elementor-element elementor-element-7da78bb elementor-widget elementor-widget-spacer\" data-id=\"7da78bb\" data-element_type=\"widget\" data-e-type=\"widget\" data-widget_type=\"spacer.default\">\n\t\t\t\t\t\t\t<div class=\"elementor-spacer\">\n\t\t\t<div class=\"elementor-spacer-inner\"><\/div>\n\t\t<\/div>\n\t\t\t\t\t\t<\/div>\n\t\t\t\t\t<\/div>\n\t\t<\/div>\n\t\t\t\t\t<\/div>\n\t\t<\/section>\n\t\t\t\t<\/div>\n\t\t","protected":false},"excerpt":{"rendered":"<p>ResMi Pass | T\u00e9rminos y condiciones Estos T\u00e9rminos y Condiciones (en adelante, \u201cT\u00e9rminos\u201d) se aplican a la compra y el uso de ResMi Pass, una declaraci\u00f3n de relaci\u00f3n para viajes internacionales destinada a confirmar la relaci\u00f3n de una pareja para fines de viaje y alojamiento. En estos T\u00e9rminos, \u201cla Empresa\u201d se refiere a ResMiPass.com, y [&hellip;]<\/p>\n","protected":false},"author":1,"featured_media":0,"parent":0,"menu_order":0,"comment_status":"closed","ping_status":"closed","template":"elementor_header_footer","meta":{"footnotes":""},"class_list":["post-845","page","type-page","status-publish","hentry"],"aioseo_notices":[],"_links":{"self":[{"href":"https:\/\/resmipass.com\/es\/wp-json\/wp\/v2\/pages\/845","targetHints":{"allow":["GET"]}}],"collection":[{"href":"https:\/\/resmipass.com\/es\/wp-json\/wp\/v2\/pages"}],"about":[{"href":"https:\/\/resmipass.com\/es\/wp-json\/wp\/v2\/types\/page"}],"author":[{"embeddable":true,"href":"https:\/\/resmipass.com\/es\/wp-json\/wp\/v2\/users\/1"}],"replies":[{"embeddable":true,"href":"https:\/\/resmipass.com\/es\/wp-json\/wp\/v2\/comments?post=845"}],"version-history":[{"count":1,"href":"https:\/\/resmipass.com\/es\/wp-json\/wp\/v2\/pages\/845\/revisions"}],"predecessor-version":[{"id":846,"href":"https:\/\/resmipass.com\/es\/wp-json\/wp\/v2\/pages\/845\/revisions\/846"}],"wp:attachment":[{"href":"https:\/\/resmipass.com\/es\/wp-json\/wp\/v2\/media?parent=845"}],"curies":[{"name":"wp","href":"https:\/\/api.w.org\/{rel}","templated":true}]}}