{"id":1273,"date":"2026-01-22T19:23:15","date_gmt":"2026-01-22T19:23:15","guid":{"rendered":"https:\/\/resmipass.com\/ota-yhteytta\/"},"modified":"2026-01-24T11:58:51","modified_gmt":"2026-01-24T11:58:51","slug":"ota-yhteytta","status":"publish","type":"page","link":"https:\/\/resmipass.com\/fi\/ota-yhteytta\/","title":{"rendered":"Ota yhteytt\u00e4"},"content":{"rendered":"\t\t<div data-elementor-type=\"wp-page\" data-elementor-id=\"1273\" class=\"elementor elementor-1273 elementor-349\" data-elementor-post-type=\"page\">\n\t\t\t\t\t\t<section class=\"elementor-section elementor-top-section elementor-element elementor-element-2bc5df9 elementor-section-boxed elementor-section-height-default elementor-section-height-default\" data-id=\"2bc5df9\" data-element_type=\"section\" data-e-type=\"section\" data-settings=\"{&quot;background_background&quot;:&quot;gradient&quot;}\">\n\t\t\t\t\t\t<div class=\"elementor-container elementor-column-gap-default\">\n\t\t\t\t\t<div class=\"elementor-column elementor-col-100 elementor-top-column elementor-element elementor-element-5ff3adc\" data-id=\"5ff3adc\" data-element_type=\"column\" data-e-type=\"column\">\n\t\t\t<div class=\"elementor-widget-wrap elementor-element-populated\">\n\t\t\t\t\t\t<div class=\"elementor-element elementor-element-653ae29 elementor-widget elementor-widget-text-editor\" data-id=\"653ae29\" data-element_type=\"widget\" data-e-type=\"widget\" data-widget_type=\"text-editor.default\">\n\t\t\t\t\t\t\t\t\t<p><strong>ResMi Pass<\/strong> | Ota meihin yhteytt\u00e4<\/p>\t\t\t\t\t\t\t\t<\/div>\n\t\t\t\t<div class=\"elementor-element elementor-element-9eba052 elementor-widget elementor-widget-text-editor\" data-id=\"9eba052\" data-element_type=\"widget\" data-e-type=\"widget\" data-widget_type=\"text-editor.default\">\n\t\t\t\t\t\t\t\t\t<p><strong>Apua ja tukea <\/strong><\/p><p>Jos sinulla on kysytt\u00e4v\u00e4\u00e4 ResMi Passista, tilauksestasi tai toimituksesta, ota meihin yhteytt\u00e4, niin autamme sinua.<\/p>\t\t\t\t\t\t\t\t<\/div>\n\t\t\t\t<div class=\"elementor-element elementor-element-77660c3 elementor-widget elementor-widget-text-editor\" data-id=\"77660c3\" data-element_type=\"widget\" data-e-type=\"widget\" data-widget_type=\"text-editor.default\">\n\t\t\t\t\t\t\t\t\t<p data-start=\"0\" data-end=\"273\"><strong>Pid\u00e4 n\u00e4m\u00e4 tiedot valmiina<\/strong><\/p><p data-start=\"0\" data-end=\"273\">Jos haluat ottaa meihin yhteytt\u00e4 ResMi Passiin liittyen, l\u00e4het\u00e4 meille s\u00e4hk\u00f6postia. Liit\u00e4 mukaan kaikki asiaankuuluvat tiedot, jotta voimme auttaa sinua tehokkaasti, kuten tilausnumerosi, nimesi, ostop\u00e4iv\u00e4m\u00e4\u00e4r\u00e4si ja lyhyt kuvaus pyynn\u00f6st\u00e4si. <\/p>\t\t\t\t\t\t\t\t<\/div>\n\t\t\t\t<div class=\"elementor-element elementor-element-f2fe4c9 elementor-widget elementor-widget-text-editor\" data-id=\"f2fe4c9\" data-element_type=\"widget\" data-e-type=\"widget\" data-widget_type=\"text-editor.default\">\n\t\t\t\t\t\t\t\t\t<p data-start=\"0\" data-end=\"273\"><strong>Yhteystiedot<\/strong><\/p><p data-start=\"0\" data-end=\"273\">S\u00e4hk\u00f6posti: info@resmipass.com<\/p><p data-start=\"0\" data-end=\"273\">Vastausaika: <strong>[24\u201348 tunnin kuluessa arkip\u00e4ivisin]<\/strong><\/p>\t\t\t\t\t\t\t\t<\/div>\n\t\t\t\t<div class=\"elementor-element elementor-element-9cd4152 elementor-widget elementor-widget-spacer\" data-id=\"9cd4152\" data-element_type=\"widget\" data-e-type=\"widget\" data-widget_type=\"spacer.default\">\n\t\t\t\t\t\t\t<div class=\"elementor-spacer\">\n\t\t\t<div class=\"elementor-spacer-inner\"><\/div>\n\t\t<\/div>\n\t\t\t\t\t\t<\/div>\n\t\t\t\t\t<\/div>\n\t\t<\/div>\n\t\t\t\t\t<\/div>\n\t\t<\/section>\n\t\t\t\t<\/div>\n\t\t","protected":false},"excerpt":{"rendered":"<p>ResMi Pass | Ota meihin yhteytt\u00e4 Apua ja tukea Jos sinulla on kysytt\u00e4v\u00e4\u00e4 ResMi Passista, tilauksestasi tai toimituksesta, ota meihin yhteytt\u00e4, niin autamme sinua. Pid\u00e4 n\u00e4m\u00e4 tiedot valmiina Jos haluat ottaa meihin yhteytt\u00e4 ResMi Passiin liittyen, l\u00e4het\u00e4 meille s\u00e4hk\u00f6postia. Liit\u00e4 mukaan kaikki asiaankuuluvat tiedot, jotta voimme auttaa sinua tehokkaasti, kuten tilausnumerosi, nimesi, ostop\u00e4iv\u00e4m\u00e4\u00e4r\u00e4si ja lyhyt [&hellip;]<\/p>\n","protected":false},"author":1,"featured_media":0,"parent":0,"menu_order":0,"comment_status":"closed","ping_status":"closed","template":"elementor_header_footer","meta":{"footnotes":""},"class_list":["post-1273","page","type-page","status-publish","hentry"],"aioseo_notices":[],"_links":{"self":[{"href":"https:\/\/resmipass.com\/fi\/wp-json\/wp\/v2\/pages\/1273","targetHints":{"allow":["GET"]}}],"collection":[{"href":"https:\/\/resmipass.com\/fi\/wp-json\/wp\/v2\/pages"}],"about":[{"href":"https:\/\/resmipass.com\/fi\/wp-json\/wp\/v2\/types\/page"}],"author":[{"embeddable":true,"href":"https:\/\/resmipass.com\/fi\/wp-json\/wp\/v2\/users\/1"}],"replies":[{"embeddable":true,"href":"https:\/\/resmipass.com\/fi\/wp-json\/wp\/v2\/comments?post=1273"}],"version-history":[{"count":1,"href":"https:\/\/resmipass.com\/fi\/wp-json\/wp\/v2\/pages\/1273\/revisions"}],"predecessor-version":[{"id":1274,"href":"https:\/\/resmipass.com\/fi\/wp-json\/wp\/v2\/pages\/1273\/revisions\/1274"}],"wp:attachment":[{"href":"https:\/\/resmipass.com\/fi\/wp-json\/wp\/v2\/media?parent=1273"}],"curies":[{"name":"wp","href":"https:\/\/api.w.org\/{rel}","templated":true}]}}