{"id":1278,"date":"2026-01-22T19:23:14","date_gmt":"2026-01-22T19:23:14","guid":{"rendered":"https:\/\/resmipass.com\/palautuskaytanto\/"},"modified":"2026-01-24T11:58:59","modified_gmt":"2026-01-24T11:58:59","slug":"palautuskaytanto","status":"publish","type":"page","link":"https:\/\/resmipass.com\/fi\/palautuskaytanto\/","title":{"rendered":"Palautusk\u00e4yt\u00e4nt\u00f6"},"content":{"rendered":"\t\t<div data-elementor-type=\"wp-page\" data-elementor-id=\"1278\" class=\"elementor elementor-1278 elementor-348\" data-elementor-post-type=\"page\">\n\t\t\t\t\t\t<section class=\"elementor-section elementor-top-section elementor-element elementor-element-540aab0 elementor-section-boxed elementor-section-height-default elementor-section-height-default\" data-id=\"540aab0\" data-element_type=\"section\" data-e-type=\"section\" data-settings=\"{&quot;background_background&quot;:&quot;gradient&quot;}\">\n\t\t\t\t\t\t<div class=\"elementor-container elementor-column-gap-default\">\n\t\t\t\t\t<div class=\"elementor-column elementor-col-100 elementor-top-column elementor-element elementor-element-64f7dfa\" data-id=\"64f7dfa\" data-element_type=\"column\" data-e-type=\"column\">\n\t\t\t<div class=\"elementor-widget-wrap elementor-element-populated\">\n\t\t\t\t\t\t<div class=\"elementor-element elementor-element-f1ce563 elementor-widget elementor-widget-text-editor\" data-id=\"f1ce563\" data-element_type=\"widget\" data-e-type=\"widget\" data-widget_type=\"text-editor.default\">\n\t\t\t\t\t\t\t\t\t<p><strong>ResMi Pass<\/strong> | Hyvitysk\u00e4yt\u00e4nt\u00f6<\/p>\t\t\t\t\t\t\t\t<\/div>\n\t\t\t\t<div class=\"elementor-element elementor-element-5ef2c25 elementor-widget elementor-widget-text-editor\" data-id=\"5ef2c25\" data-element_type=\"widget\" data-e-type=\"widget\" data-widget_type=\"text-editor.default\">\n\t\t\t\t\t\t\t\t\t<p data-start=\"0\" data-end=\"273\">Hyvityksi\u00e4 ei my\u00f6nnet\u00e4, kun ResMi Pass on luotu ja l\u00e4hetetty K\u00e4ytt\u00e4j\u00e4n antamaan s\u00e4hk\u00f6postiosoitteeseen ja\/tai asetettu ladattavaksi. Poikkeustapauksissa voimme tarkastella pyynt\u00f6\u00e4nne ja harkintamme mukaan my\u00f6nt\u00e4\u00e4 hyvityksen. Ottakaa meihin yhteytt\u00e4, jos tarvitsette apua.  <\/p>\t\t\t\t\t\t\t\t<\/div>\n\t\t\t\t<div class=\"elementor-element elementor-element-0b33c14 elementor-widget elementor-widget-spacer\" data-id=\"0b33c14\" data-element_type=\"widget\" data-e-type=\"widget\" data-widget_type=\"spacer.default\">\n\t\t\t\t\t\t\t<div class=\"elementor-spacer\">\n\t\t\t<div class=\"elementor-spacer-inner\"><\/div>\n\t\t<\/div>\n\t\t\t\t\t\t<\/div>\n\t\t\t\t\t<\/div>\n\t\t<\/div>\n\t\t\t\t\t<\/div>\n\t\t<\/section>\n\t\t\t\t<\/div>\n\t\t","protected":false},"excerpt":{"rendered":"<p>ResMi Pass | Hyvitysk\u00e4yt\u00e4nt\u00f6 Hyvityksi\u00e4 ei my\u00f6nnet\u00e4, kun ResMi Pass on luotu ja l\u00e4hetetty K\u00e4ytt\u00e4j\u00e4n antamaan s\u00e4hk\u00f6postiosoitteeseen ja\/tai asetettu ladattavaksi. Poikkeustapauksissa voimme tarkastella pyynt\u00f6\u00e4nne ja harkintamme mukaan my\u00f6nt\u00e4\u00e4 hyvityksen. Ottakaa meihin yhteytt\u00e4, jos tarvitsette apua.<\/p>\n","protected":false},"author":1,"featured_media":0,"parent":0,"menu_order":0,"comment_status":"closed","ping_status":"closed","template":"elementor_header_footer","meta":{"footnotes":""},"class_list":["post-1278","page","type-page","status-publish","hentry"],"aioseo_notices":[],"_links":{"self":[{"href":"https:\/\/resmipass.com\/fi\/wp-json\/wp\/v2\/pages\/1278","targetHints":{"allow":["GET"]}}],"collection":[{"href":"https:\/\/resmipass.com\/fi\/wp-json\/wp\/v2\/pages"}],"about":[{"href":"https:\/\/resmipass.com\/fi\/wp-json\/wp\/v2\/types\/page"}],"author":[{"embeddable":true,"href":"https:\/\/resmipass.com\/fi\/wp-json\/wp\/v2\/users\/1"}],"replies":[{"embeddable":true,"href":"https:\/\/resmipass.com\/fi\/wp-json\/wp\/v2\/comments?post=1278"}],"version-history":[{"count":1,"href":"https:\/\/resmipass.com\/fi\/wp-json\/wp\/v2\/pages\/1278\/revisions"}],"predecessor-version":[{"id":1279,"href":"https:\/\/resmipass.com\/fi\/wp-json\/wp\/v2\/pages\/1278\/revisions\/1279"}],"wp:attachment":[{"href":"https:\/\/resmipass.com\/fi\/wp-json\/wp\/v2\/media?parent=1278"}],"curies":[{"name":"wp","href":"https:\/\/api.w.org\/{rel}","templated":true}]}}