{"id":1329,"date":"2026-01-22T19:23:12","date_gmt":"2026-01-22T19:23:12","guid":{"rendered":"https:\/\/resmipass.com\/tietosuojakaytanto\/"},"modified":"2026-01-24T12:12:51","modified_gmt":"2026-01-24T12:12:51","slug":"tietosuojakaytanto","status":"publish","type":"page","link":"https:\/\/resmipass.com\/fi\/tietosuojakaytanto\/","title":{"rendered":"Tietosuojak\u00e4yt\u00e4nt\u00f6"},"content":{"rendered":"\t\t<div data-elementor-type=\"wp-page\" data-elementor-id=\"1329\" class=\"elementor elementor-1329 elementor-346\" data-elementor-post-type=\"page\">\n\t\t\t\t\t\t<section class=\"elementor-section elementor-top-section elementor-element elementor-element-2f47e3c elementor-section-boxed elementor-section-height-default elementor-section-height-default\" data-id=\"2f47e3c\" data-element_type=\"section\" data-e-type=\"section\" data-settings=\"{&quot;background_background&quot;:&quot;gradient&quot;}\">\n\t\t\t\t\t\t<div class=\"elementor-container elementor-column-gap-default\">\n\t\t\t\t\t<div class=\"elementor-column elementor-col-100 elementor-top-column elementor-element elementor-element-879c809\" data-id=\"879c809\" data-element_type=\"column\" data-e-type=\"column\">\n\t\t\t<div class=\"elementor-widget-wrap elementor-element-populated\">\n\t\t\t\t\t\t<div class=\"elementor-element elementor-element-3946d63 elementor-widget elementor-widget-text-editor\" data-id=\"3946d63\" data-element_type=\"widget\" data-e-type=\"widget\" data-widget_type=\"text-editor.default\">\n\t\t\t\t\t\t\t\t\t<p><strong>ResMi Pass<\/strong> | Tietosuojak\u00e4yt\u00e4nt\u00f6<\/p>\t\t\t\t\t\t\t\t<\/div>\n\t\t\t\t<div class=\"elementor-element elementor-element-9db1ee7 elementor-widget elementor-widget-text-editor\" data-id=\"9db1ee7\" data-element_type=\"widget\" data-e-type=\"widget\" data-widget_type=\"text-editor.default\">\n\t\t\t\t\t\t\t\t\t<p>1. Keit\u00e4 olemme<\/p><p>T\u00e4m\u00e4 tietosuojak\u00e4yt\u00e4nt\u00f6 selitt\u00e4\u00e4, miten ResMiPass.com (\u201dYhti\u00f6\u201d, \u201dme\u201d, \u201dmeid\u00e4n\u201d) k\u00e4sittelee henkil\u00f6tietoja ResMi Pass -palvelun yhteydess\u00e4. Jos sinulla on kysytt\u00e4v\u00e4\u00e4, voit ottaa meihin yhteytt\u00e4 osoitteeseen [support email]. <\/p>\t\t\t\t\t\t\t\t<\/div>\n\t\t\t\t<div class=\"elementor-element elementor-element-9a55698 elementor-widget elementor-widget-text-editor\" data-id=\"9a55698\" data-element_type=\"widget\" data-e-type=\"widget\" data-widget_type=\"text-editor.default\">\n\t\t\t\t\t\t\t\t\t<p>2. Mit\u00e4 henkil\u00f6tietoja ker\u00e4\u00e4mme<\/p><p>Kun teet tilauksen, annat tietoja, joita tarvitaan ResMi Pass -asiakirjan luomiseen. T\u00e4m\u00e4 voi sis\u00e4lt\u00e4\u00e4, riippuen siit\u00e4, mit\u00e4 sy\u00f6t\u00e4t lomakkeeseen: <\/p><ul><li>etu- ja sukunimi<\/li><li>syntym\u00e4aika<\/li><li>kansallisuus\/kansalaisuus<\/li><li>passin numero tai kansallinen henkil\u00f6tunnus<\/li><li>osoite<\/li><li>s\u00e4hk\u00f6postiosoite ja puhelinnumero<\/li><li>parisuhdetiedot (esim. siviilis\u00e4\u00e4ty, suhteen alkamisp\u00e4iv\u00e4)<\/li><li>matkatiedot (esim. kohde\/kohteet, matkap\u00e4iv\u00e4t)<\/li><\/ul>\t\t\t\t\t\t\t\t<\/div>\n\t\t\t\t<div class=\"elementor-element elementor-element-4387d9e elementor-widget elementor-widget-text-editor\" data-id=\"4387d9e\" data-element_type=\"widget\" data-e-type=\"widget\" data-widget_type=\"text-editor.default\">\n\t\t\t\t\t\t\t\t\t<p>3. Miksi k\u00e4yt\u00e4mme tietojasi<\/p><p>K\u00e4yt\u00e4mme antamiasi tietoja ainoastaan seuraaviin tarkoituksiin:<\/p><ul><li>luoda ResMi Pass -asiakirjan antamiesi tietojen perusteella; ja<\/li><li>toimittaa asiakirjan antamaasi s\u00e4hk\u00f6postiosoitteeseen (ja\/tai asettaa sen saataville suoraa latausta varten).<\/li><\/ul>\t\t\t\t\t\t\t\t<\/div>\n\t\t\t\t<div class=\"elementor-element elementor-element-fc6b013 elementor-widget elementor-widget-text-editor\" data-id=\"fc6b013\" data-element_type=\"widget\" data-e-type=\"widget\" data-widget_type=\"text-editor.default\">\n\t\t\t\t\t\t\t\t\t<p>4. K\u00e4sittelyn oikeusperusta<\/p><p>K\u00e4sittelemme henkil\u00f6tietojasi luodaksemme ja toimittaaksemme ResMi Passin antamiesi tietojen perusteella. Tarvittaessa voimme k\u00e4sitell\u00e4 my\u00f6s rajallisia tietoja noudattaaksemme lakis\u00e4\u00e4teisi\u00e4 velvoitteita (esimerkiksi kirjanpitovaatimuksia). <\/p>\t\t\t\t\t\t\t\t<\/div>\n\t\t\t\t<div class=\"elementor-element elementor-element-530e4a8 elementor-widget elementor-widget-text-editor\" data-id=\"530e4a8\" data-element_type=\"widget\" data-e-type=\"widget\" data-widget_type=\"text-editor.default\">\n\t\t\t\t\t\t\t\t\t<p>5. S\u00e4ilytys ja s\u00e4ilytysaika<\/p><p>Yhti\u00f6 ei tallenna lomakkeen tietoja my\u00f6hemp\u00e4\u00e4 muokkausta varten. Antamiasi tietoja k\u00e4ytet\u00e4\u00e4n asiakirjan luomiseen ja toimittamiseen, eik\u00e4 niit\u00e4 s\u00e4ilytet\u00e4 toimituksen j\u00e4lkeen, paitsi jos meid\u00e4n on s\u00e4ilytett\u00e4v\u00e4 rajallisia tietoja lakis\u00e4\u00e4teisi\u00e4, kirjanpidollisia tai maksutietojen tallentamiseen liittyvi\u00e4 tarkoituksia varten. <\/p>\t\t\t\t\t\t\t\t<\/div>\n\t\t\t\t<div class=\"elementor-element elementor-element-a93a603 elementor-widget elementor-widget-text-editor\" data-id=\"a93a603\" data-element_type=\"widget\" data-e-type=\"widget\" data-widget_type=\"text-editor.default\">\n\t\t\t\t\t\t\t\t\t<p>6. Henkil\u00f6tietojen jakaminen<\/p><p>Emme myy tai jaa henkil\u00f6tietojasi markkinointitarkoituksiin. Emme jaa ResMi Passissasi olevia henkil\u00f6tietoja kolmansille osapuolille. <\/p>\t\t\t\t\t\t\t\t<\/div>\n\t\t\t\t<div class=\"elementor-element elementor-element-6e76c45 elementor-widget elementor-widget-text-editor\" data-id=\"6e76c45\" data-element_type=\"widget\" data-e-type=\"widget\" data-widget_type=\"text-editor.default\">\n\t\t\t\t\t\t\t\t\t<p>8. Ev\u00e4steet<\/p><p>Verkkosivustomme k\u00e4ytt\u00e4\u00e4 ev\u00e4steit\u00e4. Lis\u00e4tietoja saat ev\u00e4stek\u00e4yt\u00e4nn\u00f6st\u00e4mme. <\/p>\t\t\t\t\t\t\t\t<\/div>\n\t\t\t\t<div class=\"elementor-element elementor-element-b58c759 elementor-widget elementor-widget-text-editor\" data-id=\"b58c759\" data-element_type=\"widget\" data-e-type=\"widget\" data-widget_type=\"text-editor.default\">\n\t\t\t\t\t\t\t\t\t<p>9. Muutokset t\u00e4h\u00e4n tietosuojak\u00e4yt\u00e4nt\u00f6\u00f6n<\/p><p>Voimme p\u00e4ivitt\u00e4\u00e4 t\u00e4t\u00e4 tietosuojak\u00e4yt\u00e4nt\u00f6\u00e4 ajoittain. Uusin versio on aina saatavilla osoitteessa ResMiPass.com. <\/p>\t\t\t\t\t\t\t\t<\/div>\n\t\t\t\t<div class=\"elementor-element elementor-element-9cdb051 elementor-widget elementor-widget-spacer\" data-id=\"9cdb051\" data-element_type=\"widget\" data-e-type=\"widget\" data-widget_type=\"spacer.default\">\n\t\t\t\t\t\t\t<div class=\"elementor-spacer\">\n\t\t\t<div class=\"elementor-spacer-inner\"><\/div>\n\t\t<\/div>\n\t\t\t\t\t\t<\/div>\n\t\t\t\t\t<\/div>\n\t\t<\/div>\n\t\t\t\t\t<\/div>\n\t\t<\/section>\n\t\t\t\t<\/div>\n\t\t","protected":false},"excerpt":{"rendered":"<p>ResMi Pass | Tietosuojak\u00e4yt\u00e4nt\u00f6 1. Keit\u00e4 olemme T\u00e4m\u00e4 tietosuojak\u00e4yt\u00e4nt\u00f6 selitt\u00e4\u00e4, miten ResMiPass.com (\u201dYhti\u00f6\u201d, \u201dme\u201d, \u201dmeid\u00e4n\u201d) k\u00e4sittelee henkil\u00f6tietoja ResMi Pass -palvelun yhteydess\u00e4. Jos sinulla on kysytt\u00e4v\u00e4\u00e4, voit ottaa meihin yhteytt\u00e4 osoitteeseen [support email]. 2. Mit\u00e4 henkil\u00f6tietoja ker\u00e4\u00e4mme Kun teet tilauksen, annat tietoja, joita tarvitaan ResMi Pass -asiakirjan luomiseen. T\u00e4m\u00e4 voi sis\u00e4lt\u00e4\u00e4, riippuen siit\u00e4, mit\u00e4 sy\u00f6t\u00e4t lomakkeeseen: [&hellip;]<\/p>\n","protected":false},"author":1,"featured_media":0,"parent":0,"menu_order":0,"comment_status":"closed","ping_status":"closed","template":"elementor_header_footer","meta":{"footnotes":""},"class_list":["post-1329","page","type-page","status-publish","hentry"],"aioseo_notices":[],"_links":{"self":[{"href":"https:\/\/resmipass.com\/fi\/wp-json\/wp\/v2\/pages\/1329","targetHints":{"allow":["GET"]}}],"collection":[{"href":"https:\/\/resmipass.com\/fi\/wp-json\/wp\/v2\/pages"}],"about":[{"href":"https:\/\/resmipass.com\/fi\/wp-json\/wp\/v2\/types\/page"}],"author":[{"embeddable":true,"href":"https:\/\/resmipass.com\/fi\/wp-json\/wp\/v2\/users\/1"}],"replies":[{"embeddable":true,"href":"https:\/\/resmipass.com\/fi\/wp-json\/wp\/v2\/comments?post=1329"}],"version-history":[{"count":1,"href":"https:\/\/resmipass.com\/fi\/wp-json\/wp\/v2\/pages\/1329\/revisions"}],"predecessor-version":[{"id":1330,"href":"https:\/\/resmipass.com\/fi\/wp-json\/wp\/v2\/pages\/1329\/revisions\/1330"}],"wp:attachment":[{"href":"https:\/\/resmipass.com\/fi\/wp-json\/wp\/v2\/media?parent=1329"}],"curies":[{"name":"wp","href":"https:\/\/api.w.org\/{rel}","templated":true}]}}