{"id":1331,"date":"2026-01-22T19:23:13","date_gmt":"2026-01-22T19:23:13","guid":{"rendered":"https:\/\/resmipass.com\/evastekaytanto\/"},"modified":"2026-01-24T12:12:51","modified_gmt":"2026-01-24T12:12:51","slug":"evastekaytanto","status":"publish","type":"page","link":"https:\/\/resmipass.com\/fi\/evastekaytanto\/","title":{"rendered":"Ev\u00e4stek\u00e4yt\u00e4nt\u00f6"},"content":{"rendered":"\t\t<div data-elementor-type=\"wp-page\" data-elementor-id=\"1331\" class=\"elementor elementor-1331 elementor-347\" data-elementor-post-type=\"page\">\n\t\t\t\t\t\t<section class=\"elementor-section elementor-top-section elementor-element elementor-element-9d4739a elementor-section-boxed elementor-section-height-default elementor-section-height-default\" data-id=\"9d4739a\" data-element_type=\"section\" data-e-type=\"section\" data-settings=\"{&quot;background_background&quot;:&quot;gradient&quot;}\">\n\t\t\t\t\t\t<div class=\"elementor-container elementor-column-gap-default\">\n\t\t\t\t\t<div class=\"elementor-column elementor-col-100 elementor-top-column elementor-element elementor-element-0bf3dcd\" data-id=\"0bf3dcd\" data-element_type=\"column\" data-e-type=\"column\">\n\t\t\t<div class=\"elementor-widget-wrap elementor-element-populated\">\n\t\t\t\t\t\t<div class=\"elementor-element elementor-element-d235994 elementor-widget elementor-widget-text-editor\" data-id=\"d235994\" data-element_type=\"widget\" data-e-type=\"widget\" data-widget_type=\"text-editor.default\">\n\t\t\t\t\t\t\t\t\t<p><strong>ResMi Pass<\/strong> | Ev\u00e4stek\u00e4yt\u00e4nt\u00f6<\/p>\t\t\t\t\t\t\t\t<\/div>\n\t\t\t\t<div class=\"elementor-element elementor-element-408c72d elementor-widget elementor-widget-text-editor\" data-id=\"408c72d\" data-element_type=\"widget\" data-e-type=\"widget\" data-widget_type=\"text-editor.default\">\n\t\t\t\t\t\t\t\t\t<p data-start=\"0\" data-end=\"273\">ResMi Pass k\u00e4ytt\u00e4\u00e4 vain v\u00e4ltt\u00e4m\u00e4tt\u00f6mi\u00e4 ev\u00e4steit\u00e4, jotka ovat tarpeen verkkosivuston moitteettoman toiminnan kannalta. Ev\u00e4steet ovat pieni\u00e4 laitteellesi tallennettuja tekstitiedostoja, jotka auttavat varmistamaan perustoiminnot ja vakaan k\u00e4ytt\u00f6kokemuksen. Voit est\u00e4\u00e4 tai poistaa ev\u00e4steet milloin tahansa selaimesi asetuksista, mutta huomaathan, ett\u00e4 jotkin verkkosivuston osat eiv\u00e4t v\u00e4ltt\u00e4m\u00e4tt\u00e4 toimi tarkoitetulla tavalla, jos teet niin.  <\/p>\t\t\t\t\t\t\t\t<\/div>\n\t\t\t\t<div class=\"elementor-element elementor-element-6986bd4 elementor-widget elementor-widget-text-editor\" data-id=\"6986bd4\" data-element_type=\"widget\" data-e-type=\"widget\" data-widget_type=\"text-editor.default\">\n\t\t\t\t\t\t\t\t\t<p data-start=\"0\" data-end=\"273\"><strong>Ev\u00e4stek\u00e4yt\u00e4nt\u00f6<\/strong><\/p><p data-start=\"0\" data-end=\"273\">T\u00e4m\u00e4 ev\u00e4stek\u00e4yt\u00e4nt\u00f6 selitt\u00e4\u00e4, miten verkkosivustomme (\u201dme\u201d, \u201dmeit\u00e4\u201d, \u201dmeid\u00e4n\u201d) k\u00e4ytt\u00e4\u00e4 ev\u00e4steit\u00e4 ja vastaavia teknologioita parantaakseen k\u00e4ytt\u00f6kokemustasi verkkosivustollamme. K\u00e4ytt\u00e4m\u00e4ll\u00e4 verkkosivustoamme hyv\u00e4ksyt ev\u00e4steiden k\u00e4yt\u00f6n t\u00e4m\u00e4n k\u00e4yt\u00e4nn\u00f6n mukaisesti. <\/p>\t\t\t\t\t\t\t\t<\/div>\n\t\t\t\t<div class=\"elementor-element elementor-element-a827c98 elementor-widget elementor-widget-text-editor\" data-id=\"a827c98\" data-element_type=\"widget\" data-e-type=\"widget\" data-widget_type=\"text-editor.default\">\n\t\t\t\t\t\t\t\t\t<p data-start=\"0\" data-end=\"273\">Mit\u00e4 ev\u00e4steet ovat? Ev\u00e4steet ovat pieni\u00e4 tekstitiedostoja, jotka tallennetaan laitteellesi (tietokone, tabletti tai matkapuhelin), kun vierailet verkkosivustolla. Ev\u00e4steet auttavat verkkosivustoja toimimaan tehokkaammin ja tarjoavat tietoa verkkosivuston omistajalle.  <\/p>\t\t\t\t\t\t\t\t<\/div>\n\t\t\t\t<div class=\"elementor-element elementor-element-c2082ce elementor-widget elementor-widget-text-editor\" data-id=\"c2082ce\" data-element_type=\"widget\" data-e-type=\"widget\" data-widget_type=\"text-editor.default\">\n\t\t\t\t\t\t\t\t\t<p><strong>K\u00e4ytt\u00e4m\u00e4mme ev\u00e4stetyypit<\/strong><\/p><p>V\u00e4ltt\u00e4m\u00e4tt\u00f6m\u00e4t ev\u00e4steet ovat olennaisia verkkosivuston perustoiminnoille, eik\u00e4 verkkosivusto toimi kunnolla ilman niit\u00e4. N\u00e4m\u00e4 ev\u00e4steet eiv\u00e4t tallenna mit\u00e4\u00e4n henkil\u00f6kohtaisesti tunnistettavia tietoja. <\/p><p>Toiminnalliset ev\u00e4steet auttavat suorittamaan tiettyj\u00e4 toimintoja, kuten verkkosivuston sis\u00e4ll\u00f6n jakamista sosiaalisen median alustoilla, palautteen ker\u00e4\u00e4mist\u00e4 ja muiden kolmannen osapuolen ominaisuuksien mahdollistamista.<\/p><p>Analytiikkaev\u00e4steit\u00e4 k\u00e4ytet\u00e4\u00e4n ymm\u00e4rt\u00e4m\u00e4\u00e4n, miten k\u00e4vij\u00e4t ovat vuorovaikutuksessa verkkosivuston kanssa. N\u00e4m\u00e4 ev\u00e4steet auttavat tarjoamaan tietoa, kuten mittareita, k\u00e4vij\u00e4m\u00e4\u00e4r\u00e4\u00e4, poistumisprosenttia, liikenteen l\u00e4hdett\u00e4 ja vastaavia tietoja. <\/p><p>Suorituskykyev\u00e4steit\u00e4 k\u00e4ytet\u00e4\u00e4n ymm\u00e4rt\u00e4m\u00e4\u00e4n ja analysoimaan verkkosivuston keskeisi\u00e4 suorituskykyindikaattoreita, mik\u00e4 auttaa meit\u00e4 tarjoamaan paremman k\u00e4ytt\u00f6kokemuksen vierailijoille.<\/p><p>Mainosev\u00e4steit\u00e4 k\u00e4ytet\u00e4\u00e4n toimittamaan r\u00e4\u00e4t\u00e4l\u00f6ityj\u00e4 mainoksia aiemmin vierailemiesi sivujen perusteella ja analysoimaan mainoskampanjoiden tehokkuutta.<\/p>\t\t\t\t\t\t\t\t<\/div>\n\t\t\t\t<div class=\"elementor-element elementor-element-1106d2b elementor-widget elementor-widget-text-editor\" data-id=\"1106d2b\" data-element_type=\"widget\" data-e-type=\"widget\" data-widget_type=\"text-editor.default\">\n\t\t\t\t\t\t\t\t\t<p data-start=\"0\" data-end=\"273\"><strong>Miten k\u00e4yt\u00e4mme ev\u00e4steit\u00e4<\/strong><\/p><p>K\u00e4yt\u00e4mme ev\u00e4steit\u00e4:<\/p><p>muistaaksemme asetuksesi ja mieltymyksesi;<\/p><p>ymm\u00e4rt\u00e4\u00e4ksemme, miten k\u00e4yt\u00e4t verkkosivustoamme ja parantaaksemme k\u00e4ytt\u00f6kokemustasi;<\/p><p>tarjotaksemme relevanttia markkinointia ja mainontaa.<\/p>\t\t\t\t\t\t\t\t<\/div>\n\t\t\t\t<div class=\"elementor-element elementor-element-1bc8240 elementor-widget elementor-widget-text-editor\" data-id=\"1bc8240\" data-element_type=\"widget\" data-e-type=\"widget\" data-widget_type=\"text-editor.default\">\n\t\t\t\t\t\t\t\t\t<p data-start=\"0\" data-end=\"273\"><strong>Ev\u00e4steiden hallinta<\/strong><\/p><p data-start=\"0\" data-end=\"273\">Voit hallita ja\/tai poistaa ev\u00e4steit\u00e4 haluamallasi tavalla. Voit poistaa kaikki tietokoneellasi jo olevat ev\u00e4steet ja asettaa useimmat selaimet est\u00e4m\u00e4\u00e4n ev\u00e4steiden asettamisen. Jos teet n\u00e4in, sinun on kuitenkin ehk\u00e4 s\u00e4\u00e4dett\u00e4v\u00e4 joitakin asetuksia manuaalisesti joka kerta, kun vierailet verkkosivustolla, eiv\u00e4tk\u00e4 jotkin palvelut ja ominaisuudet v\u00e4ltt\u00e4m\u00e4tt\u00e4 toimi.  <\/p>\t\t\t\t\t\t\t\t<\/div>\n\t\t\t\t<div class=\"elementor-element elementor-element-fcf226c elementor-widget elementor-widget-text-editor\" data-id=\"fcf226c\" data-element_type=\"widget\" data-e-type=\"widget\" data-widget_type=\"text-editor.default\">\n\t\t\t\t\t\t\t\t\t<p data-start=\"0\" data-end=\"273\"><strong>Kolmannen osapuolen ev\u00e4steet<\/strong><\/p><p data-start=\"0\" data-end=\"273\">Saatamme k\u00e4ytt\u00e4\u00e4 my\u00f6s luotettujen kumppaneiden tarjoamia kolmannen osapuolen ev\u00e4steit\u00e4 tarjotaksemme r\u00e4\u00e4t\u00e4l\u00f6itympi\u00e4 palveluita ja mainontaa. N\u00e4it\u00e4 ev\u00e4steit\u00e4 s\u00e4\u00e4telev\u00e4t kyseisten kolmansien osapuolten omat tietosuojak\u00e4yt\u00e4nn\u00f6t. <\/p>\t\t\t\t\t\t\t\t<\/div>\n\t\t\t\t<div class=\"elementor-element elementor-element-7491e9a elementor-widget elementor-widget-text-editor\" data-id=\"7491e9a\" data-element_type=\"widget\" data-e-type=\"widget\" data-widget_type=\"text-editor.default\">\n\t\t\t\t\t\t\t\t\t<p data-start=\"0\" data-end=\"273\"><strong>Muutokset t\u00e4h\u00e4n ev\u00e4steeseen<\/strong><\/p><p data-start=\"0\" data-end=\"273\">K\u00e4yt\u00e4nt\u00f6 Saatamme p\u00e4ivitt\u00e4\u00e4 t\u00e4t\u00e4 ev\u00e4stek\u00e4yt\u00e4nt\u00f6\u00e4 ajoittain vastaamaan muutoksia ev\u00e4steiden k\u00e4yt\u00f6ss\u00e4mme tai muista toiminnallisista, oikeudellisista tai s\u00e4\u00e4ntelyyn liittyvist\u00e4 syist\u00e4. Suosittelemme tarkistamaan t\u00e4m\u00e4n sivun s\u00e4\u00e4nn\u00f6llisesti saadaksesi uusimmat tiedot ev\u00e4steiden k\u00e4yt\u00f6st\u00e4mme. <\/p>\t\t\t\t\t\t\t\t<\/div>\n\t\t\t\t<div class=\"elementor-element elementor-element-d1900a6 elementor-widget elementor-widget-text-editor\" data-id=\"d1900a6\" data-element_type=\"widget\" data-e-type=\"widget\" data-widget_type=\"text-editor.default\">\n\t\t\t\t\t\t\t\t\t<p data-start=\"0\" data-end=\"273\"><strong>Miten t\u00e4m\u00e4 ev\u00e4stek\u00e4yt\u00e4nt\u00f6 on laadittu<\/strong><\/p><p data-start=\"0\" data-end=\"273\">T\u00e4m\u00e4 ev\u00e4stek\u00e4yt\u00e4nt\u00f6 on laadittu varmistamaan avoimuus ja sovellettavien tietosuojas\u00e4\u00e4nn\u00f6sten noudattaminen.<\/p>\t\t\t\t\t\t\t\t<\/div>\n\t\t\t\t<div class=\"elementor-element elementor-element-a4b9789 elementor-widget elementor-widget-spacer\" data-id=\"a4b9789\" data-element_type=\"widget\" data-e-type=\"widget\" data-widget_type=\"spacer.default\">\n\t\t\t\t\t\t\t<div class=\"elementor-spacer\">\n\t\t\t<div class=\"elementor-spacer-inner\"><\/div>\n\t\t<\/div>\n\t\t\t\t\t\t<\/div>\n\t\t\t\t\t<\/div>\n\t\t<\/div>\n\t\t\t\t\t<\/div>\n\t\t<\/section>\n\t\t\t\t<\/div>\n\t\t","protected":false},"excerpt":{"rendered":"<p>ResMi Pass | Ev\u00e4stek\u00e4yt\u00e4nt\u00f6 ResMi Pass k\u00e4ytt\u00e4\u00e4 vain v\u00e4ltt\u00e4m\u00e4tt\u00f6mi\u00e4 ev\u00e4steit\u00e4, jotka ovat tarpeen verkkosivuston moitteettoman toiminnan kannalta. Ev\u00e4steet ovat pieni\u00e4 laitteellesi tallennettuja tekstitiedostoja, jotka auttavat varmistamaan perustoiminnot ja vakaan k\u00e4ytt\u00f6kokemuksen. Voit est\u00e4\u00e4 tai poistaa ev\u00e4steet milloin tahansa selaimesi asetuksista, mutta huomaathan, ett\u00e4 jotkin verkkosivuston osat eiv\u00e4t v\u00e4ltt\u00e4m\u00e4tt\u00e4 toimi tarkoitetulla tavalla, jos teet niin. Ev\u00e4stek\u00e4yt\u00e4nt\u00f6 T\u00e4m\u00e4 [&hellip;]<\/p>\n","protected":false},"author":1,"featured_media":0,"parent":0,"menu_order":0,"comment_status":"closed","ping_status":"closed","template":"elementor_header_footer","meta":{"footnotes":""},"class_list":["post-1331","page","type-page","status-publish","hentry"],"aioseo_notices":[],"_links":{"self":[{"href":"https:\/\/resmipass.com\/fi\/wp-json\/wp\/v2\/pages\/1331","targetHints":{"allow":["GET"]}}],"collection":[{"href":"https:\/\/resmipass.com\/fi\/wp-json\/wp\/v2\/pages"}],"about":[{"href":"https:\/\/resmipass.com\/fi\/wp-json\/wp\/v2\/types\/page"}],"author":[{"embeddable":true,"href":"https:\/\/resmipass.com\/fi\/wp-json\/wp\/v2\/users\/1"}],"replies":[{"embeddable":true,"href":"https:\/\/resmipass.com\/fi\/wp-json\/wp\/v2\/comments?post=1331"}],"version-history":[{"count":1,"href":"https:\/\/resmipass.com\/fi\/wp-json\/wp\/v2\/pages\/1331\/revisions"}],"predecessor-version":[{"id":1332,"href":"https:\/\/resmipass.com\/fi\/wp-json\/wp\/v2\/pages\/1331\/revisions\/1332"}],"wp:attachment":[{"href":"https:\/\/resmipass.com\/fi\/wp-json\/wp\/v2\/media?parent=1331"}],"curies":[{"name":"wp","href":"https:\/\/api.w.org\/{rel}","templated":true}]}}