{"id":1354,"date":"2026-01-22T19:23:16","date_gmt":"2026-01-22T19:23:16","guid":{"rendered":"https:\/\/resmipass.com\/lue-lisaa-meista\/"},"modified":"2026-01-24T12:12:54","modified_gmt":"2026-01-24T12:12:54","slug":"lue-lisaa-meista","status":"publish","type":"page","link":"https:\/\/resmipass.com\/fi\/lue-lisaa-meista\/","title":{"rendered":"Lue lis\u00e4\u00e4 meist\u00e4"},"content":{"rendered":"\t\t<div data-elementor-type=\"wp-page\" data-elementor-id=\"1354\" class=\"elementor elementor-1354 elementor-350\" data-elementor-post-type=\"page\">\n\t\t\t\t\t\t<section class=\"elementor-section elementor-top-section elementor-element elementor-element-8520e7e elementor-section-boxed elementor-section-height-default elementor-section-height-default\" data-id=\"8520e7e\" data-element_type=\"section\" data-e-type=\"section\" data-settings=\"{&quot;background_background&quot;:&quot;gradient&quot;}\">\n\t\t\t\t\t\t<div class=\"elementor-container elementor-column-gap-default\">\n\t\t\t\t\t<div class=\"elementor-column elementor-col-100 elementor-top-column elementor-element elementor-element-55ebdfe\" data-id=\"55ebdfe\" data-element_type=\"column\" data-e-type=\"column\">\n\t\t\t<div class=\"elementor-widget-wrap elementor-element-populated\">\n\t\t\t\t\t\t<div class=\"elementor-element elementor-element-1403dcd elementor-widget elementor-widget-text-editor\" data-id=\"1403dcd\" data-element_type=\"widget\" data-e-type=\"widget\" data-widget_type=\"text-editor.default\">\n\t\t\t\t\t\t\t\t\t<p><strong>ResMi Pass<\/strong> | Tietoa meist\u00e4<\/p>\t\t\t\t\t\t\t\t<\/div>\n\t\t\t\t<div class=\"elementor-element elementor-element-7b0f668 elementor-widget elementor-widget-text-editor\" data-id=\"7b0f668\" data-element_type=\"widget\" data-e-type=\"widget\" data-widget_type=\"text-editor.default\">\n\t\t\t\t\t\t\t\t\t<p data-start=\"0\" data-end=\"273\"><strong>Parisuhdeilmoitus<\/strong><\/p><p data-start=\"0\" data-end=\"273\">ResMiPass.com tarjoaa ResMi Passin, kansainv\u00e4liseen matkustamiseen ja majoittumiseen tarkoitetun parisuhdeilmoituksen. Asiakirja on suunniteltu pariskunnille, joita saatetaan pyyt\u00e4\u00e4 ilmoittamaan tai vahvistamaan parisuhteensa tila matkustaessaan ja majoittuessaan yhdess\u00e4, erityisesti matkustettaessa kohteisiin, joissa kulttuuriset ja uskonnolliset s\u00e4\u00e4nn\u00f6t voivat vaikuttaa majoitus- ja matkustusvaatimuksiin. <\/p>\t\t\t\t\t\t\t\t<\/div>\n\t\t\t\t<div class=\"elementor-element elementor-element-d9ac598 elementor-widget elementor-widget-text-editor\" data-id=\"d9ac598\" data-element_type=\"widget\" data-e-type=\"widget\" data-widget_type=\"text-editor.default\">\n\t\t\t\t\t\t\t\t\t<p data-start=\"0\" data-end=\"273\"><strong>Matkustaminen kohteisiin, joissa on kulttuurisia ja uskonnollisia vaatimuksia<\/strong><\/p><p data-start=\"0\" data-end=\"273\">ResMi Pass on erityisen merkityksellinen matkustettaessa kohteisiin, joissa kulttuuriset ja uskonnolliset s\u00e4\u00e4nn\u00f6t voivat vaikuttaa paikallisiin vaatimuksiin, kuten hotellimajoitukseen, matkustusmenettelyihin ja muihin virallisiin tai hallinnollisiin tarkastuksiin, ja joissa parisuhteesi tilaa saatetaan kysy\u00e4.<\/p>\t\t\t\t\t\t\t\t<\/div>\n\t\t\t\t<div class=\"elementor-element elementor-element-dc974ad elementor-widget elementor-widget-text-editor\" data-id=\"dc974ad\" data-element_type=\"widget\" data-e-type=\"widget\" data-widget_type=\"text-editor.default\">\n\t\t\t\t\t\t\t\t\t<p data-start=\"0\" data-end=\"273\"><strong>Tarkoituksemme<\/strong><\/p><p data-start=\"0\" data-end=\"273\">Tavoitteenamme on tarjota selke\u00e4, j\u00e4sennelty asiakirja, joka voidaan esitt\u00e4\u00e4, kun parisuhteeseen liittyvi\u00e4 tietoja pyydet\u00e4\u00e4n matkan aikana. Matkustajien vastuulla on tarkistaa kohteen ja majoituksen vaatimukset ja varmistaa, ett\u00e4 heill\u00e4 on matkaansa tarvittavat asiakirjat. <\/p>\t\t\t\t\t\t\t\t<\/div>\n\t\t\t\t<div class=\"elementor-element elementor-element-527f474 elementor-widget elementor-widget-text-editor\" data-id=\"527f474\" data-element_type=\"widget\" data-e-type=\"widget\" data-widget_type=\"text-editor.default\">\n\t\t\t\t\t\t\t\t\t<p data-start=\"0\" data-end=\"273\"><strong>Yhteystiedot<\/strong><\/p><p data-start=\"0\" data-end=\"273\">Jos sinulla on kysytt\u00e4v\u00e4\u00e4 ResMi Passista tai tilauksestasi, voit ottaa meihin yhteytt\u00e4 s\u00e4hk\u00f6postitse osoitteeseen:<\/p><p data-start=\"0\" data-end=\"273\">info@resmipass.com<\/p>\t\t\t\t\t\t\t\t<\/div>\n\t\t\t\t<div class=\"elementor-element elementor-element-6a1c41e elementor-widget elementor-widget-spacer\" data-id=\"6a1c41e\" data-element_type=\"widget\" data-e-type=\"widget\" data-widget_type=\"spacer.default\">\n\t\t\t\t\t\t\t<div class=\"elementor-spacer\">\n\t\t\t<div class=\"elementor-spacer-inner\"><\/div>\n\t\t<\/div>\n\t\t\t\t\t\t<\/div>\n\t\t\t\t\t<\/div>\n\t\t<\/div>\n\t\t\t\t\t<\/div>\n\t\t<\/section>\n\t\t\t\t<\/div>\n\t\t","protected":false},"excerpt":{"rendered":"<p>ResMi Pass | Tietoa meist\u00e4 Parisuhdeilmoitus ResMiPass.com tarjoaa ResMi Passin, kansainv\u00e4liseen matkustamiseen ja majoittumiseen tarkoitetun parisuhdeilmoituksen. Asiakirja on suunniteltu pariskunnille, joita saatetaan pyyt\u00e4\u00e4 ilmoittamaan tai vahvistamaan parisuhteensa tila matkustaessaan ja majoittuessaan yhdess\u00e4, erityisesti matkustettaessa kohteisiin, joissa kulttuuriset ja uskonnolliset s\u00e4\u00e4nn\u00f6t voivat vaikuttaa majoitus- ja matkustusvaatimuksiin. Matkustaminen kohteisiin, joissa on kulttuurisia ja uskonnollisia vaatimuksia ResMi Pass [&hellip;]<\/p>\n","protected":false},"author":1,"featured_media":0,"parent":0,"menu_order":0,"comment_status":"closed","ping_status":"closed","template":"elementor_header_footer","meta":{"footnotes":""},"class_list":["post-1354","page","type-page","status-publish","hentry"],"aioseo_notices":[],"_links":{"self":[{"href":"https:\/\/resmipass.com\/fi\/wp-json\/wp\/v2\/pages\/1354","targetHints":{"allow":["GET"]}}],"collection":[{"href":"https:\/\/resmipass.com\/fi\/wp-json\/wp\/v2\/pages"}],"about":[{"href":"https:\/\/resmipass.com\/fi\/wp-json\/wp\/v2\/types\/page"}],"author":[{"embeddable":true,"href":"https:\/\/resmipass.com\/fi\/wp-json\/wp\/v2\/users\/1"}],"replies":[{"embeddable":true,"href":"https:\/\/resmipass.com\/fi\/wp-json\/wp\/v2\/comments?post=1354"}],"version-history":[{"count":1,"href":"https:\/\/resmipass.com\/fi\/wp-json\/wp\/v2\/pages\/1354\/revisions"}],"predecessor-version":[{"id":1355,"href":"https:\/\/resmipass.com\/fi\/wp-json\/wp\/v2\/pages\/1354\/revisions\/1355"}],"wp:attachment":[{"href":"https:\/\/resmipass.com\/fi\/wp-json\/wp\/v2\/media?parent=1354"}],"curies":[{"name":"wp","href":"https:\/\/api.w.org\/{rel}","templated":true}]}}