{"id":1166,"date":"2026-01-22T19:23:17","date_gmt":"2026-01-22T19:23:17","guid":{"rendered":"https:\/\/resmipass.com\/quest-ce-quun-resmi-pass\/"},"modified":"2026-01-24T11:56:49","modified_gmt":"2026-01-24T11:56:49","slug":"quest-ce-quun-resmi-pass","status":"publish","type":"page","link":"https:\/\/resmipass.com\/fr\/quest-ce-quun-resmi-pass\/","title":{"rendered":"Qu&rsquo;est-ce qu&rsquo;un ResMi Pass&nbsp;?"},"content":{"rendered":"\t\t<div data-elementor-type=\"wp-page\" data-elementor-id=\"1166\" class=\"elementor elementor-1166 elementor-351\" data-elementor-post-type=\"page\">\n\t\t\t\t\t\t<section class=\"elementor-section elementor-top-section elementor-element elementor-element-02c09c2 elementor-section-boxed elementor-section-height-default elementor-section-height-default\" data-id=\"02c09c2\" data-element_type=\"section\" data-e-type=\"section\" data-settings=\"{&quot;background_background&quot;:&quot;gradient&quot;}\">\n\t\t\t\t\t\t<div class=\"elementor-container elementor-column-gap-default\">\n\t\t\t\t\t<div class=\"elementor-column elementor-col-100 elementor-top-column elementor-element elementor-element-662b9b0\" data-id=\"662b9b0\" data-element_type=\"column\" data-e-type=\"column\">\n\t\t\t<div class=\"elementor-widget-wrap elementor-element-populated\">\n\t\t\t\t\t\t<div class=\"elementor-element elementor-element-a2be577 elementor-widget elementor-widget-text-editor\" data-id=\"a2be577\" data-element_type=\"widget\" data-e-type=\"widget\" data-widget_type=\"text-editor.default\">\n\t\t\t\t\t\t\t\t\t<p><strong>ResMi Pass<\/strong> | Qu&rsquo;est-ce qu&rsquo;un ResMi Pass&nbsp;?<\/p>\t\t\t\t\t\t\t\t<\/div>\n\t\t\t\t<div class=\"elementor-element elementor-element-bd68fef elementor-widget elementor-widget-text-editor\" data-id=\"bd68fef\" data-element_type=\"widget\" data-e-type=\"widget\" data-widget_type=\"text-editor.default\">\n\t\t\t\t\t\t\t\t\t<p data-start=\"0\" data-end=\"273\"><strong>Informations<\/strong><\/p><p data-start=\"0\" data-end=\"273\">ResMi Pass est une d\u00e9claration de relation pour les voyages internationaux. Il est con\u00e7u pour les couples qui voyagent et s\u00e9journent ensemble et \u00e0 qui il peut \u00eatre demand\u00e9 de d\u00e9clarer ou de confirmer leur statut relationnel pendant un voyage. <\/p>\t\t\t\t\t\t\t\t<\/div>\n\t\t\t\t<div class=\"elementor-element elementor-element-7bfa3a1 elementor-widget elementor-widget-text-editor\" data-id=\"7bfa3a1\" data-element_type=\"widget\" data-e-type=\"widget\" data-widget_type=\"text-editor.default\">\n\t\t\t\t\t\t\t\t\t<p data-start=\"0\" data-end=\"273\"><strong>Quand le ResMi Pass peut-il \u00eatre n\u00e9cessaire&nbsp;?<\/strong><\/p><p data-start=\"0\" data-end=\"273\">Le ResMi Pass est particuli\u00e8rement pertinent lorsque vous voyagez vers des destinations o\u00f9 les r\u00e8gles culturelles et religieuses peuvent affecter les exigences locales, telles que les s\u00e9jours \u00e0 l&rsquo;h\u00f4tel, les proc\u00e9dures de voyage et autres contr\u00f4les officiels ou administratifs, et o\u00f9 votre statut relationnel peut \u00eatre demand\u00e9.<\/p>\t\t\t\t\t\t\t\t<\/div>\n\t\t\t\t<div class=\"elementor-element elementor-element-b612d81 elementor-widget elementor-widget-text-editor\" data-id=\"b612d81\" data-element_type=\"widget\" data-e-type=\"widget\" data-widget_type=\"text-editor.default\">\n\t\t\t\t\t\t\t\t\t<p data-start=\"0\" data-end=\"273\"><strong>Ce que comprend le ResMi Pass<\/strong><\/p><p data-start=\"0\" data-end=\"273\">Le ResMi Pass enregistre les d\u00e9tails des deux personnes dans la relation et les relie au voyage en indiquant la ou les destinations. Il comprend les principales informations personnelles et de contact, les informations d&rsquo;identification telles qu&rsquo;un num\u00e9ro de passeport ou un num\u00e9ro d&rsquo;identification national, et le statut relationnel d\u00e9clar\u00e9. <\/p>\t\t\t\t\t\t\t\t<\/div>\n\t\t\t\t<div class=\"elementor-element elementor-element-121de32 elementor-widget elementor-widget-text-editor\" data-id=\"121de32\" data-element_type=\"widget\" data-e-type=\"widget\" data-widget_type=\"text-editor.default\">\n\t\t\t\t\t\t\t\t\t<p data-start=\"0\" data-end=\"273\"><strong>Votre responsabilit\u00e9<\/strong><\/p><p data-start=\"0\" data-end=\"273\">L&rsquo;utilisateur est tenu de s&rsquo;assurer que toutes les informations saisies dans le ResMi Pass sont exactes et compl\u00e8tes. L&rsquo;utilisateur est \u00e9galement tenu de v\u00e9rifier les r\u00e8gles et les exigences de documentation qui s&rsquo;appliquent \u00e0 la destination et au voyage, y compris les exigences des h\u00f4tels, des compagnies a\u00e9riennes, des autorit\u00e9s locales ou d&rsquo;autres organisations. ResMiPass.com ne peut garantir que le ResMi Pass sera accept\u00e9, et l&rsquo;utilisateur doit confirmer les exigences d&rsquo;acceptation \u00e0 l&rsquo;avance.  <\/p>\t\t\t\t\t\t\t\t<\/div>\n\t\t\t\t<div class=\"elementor-element elementor-element-f90d6f6 elementor-widget elementor-widget-text-editor\" data-id=\"f90d6f6\" data-element_type=\"widget\" data-e-type=\"widget\" data-widget_type=\"text-editor.default\">\n\t\t\t\t\t\t\t\t\t<p data-start=\"0\" data-end=\"273\"><strong>Livraison du ResMi Pass<\/strong><\/p><p data-start=\"0\" data-end=\"273\">Le ResMi Pass est livr\u00e9 par voie \u00e9lectronique. Une fois le paiement effectu\u00e9, le document est g\u00e9n\u00e9r\u00e9 automatiquement et envoy\u00e9 \u00e0 l&rsquo;adresse e-mail fournie par l&rsquo;utilisateur et\/ou mis \u00e0 disposition pour t\u00e9l\u00e9chargement direct. <\/p>\t\t\t\t\t\t\t\t<\/div>\n\t\t\t\t<div class=\"elementor-element elementor-element-ee63a71 elementor-widget elementor-widget-text-editor\" data-id=\"ee63a71\" data-element_type=\"widget\" data-e-type=\"widget\" data-widget_type=\"text-editor.default\">\n\t\t\t\t\t\t\t\t\t<p data-start=\"0\" data-end=\"273\"><strong>Informations importantes concernant l&rsquo;utilisation et l&rsquo;acceptation<\/strong><\/p><p data-start=\"0\" data-end=\"273\">Le ResMi Pass ne remplace pas les passeports, les visas, les certificats de mariage ou tout autre document de voyage officiel, et il ne garantit pas l&rsquo;acceptation par les compagnies a\u00e9riennes, les h\u00f4tels ou les autorit\u00e9s. Les exigences peuvent varier selon le pays, la r\u00e9gion et le fournisseur, et il incombe aux voyageurs de v\u00e9rifier les r\u00e8gles et r\u00e9glementations applicables avant de voyager. <\/p>\t\t\t\t\t\t\t\t<\/div>\n\t\t\t\t<div class=\"elementor-element elementor-element-be264bc elementor-widget elementor-widget-spacer\" data-id=\"be264bc\" data-element_type=\"widget\" data-e-type=\"widget\" data-widget_type=\"spacer.default\">\n\t\t\t\t\t\t\t<div class=\"elementor-spacer\">\n\t\t\t<div class=\"elementor-spacer-inner\"><\/div>\n\t\t<\/div>\n\t\t\t\t\t\t<\/div>\n\t\t\t\t\t<\/div>\n\t\t<\/div>\n\t\t\t\t\t<\/div>\n\t\t<\/section>\n\t\t\t\t<\/div>\n\t\t","protected":false},"excerpt":{"rendered":"<p>ResMi Pass | Qu&rsquo;est-ce qu&rsquo;un ResMi Pass&nbsp;? Informations ResMi Pass est une d\u00e9claration de relation pour les voyages internationaux. Il est con\u00e7u pour les couples qui voyagent et s\u00e9journent ensemble et \u00e0 qui il peut \u00eatre demand\u00e9 de d\u00e9clarer ou de confirmer leur statut relationnel pendant un voyage. Quand le ResMi Pass peut-il \u00eatre n\u00e9cessaire&nbsp;? [&hellip;]<\/p>\n","protected":false},"author":1,"featured_media":0,"parent":0,"menu_order":0,"comment_status":"closed","ping_status":"closed","template":"elementor_header_footer","meta":{"footnotes":""},"class_list":["post-1166","page","type-page","status-publish","hentry"],"aioseo_notices":[],"_links":{"self":[{"href":"https:\/\/resmipass.com\/fr\/wp-json\/wp\/v2\/pages\/1166","targetHints":{"allow":["GET"]}}],"collection":[{"href":"https:\/\/resmipass.com\/fr\/wp-json\/wp\/v2\/pages"}],"about":[{"href":"https:\/\/resmipass.com\/fr\/wp-json\/wp\/v2\/types\/page"}],"author":[{"embeddable":true,"href":"https:\/\/resmipass.com\/fr\/wp-json\/wp\/v2\/users\/1"}],"replies":[{"embeddable":true,"href":"https:\/\/resmipass.com\/fr\/wp-json\/wp\/v2\/comments?post=1166"}],"version-history":[{"count":1,"href":"https:\/\/resmipass.com\/fr\/wp-json\/wp\/v2\/pages\/1166\/revisions"}],"predecessor-version":[{"id":1167,"href":"https:\/\/resmipass.com\/fr\/wp-json\/wp\/v2\/pages\/1166\/revisions\/1167"}],"wp:attachment":[{"href":"https:\/\/resmipass.com\/fr\/wp-json\/wp\/v2\/media?parent=1166"}],"curies":[{"name":"wp","href":"https:\/\/api.w.org\/{rel}","templated":true}]}}