{"id":1257,"date":"2026-01-22T19:23:16","date_gmt":"2026-01-22T19:23:16","guid":{"rendered":"https:\/\/resmipass.com\/en-savoir-plus-sur-nous\/"},"modified":"2026-01-24T11:58:34","modified_gmt":"2026-01-24T11:58:34","slug":"en-savoir-plus-sur-nous","status":"publish","type":"page","link":"https:\/\/resmipass.com\/fr\/en-savoir-plus-sur-nous\/","title":{"rendered":"En savoir plus sur nous"},"content":{"rendered":"\t\t<div data-elementor-type=\"wp-page\" data-elementor-id=\"1257\" class=\"elementor elementor-1257 elementor-350\" data-elementor-post-type=\"page\">\n\t\t\t\t\t\t<section class=\"elementor-section elementor-top-section elementor-element elementor-element-8520e7e elementor-section-boxed elementor-section-height-default elementor-section-height-default\" data-id=\"8520e7e\" data-element_type=\"section\" data-e-type=\"section\" data-settings=\"{&quot;background_background&quot;:&quot;gradient&quot;}\">\n\t\t\t\t\t\t<div class=\"elementor-container elementor-column-gap-default\">\n\t\t\t\t\t<div class=\"elementor-column elementor-col-100 elementor-top-column elementor-element elementor-element-55ebdfe\" data-id=\"55ebdfe\" data-element_type=\"column\" data-e-type=\"column\">\n\t\t\t<div class=\"elementor-widget-wrap elementor-element-populated\">\n\t\t\t\t\t\t<div class=\"elementor-element elementor-element-1403dcd elementor-widget elementor-widget-text-editor\" data-id=\"1403dcd\" data-element_type=\"widget\" data-e-type=\"widget\" data-widget_type=\"text-editor.default\">\n\t\t\t\t\t\t\t\t\t<p><strong>ResMi Pass<\/strong> | \u00c0 propos de nous<\/p>\t\t\t\t\t\t\t\t<\/div>\n\t\t\t\t<div class=\"elementor-element elementor-element-7b0f668 elementor-widget elementor-widget-text-editor\" data-id=\"7b0f668\" data-element_type=\"widget\" data-e-type=\"widget\" data-widget_type=\"text-editor.default\">\n\t\t\t\t\t\t\t\t\t<p data-start=\"0\" data-end=\"273\"><strong>D\u00e9claration de relation<\/strong><\/p><p data-start=\"0\" data-end=\"273\">ResMiPass.com fournit ResMi Pass, une d\u00e9claration de relation pour les voyages et l&rsquo;h\u00e9bergement internationaux. Ce document est con\u00e7u pour les couples qui peuvent \u00eatre amen\u00e9s \u00e0 d\u00e9clarer ou \u00e0 confirmer leur statut relationnel lorsqu&rsquo;ils voyagent et s\u00e9journent ensemble, en particulier lorsqu&rsquo;ils se rendent dans des destinations o\u00f9 les r\u00e8gles culturelles et religieuses peuvent affecter les exigences en mati\u00e8re d&rsquo;h\u00e9bergement et de voyage. <\/p>\t\t\t\t\t\t\t\t<\/div>\n\t\t\t\t<div class=\"elementor-element elementor-element-d9ac598 elementor-widget elementor-widget-text-editor\" data-id=\"d9ac598\" data-element_type=\"widget\" data-e-type=\"widget\" data-widget_type=\"text-editor.default\">\n\t\t\t\t\t\t\t\t\t<p data-start=\"0\" data-end=\"273\"><strong>Voyager vers des destinations avec des exigences culturelles et religieuses<\/strong><\/p><p data-start=\"0\" data-end=\"273\">Le ResMi Pass est particuli\u00e8rement pertinent lorsque vous voyagez vers des destinations o\u00f9 les r\u00e8gles culturelles et religieuses peuvent affecter les exigences locales, telles que les s\u00e9jours \u00e0 l&rsquo;h\u00f4tel, les proc\u00e9dures de voyage et autres contr\u00f4les officiels ou administratifs, et o\u00f9 votre statut relationnel peut \u00eatre demand\u00e9.<\/p>\t\t\t\t\t\t\t\t<\/div>\n\t\t\t\t<div class=\"elementor-element elementor-element-dc974ad elementor-widget elementor-widget-text-editor\" data-id=\"dc974ad\" data-element_type=\"widget\" data-e-type=\"widget\" data-widget_type=\"text-editor.default\">\n\t\t\t\t\t\t\t\t\t<p data-start=\"0\" data-end=\"273\"><strong>Notre objectif<\/strong><\/p><p data-start=\"0\" data-end=\"273\">Notre objectif est de proposer un document clair et structur\u00e9 qui peut \u00eatre pr\u00e9sent\u00e9 lorsque des informations sur la relation sont demand\u00e9es pendant le voyage. Il incombe aux voyageurs de v\u00e9rifier les exigences de la destination et de l&rsquo;h\u00e9bergement et de s&rsquo;assurer qu&rsquo;ils disposent des documents n\u00e9cessaires \u00e0 leur voyage. <\/p>\t\t\t\t\t\t\t\t<\/div>\n\t\t\t\t<div class=\"elementor-element elementor-element-527f474 elementor-widget elementor-widget-text-editor\" data-id=\"527f474\" data-element_type=\"widget\" data-e-type=\"widget\" data-widget_type=\"text-editor.default\">\n\t\t\t\t\t\t\t\t\t<p data-start=\"0\" data-end=\"273\"><strong>Contact<\/strong><\/p><p data-start=\"0\" data-end=\"273\">Si vous avez des questions concernant ResMi Pass ou votre commande, n&rsquo;h\u00e9sitez pas \u00e0 nous contacter par e-mail \u00e0 l&rsquo;adresse suivante :<\/p><p data-start=\"0\" data-end=\"273\">info@resmipass.com<\/p>\t\t\t\t\t\t\t\t<\/div>\n\t\t\t\t<div class=\"elementor-element elementor-element-6a1c41e elementor-widget elementor-widget-spacer\" data-id=\"6a1c41e\" data-element_type=\"widget\" data-e-type=\"widget\" data-widget_type=\"spacer.default\">\n\t\t\t\t\t\t\t<div class=\"elementor-spacer\">\n\t\t\t<div class=\"elementor-spacer-inner\"><\/div>\n\t\t<\/div>\n\t\t\t\t\t\t<\/div>\n\t\t\t\t\t<\/div>\n\t\t<\/div>\n\t\t\t\t\t<\/div>\n\t\t<\/section>\n\t\t\t\t<\/div>\n\t\t","protected":false},"excerpt":{"rendered":"<p>ResMi Pass | \u00c0 propos de nous D\u00e9claration de relation ResMiPass.com fournit ResMi Pass, une d\u00e9claration de relation pour les voyages et l&rsquo;h\u00e9bergement internationaux. Ce document est con\u00e7u pour les couples qui peuvent \u00eatre amen\u00e9s \u00e0 d\u00e9clarer ou \u00e0 confirmer leur statut relationnel lorsqu&rsquo;ils voyagent et s\u00e9journent ensemble, en particulier lorsqu&rsquo;ils se rendent dans des [&hellip;]<\/p>\n","protected":false},"author":1,"featured_media":0,"parent":0,"menu_order":0,"comment_status":"closed","ping_status":"closed","template":"elementor_header_footer","meta":{"footnotes":""},"class_list":["post-1257","page","type-page","status-publish","hentry"],"aioseo_notices":[],"_links":{"self":[{"href":"https:\/\/resmipass.com\/fr\/wp-json\/wp\/v2\/pages\/1257","targetHints":{"allow":["GET"]}}],"collection":[{"href":"https:\/\/resmipass.com\/fr\/wp-json\/wp\/v2\/pages"}],"about":[{"href":"https:\/\/resmipass.com\/fr\/wp-json\/wp\/v2\/types\/page"}],"author":[{"embeddable":true,"href":"https:\/\/resmipass.com\/fr\/wp-json\/wp\/v2\/users\/1"}],"replies":[{"embeddable":true,"href":"https:\/\/resmipass.com\/fr\/wp-json\/wp\/v2\/comments?post=1257"}],"version-history":[{"count":1,"href":"https:\/\/resmipass.com\/fr\/wp-json\/wp\/v2\/pages\/1257\/revisions"}],"predecessor-version":[{"id":1258,"href":"https:\/\/resmipass.com\/fr\/wp-json\/wp\/v2\/pages\/1257\/revisions\/1258"}],"wp:attachment":[{"href":"https:\/\/resmipass.com\/fr\/wp-json\/wp\/v2\/media?parent=1257"}],"curies":[{"name":"wp","href":"https:\/\/api.w.org\/{rel}","templated":true}]}}