{"id":1325,"date":"2026-01-22T19:23:13","date_gmt":"2026-01-22T19:23:13","guid":{"rendered":"https:\/\/resmipass.com\/politique-en-matiere-de-cookies\/"},"modified":"2026-01-24T12:12:51","modified_gmt":"2026-01-24T12:12:51","slug":"politique-en-matiere-de-cookies","status":"publish","type":"page","link":"https:\/\/resmipass.com\/fr\/politique-en-matiere-de-cookies\/","title":{"rendered":"Politique en mati\u00e8re de cookies"},"content":{"rendered":"\t\t<div data-elementor-type=\"wp-page\" data-elementor-id=\"1325\" class=\"elementor elementor-1325 elementor-347\" data-elementor-post-type=\"page\">\n\t\t\t\t\t\t<section class=\"elementor-section elementor-top-section elementor-element elementor-element-9d4739a elementor-section-boxed elementor-section-height-default elementor-section-height-default\" data-id=\"9d4739a\" data-element_type=\"section\" data-e-type=\"section\" data-settings=\"{&quot;background_background&quot;:&quot;gradient&quot;}\">\n\t\t\t\t\t\t<div class=\"elementor-container elementor-column-gap-default\">\n\t\t\t\t\t<div class=\"elementor-column elementor-col-100 elementor-top-column elementor-element elementor-element-0bf3dcd\" data-id=\"0bf3dcd\" data-element_type=\"column\" data-e-type=\"column\">\n\t\t\t<div class=\"elementor-widget-wrap elementor-element-populated\">\n\t\t\t\t\t\t<div class=\"elementor-element elementor-element-d235994 elementor-widget elementor-widget-text-editor\" data-id=\"d235994\" data-element_type=\"widget\" data-e-type=\"widget\" data-widget_type=\"text-editor.default\">\n\t\t\t\t\t\t\t\t\t<p><strong>ResMi Pass<\/strong> | Politique en mati\u00e8re de cookies<\/p>\t\t\t\t\t\t\t\t<\/div>\n\t\t\t\t<div class=\"elementor-element elementor-element-408c72d elementor-widget elementor-widget-text-editor\" data-id=\"408c72d\" data-element_type=\"widget\" data-e-type=\"widget\" data-widget_type=\"text-editor.default\">\n\t\t\t\t\t\t\t\t\t<p data-start=\"0\" data-end=\"273\">ResMi Pass utilise uniquement les cookies n\u00e9cessaires au bon fonctionnement du site web. Les cookies sont de petits fichiers texte stock\u00e9s sur votre appareil qui contribuent \u00e0 assurer les fonctionnalit\u00e9s de base et une exp\u00e9rience utilisateur stable. Vous pouvez choisir de bloquer ou de supprimer les cookies \u00e0 tout moment via les param\u00e8tres de votre navigateur, mais veuillez noter que certaines parties du site web pourraient ne pas fonctionner comme pr\u00e9vu si vous le faites.  <\/p>\t\t\t\t\t\t\t\t<\/div>\n\t\t\t\t<div class=\"elementor-element elementor-element-6986bd4 elementor-widget elementor-widget-text-editor\" data-id=\"6986bd4\" data-element_type=\"widget\" data-e-type=\"widget\" data-widget_type=\"text-editor.default\">\n\t\t\t\t\t\t\t\t\t<p data-start=\"0\" data-end=\"273\"><strong>Politique en mati\u00e8re de cookies<\/strong><\/p><p data-start=\"0\" data-end=\"273\">La pr\u00e9sente politique en mati\u00e8re de cookies explique comment notre site web (\u00ab nous \u00bb, \u00ab notre \u00bb, \u00ab nos \u00bb) utilise des cookies et des technologies similaires pour am\u00e9liorer votre exp\u00e9rience sur notre site web. En utilisant notre site web, vous consentez \u00e0 l\u2019utilisation de cookies conform\u00e9ment \u00e0 la pr\u00e9sente politique. <\/p>\t\t\t\t\t\t\t\t<\/div>\n\t\t\t\t<div class=\"elementor-element elementor-element-a827c98 elementor-widget elementor-widget-text-editor\" data-id=\"a827c98\" data-element_type=\"widget\" data-e-type=\"widget\" data-widget_type=\"text-editor.default\">\n\t\t\t\t\t\t\t\t\t<p data-start=\"0\" data-end=\"273\">Que sont les cookies&nbsp;? Les cookies sont de petits fichiers texte stock\u00e9s sur votre appareil (ordinateur, tablette ou t\u00e9l\u00e9phone mobile) lorsque vous visitez un site web. Les cookies aident les sites web \u00e0 fonctionner plus efficacement et fournissent des informations au propri\u00e9taire du site web.  <\/p>\t\t\t\t\t\t\t\t<\/div>\n\t\t\t\t<div class=\"elementor-element elementor-element-c2082ce elementor-widget elementor-widget-text-editor\" data-id=\"c2082ce\" data-element_type=\"widget\" data-e-type=\"widget\" data-widget_type=\"text-editor.default\">\n\t\t\t\t\t\t\t\t\t<p><strong>Types de cookies que nous utilisons<\/strong><\/p><p>Les cookies strictement n\u00e9cessaires sont essentiels aux fonctions de base du site web, et celui-ci ne fonctionnera pas correctement sans eux. Ces cookies ne stockent aucune information permettant d\u2019identifier personnellement l\u2019utilisateur. <\/p><p>Les cookies fonctionnels aident \u00e0 ex\u00e9cuter certaines fonctions, telles que le partage du contenu du site web sur les plateformes de m\u00e9dias sociaux, la collecte de commentaires et l\u2019activation d\u2019autres fonctionnalit\u00e9s tierces.<\/p><p>Les cookies analytiques sont utilis\u00e9s pour comprendre comment les visiteurs interagissent avec le site web. Ces cookies aident \u00e0 fournir des informations telles que les mesures, le nombre de visiteurs, le taux de rebond, la source du trafic et des donn\u00e9es similaires. <\/p><p>Les cookies de performance sont utilis\u00e9s pour comprendre et analyser les indicateurs cl\u00e9s de performance du site web, ce qui nous aide \u00e0 offrir une meilleure exp\u00e9rience utilisateur aux visiteurs.<\/p><p>Les cookies publicitaires sont utilis\u00e9s pour diffuser des publicit\u00e9s personnalis\u00e9es en fonction des pages que vous avez consult\u00e9es pr\u00e9c\u00e9demment et pour analyser l\u2019efficacit\u00e9 des campagnes publicitaires.<\/p>\t\t\t\t\t\t\t\t<\/div>\n\t\t\t\t<div class=\"elementor-element elementor-element-1106d2b elementor-widget elementor-widget-text-editor\" data-id=\"1106d2b\" data-element_type=\"widget\" data-e-type=\"widget\" data-widget_type=\"text-editor.default\">\n\t\t\t\t\t\t\t\t\t<p data-start=\"0\" data-end=\"273\"><strong>Comment nous utilisons les cookies<\/strong><\/p><p>Nous utilisons les cookies pour&nbsp;:<\/p><p>m\u00e9moriser vos param\u00e8tres et pr\u00e9f\u00e9rences&nbsp;;<\/p><p>comprendre comment vous utilisez notre site web et am\u00e9liorer votre exp\u00e9rience&nbsp;;<\/p><p>fournir du marketing et de la publicit\u00e9 pertinents.<\/p>\t\t\t\t\t\t\t\t<\/div>\n\t\t\t\t<div class=\"elementor-element elementor-element-1bc8240 elementor-widget elementor-widget-text-editor\" data-id=\"1bc8240\" data-element_type=\"widget\" data-e-type=\"widget\" data-widget_type=\"text-editor.default\">\n\t\t\t\t\t\t\t\t\t<p data-start=\"0\" data-end=\"273\"><strong>Gestion des cookies<\/strong><\/p><p data-start=\"0\" data-end=\"273\">Vous pouvez contr\u00f4ler et\/ou supprimer les cookies comme vous le souhaitez. Vous pouvez supprimer tous les cookies d\u00e9j\u00e0 pr\u00e9sents sur votre ordinateur et vous pouvez configurer la plupart des navigateurs pour emp\u00eacher le placement de cookies. Si vous faites cela, cependant, vous devrez peut-\u00eatre ajuster manuellement certaines pr\u00e9f\u00e9rences chaque fois que vous visitez un site web, et certains services et fonctionnalit\u00e9s pourraient ne pas fonctionner.  <\/p>\t\t\t\t\t\t\t\t<\/div>\n\t\t\t\t<div class=\"elementor-element elementor-element-fcf226c elementor-widget elementor-widget-text-editor\" data-id=\"fcf226c\" data-element_type=\"widget\" data-e-type=\"widget\" data-widget_type=\"text-editor.default\">\n\t\t\t\t\t\t\t\t\t<p data-start=\"0\" data-end=\"273\"><strong>Cookies tiers<\/strong><\/p><p data-start=\"0\" data-end=\"273\">Nous pouvons \u00e9galement utiliser des cookies tiers fournis par des partenaires de confiance pour offrir des services et de la publicit\u00e9 plus personnalis\u00e9s. Ces cookies sont r\u00e9gis par les politiques de confidentialit\u00e9 propres aux tiers concern\u00e9s. <\/p>\t\t\t\t\t\t\t\t<\/div>\n\t\t\t\t<div class=\"elementor-element elementor-element-7491e9a elementor-widget elementor-widget-text-editor\" data-id=\"7491e9a\" data-element_type=\"widget\" data-e-type=\"widget\" data-widget_type=\"text-editor.default\">\n\t\t\t\t\t\t\t\t\t<p data-start=\"0\" data-end=\"273\"><strong>Modifications apport\u00e9es \u00e0 cette politique en mati\u00e8re de cookies<\/strong><\/p><p data-start=\"0\" data-end=\"273\">Nous pouvons mettre \u00e0 jour cette politique en mati\u00e8re de cookies de temps \u00e0 autre pour refl\u00e9ter les changements dans la fa\u00e7on dont nous utilisons les cookies ou pour d\u2019autres raisons op\u00e9rationnelles, juridiques ou r\u00e9glementaires. Nous vous encourageons \u00e0 consulter r\u00e9guli\u00e8rement cette page pour obtenir les derni\u00e8res informations sur notre utilisation des cookies. <\/p>\t\t\t\t\t\t\t\t<\/div>\n\t\t\t\t<div class=\"elementor-element elementor-element-d1900a6 elementor-widget elementor-widget-text-editor\" data-id=\"d1900a6\" data-element_type=\"widget\" data-e-type=\"widget\" data-widget_type=\"text-editor.default\">\n\t\t\t\t\t\t\t\t\t<p data-start=\"0\" data-end=\"273\"><strong>Comment cette politique en mati\u00e8re de cookies a-t-elle \u00e9t\u00e9 pr\u00e9par\u00e9e&nbsp;?<\/strong><\/p><p data-start=\"0\" data-end=\"273\">La pr\u00e9sente politique en mati\u00e8re de cookies a \u00e9t\u00e9 pr\u00e9par\u00e9e pour assurer la transparence et la conformit\u00e9 aux r\u00e9glementations applicables en mati\u00e8re de protection des donn\u00e9es.<\/p>\t\t\t\t\t\t\t\t<\/div>\n\t\t\t\t<div class=\"elementor-element elementor-element-a4b9789 elementor-widget elementor-widget-spacer\" data-id=\"a4b9789\" data-element_type=\"widget\" data-e-type=\"widget\" data-widget_type=\"spacer.default\">\n\t\t\t\t\t\t\t<div class=\"elementor-spacer\">\n\t\t\t<div class=\"elementor-spacer-inner\"><\/div>\n\t\t<\/div>\n\t\t\t\t\t\t<\/div>\n\t\t\t\t\t<\/div>\n\t\t<\/div>\n\t\t\t\t\t<\/div>\n\t\t<\/section>\n\t\t\t\t<\/div>\n\t\t","protected":false},"excerpt":{"rendered":"<p>ResMi Pass | Politique en mati\u00e8re de cookies ResMi Pass utilise uniquement les cookies n\u00e9cessaires au bon fonctionnement du site web. Les cookies sont de petits fichiers texte stock\u00e9s sur votre appareil qui contribuent \u00e0 assurer les fonctionnalit\u00e9s de base et une exp\u00e9rience utilisateur stable. Vous pouvez choisir de bloquer ou de supprimer les cookies [&hellip;]<\/p>\n","protected":false},"author":1,"featured_media":0,"parent":0,"menu_order":0,"comment_status":"closed","ping_status":"closed","template":"elementor_header_footer","meta":{"footnotes":""},"class_list":["post-1325","page","type-page","status-publish","hentry"],"aioseo_notices":[],"_links":{"self":[{"href":"https:\/\/resmipass.com\/fr\/wp-json\/wp\/v2\/pages\/1325","targetHints":{"allow":["GET"]}}],"collection":[{"href":"https:\/\/resmipass.com\/fr\/wp-json\/wp\/v2\/pages"}],"about":[{"href":"https:\/\/resmipass.com\/fr\/wp-json\/wp\/v2\/types\/page"}],"author":[{"embeddable":true,"href":"https:\/\/resmipass.com\/fr\/wp-json\/wp\/v2\/users\/1"}],"replies":[{"embeddable":true,"href":"https:\/\/resmipass.com\/fr\/wp-json\/wp\/v2\/comments?post=1325"}],"version-history":[{"count":1,"href":"https:\/\/resmipass.com\/fr\/wp-json\/wp\/v2\/pages\/1325\/revisions"}],"predecessor-version":[{"id":1328,"href":"https:\/\/resmipass.com\/fr\/wp-json\/wp\/v2\/pages\/1325\/revisions\/1328"}],"wp:attachment":[{"href":"https:\/\/resmipass.com\/fr\/wp-json\/wp\/v2\/media?parent=1325"}],"curies":[{"name":"wp","href":"https:\/\/api.w.org\/{rel}","templated":true}]}}