{"id":1326,"date":"2026-01-22T19:23:12","date_gmt":"2026-01-22T19:23:12","guid":{"rendered":"https:\/\/resmipass.com\/politique-de-confidentialite\/"},"modified":"2026-01-24T12:12:51","modified_gmt":"2026-01-24T12:12:51","slug":"politique-de-confidentialite","status":"publish","type":"page","link":"https:\/\/resmipass.com\/fr\/politique-de-confidentialite\/","title":{"rendered":"Politique de confidentialit\u00e9"},"content":{"rendered":"\t\t<div data-elementor-type=\"wp-page\" data-elementor-id=\"1326\" class=\"elementor elementor-1326 elementor-346\" data-elementor-post-type=\"page\">\n\t\t\t\t\t\t<section class=\"elementor-section elementor-top-section elementor-element elementor-element-2f47e3c elementor-section-boxed elementor-section-height-default elementor-section-height-default\" data-id=\"2f47e3c\" data-element_type=\"section\" data-e-type=\"section\" data-settings=\"{&quot;background_background&quot;:&quot;gradient&quot;}\">\n\t\t\t\t\t\t<div class=\"elementor-container elementor-column-gap-default\">\n\t\t\t\t\t<div class=\"elementor-column elementor-col-100 elementor-top-column elementor-element elementor-element-879c809\" data-id=\"879c809\" data-element_type=\"column\" data-e-type=\"column\">\n\t\t\t<div class=\"elementor-widget-wrap elementor-element-populated\">\n\t\t\t\t\t\t<div class=\"elementor-element elementor-element-3946d63 elementor-widget elementor-widget-text-editor\" data-id=\"3946d63\" data-element_type=\"widget\" data-e-type=\"widget\" data-widget_type=\"text-editor.default\">\n\t\t\t\t\t\t\t\t\t<p><strong>ResMi Pass<\/strong> | Politique de confidentialit\u00e9<\/p>\t\t\t\t\t\t\t\t<\/div>\n\t\t\t\t<div class=\"elementor-element elementor-element-9db1ee7 elementor-widget elementor-widget-text-editor\" data-id=\"9db1ee7\" data-element_type=\"widget\" data-e-type=\"widget\" data-widget_type=\"text-editor.default\">\n\t\t\t\t\t\t\t\t\t<p>1. Qui sommes-nous ?<\/p><p>La pr\u00e9sente politique de confidentialit\u00e9 explique comment ResMiPass.com (\u00ab&nbsp;la Soci\u00e9t\u00e9&nbsp;\u00bb, \u00ab&nbsp;nous&nbsp;\u00bb, \u00ab&nbsp;notre&nbsp;\u00bb, \u00ab&nbsp;nos&nbsp;\u00bb) traite les donn\u00e9es personnelles dans le cadre du service ResMi Pass. Si vous avez des questions, vous pouvez nous contacter \u00e0 [support email]. <\/p>\t\t\t\t\t\t\t\t<\/div>\n\t\t\t\t<div class=\"elementor-element elementor-element-9a55698 elementor-widget elementor-widget-text-editor\" data-id=\"9a55698\" data-element_type=\"widget\" data-e-type=\"widget\" data-widget_type=\"text-editor.default\">\n\t\t\t\t\t\t\t\t\t<p>2. Quelles donn\u00e9es personnelles collectons-nous&nbsp;?<\/p><p>Lorsque vous passez une commande, vous fournissez les informations n\u00e9cessaires pour g\u00e9n\u00e9rer le document ResMi Pass. Cela peut inclure, selon ce que vous saisissez dans le formulaire&nbsp;: <\/p><ul><li>pr\u00e9nom et nom<\/li><li>date de naissance<\/li><li>nationalit\u00e9\/citoyennet\u00e9<\/li><li>num\u00e9ro de passeport ou num\u00e9ro d\u2019identification national<\/li><li>adresse<\/li><li>adresse e-mail et num\u00e9ro de t\u00e9l\u00e9phone<\/li><li>d\u00e9tails de la relation (par exemple, statut de la relation, date de d\u00e9but de la relation)<\/li><li>informations de voyage (par exemple, destination(s), dates de voyage)<\/li><\/ul>\t\t\t\t\t\t\t\t<\/div>\n\t\t\t\t<div class=\"elementor-element elementor-element-4387d9e elementor-widget elementor-widget-text-editor\" data-id=\"4387d9e\" data-element_type=\"widget\" data-e-type=\"widget\" data-widget_type=\"text-editor.default\">\n\t\t\t\t\t\t\t\t\t<p>3. Pourquoi utilisons-nous vos donn\u00e9es&nbsp;?<\/p><p>Nous utilisons les informations que vous fournissez uniquement pour&nbsp;:<\/p><ul><li>g\u00e9n\u00e9rer le document ResMi Pass en fonction des informations que vous avez soumises&nbsp;; et<\/li><li>envoyer le document \u00e0 l\u2019adresse e-mail que vous fournissez (et\/ou le mettre \u00e0 disposition pour t\u00e9l\u00e9chargement direct).<\/li><\/ul>\t\t\t\t\t\t\t\t<\/div>\n\t\t\t\t<div class=\"elementor-element elementor-element-fc6b013 elementor-widget elementor-widget-text-editor\" data-id=\"fc6b013\" data-element_type=\"widget\" data-e-type=\"widget\" data-widget_type=\"text-editor.default\">\n\t\t\t\t\t\t\t\t\t<p>4. Base juridique du traitement<\/p><p>Nous traitons vos donn\u00e9es personnelles afin de g\u00e9n\u00e9rer et de fournir ResMi Pass sur la base des informations que vous soumettez. Le cas \u00e9ch\u00e9ant, nous pouvons \u00e9galement traiter des donn\u00e9es limit\u00e9es pour nous conformer aux obligations l\u00e9gales (par exemple, les exigences comptables). <\/p>\t\t\t\t\t\t\t\t<\/div>\n\t\t\t\t<div class=\"elementor-element elementor-element-530e4a8 elementor-widget elementor-widget-text-editor\" data-id=\"530e4a8\" data-element_type=\"widget\" data-e-type=\"widget\" data-widget_type=\"text-editor.default\">\n\t\t\t\t\t\t\t\t\t<p>5. Stockage et conservation<\/p><p>La Soci\u00e9t\u00e9 ne stocke pas les d\u00e9tails du formulaire pour une modification ult\u00e9rieure. Les informations que vous avez soumises sont utilis\u00e9es pour g\u00e9n\u00e9rer et livrer le document et ne sont pas conserv\u00e9es apr\u00e8s la livraison, sauf si nous devons conserver des informations limit\u00e9es \u00e0 des fins juridiques, comptables ou d\u2019enregistrement des paiements. <\/p>\t\t\t\t\t\t\t\t<\/div>\n\t\t\t\t<div class=\"elementor-element elementor-element-a93a603 elementor-widget elementor-widget-text-editor\" data-id=\"a93a603\" data-element_type=\"widget\" data-e-type=\"widget\" data-widget_type=\"text-editor.default\">\n\t\t\t\t\t\t\t\t\t<p>6. Partage des donn\u00e9es personnelles<\/p><p>Nous ne vendons ni ne partageons vos donn\u00e9es personnelles \u00e0 des fins de marketing. Nous ne partageons pas les donn\u00e9es personnelles de votre ResMi Pass avec des tiers. <\/p>\t\t\t\t\t\t\t\t<\/div>\n\t\t\t\t<div class=\"elementor-element elementor-element-6e76c45 elementor-widget elementor-widget-text-editor\" data-id=\"6e76c45\" data-element_type=\"widget\" data-e-type=\"widget\" data-widget_type=\"text-editor.default\">\n\t\t\t\t\t\t\t\t\t<p>8. Cookies<\/p><p>Notre site Web utilise des cookies. Pour plus de d\u00e9tails, veuillez consulter notre politique en mati\u00e8re de cookies. <\/p>\t\t\t\t\t\t\t\t<\/div>\n\t\t\t\t<div class=\"elementor-element elementor-element-b58c759 elementor-widget elementor-widget-text-editor\" data-id=\"b58c759\" data-element_type=\"widget\" data-e-type=\"widget\" data-widget_type=\"text-editor.default\">\n\t\t\t\t\t\t\t\t\t<p>9. Modifications de la pr\u00e9sente politique de confidentialit\u00e9<\/p><p>Nous pouvons mettre \u00e0 jour cette politique de confidentialit\u00e9 de temps \u00e0 autre. La derni\u00e8re version sera toujours disponible sur ResMiPass.com. <\/p>\t\t\t\t\t\t\t\t<\/div>\n\t\t\t\t<div class=\"elementor-element elementor-element-9cdb051 elementor-widget elementor-widget-spacer\" data-id=\"9cdb051\" data-element_type=\"widget\" data-e-type=\"widget\" data-widget_type=\"spacer.default\">\n\t\t\t\t\t\t\t<div class=\"elementor-spacer\">\n\t\t\t<div class=\"elementor-spacer-inner\"><\/div>\n\t\t<\/div>\n\t\t\t\t\t\t<\/div>\n\t\t\t\t\t<\/div>\n\t\t<\/div>\n\t\t\t\t\t<\/div>\n\t\t<\/section>\n\t\t\t\t<\/div>\n\t\t","protected":false},"excerpt":{"rendered":"<p>ResMi Pass | Politique de confidentialit\u00e9 1. Qui sommes-nous ? La pr\u00e9sente politique de confidentialit\u00e9 explique comment ResMiPass.com (\u00ab&nbsp;la Soci\u00e9t\u00e9&nbsp;\u00bb, \u00ab&nbsp;nous&nbsp;\u00bb, \u00ab&nbsp;notre&nbsp;\u00bb, \u00ab&nbsp;nos&nbsp;\u00bb) traite les donn\u00e9es personnelles dans le cadre du service ResMi Pass. Si vous avez des questions, vous pouvez nous contacter \u00e0 [support email]. 2. Quelles donn\u00e9es personnelles collectons-nous&nbsp;? Lorsque vous passez une [&hellip;]<\/p>\n","protected":false},"author":1,"featured_media":0,"parent":0,"menu_order":0,"comment_status":"closed","ping_status":"closed","template":"elementor_header_footer","meta":{"footnotes":""},"class_list":["post-1326","page","type-page","status-publish","hentry"],"aioseo_notices":[],"_links":{"self":[{"href":"https:\/\/resmipass.com\/fr\/wp-json\/wp\/v2\/pages\/1326","targetHints":{"allow":["GET"]}}],"collection":[{"href":"https:\/\/resmipass.com\/fr\/wp-json\/wp\/v2\/pages"}],"about":[{"href":"https:\/\/resmipass.com\/fr\/wp-json\/wp\/v2\/types\/page"}],"author":[{"embeddable":true,"href":"https:\/\/resmipass.com\/fr\/wp-json\/wp\/v2\/users\/1"}],"replies":[{"embeddable":true,"href":"https:\/\/resmipass.com\/fr\/wp-json\/wp\/v2\/comments?post=1326"}],"version-history":[{"count":1,"href":"https:\/\/resmipass.com\/fr\/wp-json\/wp\/v2\/pages\/1326\/revisions"}],"predecessor-version":[{"id":1327,"href":"https:\/\/resmipass.com\/fr\/wp-json\/wp\/v2\/pages\/1326\/revisions\/1327"}],"wp:attachment":[{"href":"https:\/\/resmipass.com\/fr\/wp-json\/wp\/v2\/media?parent=1326"}],"curies":[{"name":"wp","href":"https:\/\/api.w.org\/{rel}","templated":true}]}}