{"id":1348,"date":"2026-01-22T19:23:14","date_gmt":"2026-01-22T19:23:14","guid":{"rendered":"https:\/\/resmipass.com\/politique-de-remboursement\/"},"modified":"2026-01-24T12:12:54","modified_gmt":"2026-01-24T12:12:54","slug":"politique-de-remboursement","status":"publish","type":"page","link":"https:\/\/resmipass.com\/fr\/politique-de-remboursement\/","title":{"rendered":"Politique de remboursement"},"content":{"rendered":"\t\t<div data-elementor-type=\"wp-page\" data-elementor-id=\"1348\" class=\"elementor elementor-1348 elementor-348\" data-elementor-post-type=\"page\">\n\t\t\t\t\t\t<section class=\"elementor-section elementor-top-section elementor-element elementor-element-540aab0 elementor-section-boxed elementor-section-height-default elementor-section-height-default\" data-id=\"540aab0\" data-element_type=\"section\" data-e-type=\"section\" data-settings=\"{&quot;background_background&quot;:&quot;gradient&quot;}\">\n\t\t\t\t\t\t<div class=\"elementor-container elementor-column-gap-default\">\n\t\t\t\t\t<div class=\"elementor-column elementor-col-100 elementor-top-column elementor-element elementor-element-64f7dfa\" data-id=\"64f7dfa\" data-element_type=\"column\" data-e-type=\"column\">\n\t\t\t<div class=\"elementor-widget-wrap elementor-element-populated\">\n\t\t\t\t\t\t<div class=\"elementor-element elementor-element-f1ce563 elementor-widget elementor-widget-text-editor\" data-id=\"f1ce563\" data-element_type=\"widget\" data-e-type=\"widget\" data-widget_type=\"text-editor.default\">\n\t\t\t\t\t\t\t\t\t<p><strong>ResMi Pass<\/strong> | Politique de remboursement<\/p>\t\t\t\t\t\t\t\t<\/div>\n\t\t\t\t<div class=\"elementor-element elementor-element-5ef2c25 elementor-widget elementor-widget-text-editor\" data-id=\"5ef2c25\" data-element_type=\"widget\" data-e-type=\"widget\" data-widget_type=\"text-editor.default\">\n\t\t\t\t\t\t\t\t\t<p data-start=\"0\" data-end=\"273\">Les remboursements ne sont pas possibles une fois que le ResMi Pass a \u00e9t\u00e9 g\u00e9n\u00e9r\u00e9 et envoy\u00e9 \u00e0 l\u2019adresse e-mail fournie par l\u2019utilisateur et\/ou mis \u00e0 disposition pour t\u00e9l\u00e9chargement. Dans des cas exceptionnels, nous pouvons examiner votre demande et, \u00e0 notre discr\u00e9tion, effectuer un remboursement. Veuillez nous contacter si vous avez besoin d\u2019aide.  <\/p>\t\t\t\t\t\t\t\t<\/div>\n\t\t\t\t<div class=\"elementor-element elementor-element-0b33c14 elementor-widget elementor-widget-spacer\" data-id=\"0b33c14\" data-element_type=\"widget\" data-e-type=\"widget\" data-widget_type=\"spacer.default\">\n\t\t\t\t\t\t\t<div class=\"elementor-spacer\">\n\t\t\t<div class=\"elementor-spacer-inner\"><\/div>\n\t\t<\/div>\n\t\t\t\t\t\t<\/div>\n\t\t\t\t\t<\/div>\n\t\t<\/div>\n\t\t\t\t\t<\/div>\n\t\t<\/section>\n\t\t\t\t<\/div>\n\t\t","protected":false},"excerpt":{"rendered":"<p>ResMi Pass | Politique de remboursement Les remboursements ne sont pas possibles une fois que le ResMi Pass a \u00e9t\u00e9 g\u00e9n\u00e9r\u00e9 et envoy\u00e9 \u00e0 l\u2019adresse e-mail fournie par l\u2019utilisateur et\/ou mis \u00e0 disposition pour t\u00e9l\u00e9chargement. Dans des cas exceptionnels, nous pouvons examiner votre demande et, \u00e0 notre discr\u00e9tion, effectuer un remboursement. Veuillez nous contacter si [&hellip;]<\/p>\n","protected":false},"author":1,"featured_media":0,"parent":0,"menu_order":0,"comment_status":"closed","ping_status":"closed","template":"elementor_header_footer","meta":{"footnotes":""},"class_list":["post-1348","page","type-page","status-publish","hentry"],"aioseo_notices":[],"_links":{"self":[{"href":"https:\/\/resmipass.com\/fr\/wp-json\/wp\/v2\/pages\/1348","targetHints":{"allow":["GET"]}}],"collection":[{"href":"https:\/\/resmipass.com\/fr\/wp-json\/wp\/v2\/pages"}],"about":[{"href":"https:\/\/resmipass.com\/fr\/wp-json\/wp\/v2\/types\/page"}],"author":[{"embeddable":true,"href":"https:\/\/resmipass.com\/fr\/wp-json\/wp\/v2\/users\/1"}],"replies":[{"embeddable":true,"href":"https:\/\/resmipass.com\/fr\/wp-json\/wp\/v2\/comments?post=1348"}],"version-history":[{"count":1,"href":"https:\/\/resmipass.com\/fr\/wp-json\/wp\/v2\/pages\/1348\/revisions"}],"predecessor-version":[{"id":1349,"href":"https:\/\/resmipass.com\/fr\/wp-json\/wp\/v2\/pages\/1348\/revisions\/1349"}],"wp:attachment":[{"href":"https:\/\/resmipass.com\/fr\/wp-json\/wp\/v2\/media?parent=1348"}],"curies":[{"name":"wp","href":"https:\/\/api.w.org\/{rel}","templated":true}]}}