{"id":1172,"date":"2026-01-22T19:23:17","date_gmt":"2026-01-22T19:23:17","guid":{"rendered":"https:\/\/resmipass.com\/cose-un-resmi-pass\/"},"modified":"2026-01-24T11:56:56","modified_gmt":"2026-01-24T11:56:56","slug":"cose-un-resmi-pass","status":"publish","type":"page","link":"https:\/\/resmipass.com\/it\/cose-un-resmi-pass\/","title":{"rendered":"Cos&#8217;\u00e8 un ResMi Pass?"},"content":{"rendered":"\t\t<div data-elementor-type=\"wp-page\" data-elementor-id=\"1172\" class=\"elementor elementor-1172 elementor-351\" data-elementor-post-type=\"page\">\n\t\t\t\t\t\t<section class=\"elementor-section elementor-top-section elementor-element elementor-element-02c09c2 elementor-section-boxed elementor-section-height-default elementor-section-height-default\" data-id=\"02c09c2\" data-element_type=\"section\" data-e-type=\"section\" data-settings=\"{&quot;background_background&quot;:&quot;gradient&quot;}\">\n\t\t\t\t\t\t<div class=\"elementor-container elementor-column-gap-default\">\n\t\t\t\t\t<div class=\"elementor-column elementor-col-100 elementor-top-column elementor-element elementor-element-662b9b0\" data-id=\"662b9b0\" data-element_type=\"column\" data-e-type=\"column\">\n\t\t\t<div class=\"elementor-widget-wrap elementor-element-populated\">\n\t\t\t\t\t\t<div class=\"elementor-element elementor-element-a2be577 elementor-widget elementor-widget-text-editor\" data-id=\"a2be577\" data-element_type=\"widget\" data-e-type=\"widget\" data-widget_type=\"text-editor.default\">\n\t\t\t\t\t\t\t\t\t<p><strong>ResMi Pass<\/strong> | Cos&#8217;\u00e8 un ResMi Pass?<\/p>\t\t\t\t\t\t\t\t<\/div>\n\t\t\t\t<div class=\"elementor-element elementor-element-bd68fef elementor-widget elementor-widget-text-editor\" data-id=\"bd68fef\" data-element_type=\"widget\" data-e-type=\"widget\" data-widget_type=\"text-editor.default\">\n\t\t\t\t\t\t\t\t\t<p data-start=\"0\" data-end=\"273\"><strong>Informazioni<\/strong><\/p><p data-start=\"0\" data-end=\"273\">ResMi Pass \u00e8 una dichiarazione di relazione per viaggi internazionali. \u00c8 progettato per le coppie che viaggiano e soggiornano insieme e alle quali potrebbe essere chiesto di dichiarare o confermare il loro stato di relazione durante un viaggio. <\/p>\t\t\t\t\t\t\t\t<\/div>\n\t\t\t\t<div class=\"elementor-element elementor-element-7bfa3a1 elementor-widget elementor-widget-text-editor\" data-id=\"7bfa3a1\" data-element_type=\"widget\" data-e-type=\"widget\" data-widget_type=\"text-editor.default\">\n\t\t\t\t\t\t\t\t\t<p data-start=\"0\" data-end=\"273\"><strong>Quando potrebbe essere necessario il ResMi Pass<\/strong><\/p><p data-start=\"0\" data-end=\"273\">ResMi Pass \u00e8 particolarmente rilevante quando si viaggia verso destinazioni in cui le regole culturali e religiose possono influire sui requisiti locali, come soggiorni in hotel, procedure di viaggio e altri controlli ufficiali o amministrativi, e dove potrebbe essere richiesto il tuo stato di relazione.<\/p>\t\t\t\t\t\t\t\t<\/div>\n\t\t\t\t<div class=\"elementor-element elementor-element-b612d81 elementor-widget elementor-widget-text-editor\" data-id=\"b612d81\" data-element_type=\"widget\" data-e-type=\"widget\" data-widget_type=\"text-editor.default\">\n\t\t\t\t\t\t\t\t\t<p data-start=\"0\" data-end=\"273\"><strong>Cosa include il ResMi Pass<\/strong><\/p><p data-start=\"0\" data-end=\"273\">ResMi Pass registra i dettagli di entrambi gli individui nella relazione e li collega al viaggio indicando la destinazione o le destinazioni. Include dati personali e di contatto chiave, informazioni di identificazione come il numero di passaporto o il numero di identificazione nazionale e lo stato di relazione dichiarato. <\/p>\t\t\t\t\t\t\t\t<\/div>\n\t\t\t\t<div class=\"elementor-element elementor-element-121de32 elementor-widget elementor-widget-text-editor\" data-id=\"121de32\" data-element_type=\"widget\" data-e-type=\"widget\" data-widget_type=\"text-editor.default\">\n\t\t\t\t\t\t\t\t\t<p data-start=\"0\" data-end=\"273\"><strong>La tua responsabilit\u00e0<\/strong><\/p><p data-start=\"0\" data-end=\"273\">L&#8217;Utente \u00e8 responsabile di garantire che tutte le informazioni inserite nel ResMi Pass siano accurate e complete. L&#8217;Utente \u00e8 anche responsabile del controllo delle regole e dei requisiti di documentazione applicabili per la destinazione e il viaggio, inclusi eventuali requisiti da hotel, compagnie aeree, autorit\u00e0 locali o altre organizzazioni. ResMiPass.com non pu\u00f2 garantire che il ResMi Pass sar\u00e0 accettato e l&#8217;Utente deve confermare i requisiti di accettazione in anticipo.  <\/p>\t\t\t\t\t\t\t\t<\/div>\n\t\t\t\t<div class=\"elementor-element elementor-element-f90d6f6 elementor-widget elementor-widget-text-editor\" data-id=\"f90d6f6\" data-element_type=\"widget\" data-e-type=\"widget\" data-widget_type=\"text-editor.default\">\n\t\t\t\t\t\t\t\t\t<p data-start=\"0\" data-end=\"273\"><strong>Consegna del ResMi Pass<\/strong><\/p><p data-start=\"0\" data-end=\"273\">ResMi Pass viene consegnato elettronicamente. Una volta completato il pagamento, il documento viene generato automaticamente e inviato all&#8217;indirizzo email fornito dall&#8217;Utente e\/o reso disponibile per il download diretto. <\/p>\t\t\t\t\t\t\t\t<\/div>\n\t\t\t\t<div class=\"elementor-element elementor-element-ee63a71 elementor-widget elementor-widget-text-editor\" data-id=\"ee63a71\" data-element_type=\"widget\" data-e-type=\"widget\" data-widget_type=\"text-editor.default\">\n\t\t\t\t\t\t\t\t\t<p data-start=\"0\" data-end=\"273\"><strong>Informazioni importanti sull&#8217;uso e l&#8217;accettazione<\/strong><\/p><p data-start=\"0\" data-end=\"273\">ResMi Pass non sostituisce passaporti, visti, certificati di matrimonio o qualsiasi documento di viaggio ufficiale e non garantisce l&#8217;accettazione da parte di compagnie aeree, hotel o autorit\u00e0. I requisiti possono variare in base al paese, alla regione e al fornitore e i viaggiatori sono responsabili del controllo delle norme e dei regolamenti applicabili prima di viaggiare. <\/p>\t\t\t\t\t\t\t\t<\/div>\n\t\t\t\t<div class=\"elementor-element elementor-element-be264bc elementor-widget elementor-widget-spacer\" data-id=\"be264bc\" data-element_type=\"widget\" data-e-type=\"widget\" data-widget_type=\"spacer.default\">\n\t\t\t\t\t\t\t<div class=\"elementor-spacer\">\n\t\t\t<div class=\"elementor-spacer-inner\"><\/div>\n\t\t<\/div>\n\t\t\t\t\t\t<\/div>\n\t\t\t\t\t<\/div>\n\t\t<\/div>\n\t\t\t\t\t<\/div>\n\t\t<\/section>\n\t\t\t\t<\/div>\n\t\t","protected":false},"excerpt":{"rendered":"<p>ResMi Pass | Cos&#8217;\u00e8 un ResMi Pass? Informazioni ResMi Pass \u00e8 una dichiarazione di relazione per viaggi internazionali. \u00c8 progettato per le coppie che viaggiano e soggiornano insieme e alle quali potrebbe essere chiesto di dichiarare o confermare il loro stato di relazione durante un viaggio. Quando potrebbe essere necessario il ResMi Pass ResMi Pass [&hellip;]<\/p>\n","protected":false},"author":1,"featured_media":0,"parent":0,"menu_order":0,"comment_status":"closed","ping_status":"closed","template":"elementor_header_footer","meta":{"footnotes":""},"class_list":["post-1172","page","type-page","status-publish","hentry"],"aioseo_notices":[],"_links":{"self":[{"href":"https:\/\/resmipass.com\/it\/wp-json\/wp\/v2\/pages\/1172","targetHints":{"allow":["GET"]}}],"collection":[{"href":"https:\/\/resmipass.com\/it\/wp-json\/wp\/v2\/pages"}],"about":[{"href":"https:\/\/resmipass.com\/it\/wp-json\/wp\/v2\/types\/page"}],"author":[{"embeddable":true,"href":"https:\/\/resmipass.com\/it\/wp-json\/wp\/v2\/users\/1"}],"replies":[{"embeddable":true,"href":"https:\/\/resmipass.com\/it\/wp-json\/wp\/v2\/comments?post=1172"}],"version-history":[{"count":1,"href":"https:\/\/resmipass.com\/it\/wp-json\/wp\/v2\/pages\/1172\/revisions"}],"predecessor-version":[{"id":1173,"href":"https:\/\/resmipass.com\/it\/wp-json\/wp\/v2\/pages\/1172\/revisions\/1173"}],"wp:attachment":[{"href":"https:\/\/resmipass.com\/it\/wp-json\/wp\/v2\/media?parent=1172"}],"curies":[{"name":"wp","href":"https:\/\/api.w.org\/{rel}","templated":true}]}}