{"id":1034,"date":"2026-01-22T19:23:11","date_gmt":"2026-01-22T19:23:11","guid":{"rendered":"https:\/\/resmipass.com\/warunki-korzystania-z-uslugi\/"},"modified":"2026-01-24T11:42:49","modified_gmt":"2026-01-24T11:42:49","slug":"warunki-korzystania-z-uslugi","status":"publish","type":"page","link":"https:\/\/resmipass.com\/pl\/warunki-korzystania-z-uslugi\/","title":{"rendered":"Warunki korzystania z us\u0142ugi"},"content":{"rendered":"\t\t<div data-elementor-type=\"wp-page\" data-elementor-id=\"1034\" class=\"elementor elementor-1034 elementor-345\" data-elementor-post-type=\"page\">\n\t\t\t\t\t\t<section class=\"elementor-section elementor-top-section elementor-element elementor-element-d6d6952 elementor-section-boxed elementor-section-height-default elementor-section-height-default\" data-id=\"d6d6952\" data-element_type=\"section\" data-e-type=\"section\" data-settings=\"{&quot;background_background&quot;:&quot;gradient&quot;}\">\n\t\t\t\t\t\t<div class=\"elementor-container elementor-column-gap-default\">\n\t\t\t\t\t<div class=\"elementor-column elementor-col-100 elementor-top-column elementor-element elementor-element-59d10d1\" data-id=\"59d10d1\" data-element_type=\"column\" data-e-type=\"column\">\n\t\t\t<div class=\"elementor-widget-wrap elementor-element-populated\">\n\t\t\t\t\t\t<div class=\"elementor-element elementor-element-96827e1 elementor-widget elementor-widget-text-editor\" data-id=\"96827e1\" data-element_type=\"widget\" data-e-type=\"widget\" data-widget_type=\"text-editor.default\">\n\t\t\t\t\t\t\t\t\t<p><strong>ResMi Pass<\/strong> | Warunki korzystania z us\u0142ugi<\/p>\t\t\t\t\t\t\t\t<\/div>\n\t\t\t\t<div class=\"elementor-element elementor-element-9e807be elementor-widget elementor-widget-text-editor\" data-id=\"9e807be\" data-element_type=\"widget\" data-e-type=\"widget\" data-widget_type=\"text-editor.default\">\n\t\t\t\t\t\t\t\t\t<p data-start=\"0\" data-end=\"273\">Niniejsze Warunki (\u201cWarunki\u201d) maj\u0105 zastosowanie do zakupu i u\u017cytkowania ResMi Pass, deklaracji zwi\u0105zku przeznaczonej do u\u017cytku w podr\u00f3\u017cach mi\u0119dzynarodowych, maj\u0105cej na celu potwierdzenie zwi\u0105zku pary w celach podr\u00f3\u017cy i zakwaterowania.<\/p><p data-start=\"0\" data-end=\"273\">W niniejszych Warunkach \u201cFirma\u201d oznacza ResMiPass.com, a \u201cU\u017cytkownik\u201d oznacza osob\u0119, kt\u00f3ra kupuje i\/lub u\u017cywa ResMi Pass. Sk\u0142adaj\u0105c zam\u00f3wienie, U\u017cytkownik potwierdza, \u017ce przeczyta\u0142, zrozumia\u0142 i zaakceptowa\u0142 niniejsze Warunki. <\/p>\t\t\t\t\t\t\t\t<\/div>\n\t\t\t\t<div class=\"elementor-element elementor-element-3914c70 elementor-widget elementor-widget-text-editor\" data-id=\"3914c70\" data-element_type=\"widget\" data-e-type=\"widget\" data-widget_type=\"text-editor.default\">\n\t\t\t\t\t\t\t\t\t<p data-start=\"0\" data-end=\"273\"><strong>1. O ResMi Pass<\/strong><br>ResMi Pass to deklaracja zwi\u0105zku generowana na podstawie informacji podanych przez U\u017cytkownika w formularzu zam\u00f3wienia.<\/p>\t\t\t\t\t\t\t\t<\/div>\n\t\t\t\t<div class=\"elementor-element elementor-element-d8e9003 elementor-widget elementor-widget-text-editor\" data-id=\"d8e9003\" data-element_type=\"widget\" data-e-type=\"widget\" data-widget_type=\"text-editor.default\">\n\t\t\t\t\t\t\t\t\t<p data-start=\"0\" data-end=\"273\"><strong>2. Dostawa<\/strong><br>ResMi Pass jest dostarczany elektronicznie poczt\u0105 e-mail i\/lub udost\u0119pniany do bezpo\u015bredniego pobrania. Dokument jest generowany i dostarczany automatycznie na adres e-mail podany przez U\u017cytkownika i\/lub poprzez bezpo\u015brednie pobranie, po dokonaniu p\u0142atno\u015bci. <\/p>\t\t\t\t\t\t\t\t<\/div>\n\t\t\t\t<div class=\"elementor-element elementor-element-c23c633 elementor-widget elementor-widget-text-editor\" data-id=\"c23c633\" data-element_type=\"widget\" data-e-type=\"widget\" data-widget_type=\"text-editor.default\">\n\t\t\t\t\t\t\t\t\t<p data-start=\"0\" data-end=\"273\"><strong>3. Ceny i p\u0142atno\u015bci<\/strong><br>Cena jest wy\u015bwietlana podczas procesu zamawiania ResMi Pass. P\u0142atno\u015b\u0107 dokonywana jest online na stronie ResMiPass.com. <\/p>\t\t\t\t\t\t\t\t<\/div>\n\t\t\t\t<div class=\"elementor-element elementor-element-2295cb7 elementor-widget elementor-widget-text-editor\" data-id=\"2295cb7\" data-element_type=\"widget\" data-e-type=\"widget\" data-widget_type=\"text-editor.default\">\n\t\t\t\t\t\t\t\t\t<p data-start=\"0\" data-end=\"273\"><strong>4. Odpowiedzialno\u015b\u0107 i akceptacja U\u017cytkownika<br><\/strong>ResMiPass.com nie mo\u017ce zagwarantowa\u0107, \u017ce ResMi Pass zostanie zaakceptowany, a U\u017cytkownik musi zawsze z wyprzedzeniem sprawdzi\u0107 wymagania dotycz\u0105ce akceptacji.<strong><br><\/strong><\/p><p data-start=\"0\" data-end=\"273\">Akceptacja ResMi Pass mo\u017ce si\u0119 r\u00f3\u017cni\u0107 w zale\u017cno\u015bci od linii lotniczych, hoteli, w\u0142adz i innych stron trzecich oraz mo\u017ce zale\u017ce\u0107 od lokalnych zasad i procedur.<\/p><p data-start=\"0\" data-end=\"273\">U\u017cytkownik jest odpowiedzialny za sprawdzenie z wyprzedzeniem, czy ResMi Pass zostanie zaakceptowany i czy obowi\u0105zuj\u0105 jakiekolwiek dodatkowe wymagania dotycz\u0105ce dokumentacji, certyfikacji, weryfikacji lub inne dla miejsca docelowego i\/lub zakwaterowania.<\/p><p data-start=\"0\" data-end=\"273\">Firma nie ponosi odpowiedzialno\u015bci za jakiekolwiek rezultaty podr\u00f3\u017cy, w tym op\u00f3\u017anienia, odmowy, anulowania lub decyzje podj\u0119te przez linie lotnicze, hotele, w\u0142adze lub inne strony trzecie.<\/p>\t\t\t\t\t\t\t\t<\/div>\n\t\t\t\t<div class=\"elementor-element elementor-element-77ab75c elementor-widget elementor-widget-text-editor\" data-id=\"77ab75c\" data-element_type=\"widget\" data-e-type=\"widget\" data-widget_type=\"text-editor.default\">\n\t\t\t\t\t\t\t\t\t<p data-start=\"0\" data-end=\"273\"><strong>5. Prawo do odst\u0105pienia od umowy i zwroty<\/strong><br>U\u017cytkownik mo\u017ce mie\u0107 prawo do odst\u0105pienia od umowy zgodnie z obowi\u0105zuj\u0105cymi przepisami konsumenckimi. Jednak\u017ce, po wys\u0142aniu ResMi Pass na podany przez U\u017cytkownika adres e-mail i\/lub udost\u0119pnieniu do pobrania, zwrot nie mo\u017ce by\u0107 dokonany. <\/p>\t\t\t\t\t\t\t\t<\/div>\n\t\t\t\t<div class=\"elementor-element elementor-element-175662c elementor-widget elementor-widget-text-editor\" data-id=\"175662c\" data-element_type=\"widget\" data-e-type=\"widget\" data-widget_type=\"text-editor.default\">\n\t\t\t\t\t\t\t\t\t<p data-start=\"0\" data-end=\"273\"><strong>6. Korekty i nieprawid\u0142owe dane<\/strong><br>ResMi Pass jest generowany na podstawie informacji wprowadzonych przez U\u017cytkownika. Je\u015bli U\u017cytkownik wprowadzi nieprawid\u0142owe informacje, Firma nie mo\u017ce poprawi\u0107 dokumentu, poniewa\u017c Firma nie przechowuje przes\u0142anych danych do p\u00f3\u017aniejszej edycji. <\/p><p data-start=\"0\" data-end=\"273\">Je\u015bli wprowadzono nieprawid\u0142owe informacje, Firma mo\u017ce zaoferowa\u0107 kredyt. W niekt\u00f3rych przypadkach Firma mo\u017ce przyzna\u0107 zwrot, aby U\u017cytkownik m\u00f3g\u0142 z\u0142o\u017cy\u0107 nowe zam\u00f3wienie. <\/p>\t\t\t\t\t\t\t\t<\/div>\n\t\t\t\t<div class=\"elementor-element elementor-element-5046f13 elementor-widget elementor-widget-text-editor\" data-id=\"5046f13\" data-element_type=\"widget\" data-e-type=\"widget\" data-widget_type=\"text-editor.default\">\n\t\t\t\t\t\t\t\t\t<p data-start=\"0\" data-end=\"273\"><strong>7. Odpowiedzialno\u015b\u0107 U\u017cytkownika i ograniczenie odpowiedzialno\u015bci<\/strong><br>U\u017cytkownik jest odpowiedzialny za zapewnienie, \u017ce wszystkie informacje w ResMi Pass s\u0105 dok\u0142adne i kompletne. U\u017cytkownik jest r\u00f3wnie\u017c odpowiedzialny za sprawdzenie zasad i wymaga\u0144 dotycz\u0105cych dokumentacji, kt\u00f3re obowi\u0105zuj\u0105 w miejscu docelowym i u odpowiednich dostawc\u00f3w zakwaterowania. <\/p><p data-start=\"0\" data-end=\"273\">W najszerszym zakresie dozwolonym przez prawo, Firma nie ponosi odpowiedzialno\u015bci za jakiekolwiek straty, szkody lub inne konsekwencje wynikaj\u0105ce z nieakceptowania lub niepolegania na ResMi Pass przez jak\u0105kolwiek stron\u0119 trzeci\u0105.<\/p>\t\t\t\t\t\t\t\t<\/div>\n\t\t\t\t<div class=\"elementor-element elementor-element-695f7bf elementor-widget elementor-widget-text-editor\" data-id=\"695f7bf\" data-element_type=\"widget\" data-e-type=\"widget\" data-widget_type=\"text-editor.default\">\n\t\t\t\t\t\t\t\t\t<p data-start=\"0\" data-end=\"273\"><strong>8. Ochrona danych<\/strong><br>Firma wykorzystuje informacje dostarczone przez U\u017cytkownika wy\u0142\u0105cznie do generowania i dostarczania ResMi Pass. Informacje nie s\u0105 przechowywane po wygenerowaniu i dostarczeniu dokumentu i nie s\u0105 udost\u0119pniane stronom trzecim. <\/p>\t\t\t\t\t\t\t\t<\/div>\n\t\t\t\t<div class=\"elementor-element elementor-element-7aecaa1 elementor-widget elementor-widget-text-editor\" data-id=\"7aecaa1\" data-element_type=\"widget\" data-e-type=\"widget\" data-widget_type=\"text-editor.default\">\n\t\t\t\t\t\t\t\t\t<p data-start=\"0\" data-end=\"273\"><strong>9. Prawo w\u0142a\u015bciwe i spory<\/strong><br>Niniejsze Warunki podlegaj\u0105 prawu szwedzkiemu. Wszelkie spory b\u0119d\u0105 rozstrzygane zgodnie z prawem szwedzkim. <\/p>\t\t\t\t\t\t\t\t<\/div>\n\t\t\t\t<div class=\"elementor-element elementor-element-a608cff elementor-widget elementor-widget-text-editor\" data-id=\"a608cff\" data-element_type=\"widget\" data-e-type=\"widget\" data-widget_type=\"text-editor.default\">\n\t\t\t\t\t\t\t\t\t<p data-start=\"0\" data-end=\"273\"><strong>10. Zmiany w niniejszych Warunkach<\/strong><br>Firma mo\u017ce od czasu do czasu aktualizowa\u0107 niniejsze Warunki. Najnowsza wersja b\u0119dzie zawsze dost\u0119pna na ResMiPass.com. U\u017cytkownik jest odpowiedzialny za zapoznanie si\u0119 z Warunkami w zaktualizowanej i opublikowanej online wersji.  <\/p>\t\t\t\t\t\t\t\t<\/div>\n\t\t\t\t<div class=\"elementor-element elementor-element-e298483 elementor-widget elementor-widget-text-editor\" data-id=\"e298483\" data-element_type=\"widget\" data-e-type=\"widget\" data-widget_type=\"text-editor.default\">\n\t\t\t\t\t\t\t\t\t<p data-start=\"1168\" data-end=\"1329\" data-is-last-node=\"\" data-is-only-node=\"\">Nazwa firmy: Svenska Utrikesgruppen AB<br data-start=\"1211\" data-end=\"1214\">Numer rejestracyjny firmy: 5592102445<br data-start=\"1257\" data-end=\"1260\">Box 11053, 100 61 Sztokholm, Szwecja<\/p>\t\t\t\t\t\t\t\t<\/div>\n\t\t\t\t<div class=\"elementor-element elementor-element-7da78bb elementor-widget elementor-widget-spacer\" data-id=\"7da78bb\" data-element_type=\"widget\" data-e-type=\"widget\" data-widget_type=\"spacer.default\">\n\t\t\t\t\t\t\t<div class=\"elementor-spacer\">\n\t\t\t<div class=\"elementor-spacer-inner\"><\/div>\n\t\t<\/div>\n\t\t\t\t\t\t<\/div>\n\t\t\t\t\t<\/div>\n\t\t<\/div>\n\t\t\t\t\t<\/div>\n\t\t<\/section>\n\t\t\t\t<\/div>\n\t\t","protected":false},"excerpt":{"rendered":"<p>ResMi Pass | Warunki korzystania z us\u0142ugi Niniejsze Warunki (\u201cWarunki\u201d) maj\u0105 zastosowanie do zakupu i u\u017cytkowania ResMi Pass, deklaracji zwi\u0105zku przeznaczonej do u\u017cytku w podr\u00f3\u017cach mi\u0119dzynarodowych, maj\u0105cej na celu potwierdzenie zwi\u0105zku pary w celach podr\u00f3\u017cy i zakwaterowania. W niniejszych Warunkach \u201cFirma\u201d oznacza ResMiPass.com, a \u201cU\u017cytkownik\u201d oznacza osob\u0119, kt\u00f3ra kupuje i\/lub u\u017cywa ResMi Pass. Sk\u0142adaj\u0105c zam\u00f3wienie, [&hellip;]<\/p>\n","protected":false},"author":1,"featured_media":0,"parent":0,"menu_order":0,"comment_status":"closed","ping_status":"closed","template":"elementor_header_footer","meta":{"footnotes":""},"class_list":["post-1034","page","type-page","status-publish","hentry"],"aioseo_notices":[],"_links":{"self":[{"href":"https:\/\/resmipass.com\/pl\/wp-json\/wp\/v2\/pages\/1034","targetHints":{"allow":["GET"]}}],"collection":[{"href":"https:\/\/resmipass.com\/pl\/wp-json\/wp\/v2\/pages"}],"about":[{"href":"https:\/\/resmipass.com\/pl\/wp-json\/wp\/v2\/types\/page"}],"author":[{"embeddable":true,"href":"https:\/\/resmipass.com\/pl\/wp-json\/wp\/v2\/users\/1"}],"replies":[{"embeddable":true,"href":"https:\/\/resmipass.com\/pl\/wp-json\/wp\/v2\/comments?post=1034"}],"version-history":[{"count":1,"href":"https:\/\/resmipass.com\/pl\/wp-json\/wp\/v2\/pages\/1034\/revisions"}],"predecessor-version":[{"id":1036,"href":"https:\/\/resmipass.com\/pl\/wp-json\/wp\/v2\/pages\/1034\/revisions\/1036"}],"wp:attachment":[{"href":"https:\/\/resmipass.com\/pl\/wp-json\/wp\/v2\/media?parent=1034"}],"curies":[{"name":"wp","href":"https:\/\/api.w.org\/{rel}","templated":true}]}}