{"id":1091,"date":"2026-01-22T19:23:16","date_gmt":"2026-01-22T19:23:16","guid":{"rendered":"https:\/\/resmipass.com\/dowiedz-sie-wiecej-o-nas\/"},"modified":"2026-01-24T11:42:56","modified_gmt":"2026-01-24T11:42:56","slug":"dowiedz-sie-wiecej-o-nas","status":"publish","type":"page","link":"https:\/\/resmipass.com\/pl\/dowiedz-sie-wiecej-o-nas\/","title":{"rendered":"Dowiedz si\u0119 wi\u0119cej o nas"},"content":{"rendered":"\t\t<div data-elementor-type=\"wp-page\" data-elementor-id=\"1091\" class=\"elementor elementor-1091 elementor-350\" data-elementor-post-type=\"page\">\n\t\t\t\t\t\t<section class=\"elementor-section elementor-top-section elementor-element elementor-element-8520e7e elementor-section-boxed elementor-section-height-default elementor-section-height-default\" data-id=\"8520e7e\" data-element_type=\"section\" data-e-type=\"section\" data-settings=\"{&quot;background_background&quot;:&quot;gradient&quot;}\">\n\t\t\t\t\t\t<div class=\"elementor-container elementor-column-gap-default\">\n\t\t\t\t\t<div class=\"elementor-column elementor-col-100 elementor-top-column elementor-element elementor-element-55ebdfe\" data-id=\"55ebdfe\" data-element_type=\"column\" data-e-type=\"column\">\n\t\t\t<div class=\"elementor-widget-wrap elementor-element-populated\">\n\t\t\t\t\t\t<div class=\"elementor-element elementor-element-1403dcd elementor-widget elementor-widget-text-editor\" data-id=\"1403dcd\" data-element_type=\"widget\" data-e-type=\"widget\" data-widget_type=\"text-editor.default\">\n\t\t\t\t\t\t\t\t\t<p><strong>ResMi Pass<\/strong> | O nas<\/p>\t\t\t\t\t\t\t\t<\/div>\n\t\t\t\t<div class=\"elementor-element elementor-element-7b0f668 elementor-widget elementor-widget-text-editor\" data-id=\"7b0f668\" data-element_type=\"widget\" data-e-type=\"widget\" data-widget_type=\"text-editor.default\">\n\t\t\t\t\t\t\t\t\t<p data-start=\"0\" data-end=\"273\"><strong>Deklaracja zwi\u0105zku<\/strong><\/p><p data-start=\"0\" data-end=\"273\">ResMiPass.com oferuje ResMi Pass, deklaracj\u0119 zwi\u0105zku przeznaczon\u0105 do podr\u00f3\u017cy mi\u0119dzynarodowych i zakwaterowania. Dokument jest stworzony dla par, kt\u00f3re mog\u0105 zosta\u0107 poproszone o okre\u015blenie lub potwierdzenie statusu swojego zwi\u0105zku podczas podr\u00f3\u017cy i wsp\u00f3lnego pobytu, szczeg\u00f3lnie w przypadku podr\u00f3\u017cy do miejsc, gdzie zasady kulturowe i religijne mog\u0105 wp\u0142ywa\u0107 na wymagania dotycz\u0105ce zakwaterowania i podr\u00f3\u017cy. <\/p>\t\t\t\t\t\t\t\t<\/div>\n\t\t\t\t<div class=\"elementor-element elementor-element-d9ac598 elementor-widget elementor-widget-text-editor\" data-id=\"d9ac598\" data-element_type=\"widget\" data-e-type=\"widget\" data-widget_type=\"text-editor.default\">\n\t\t\t\t\t\t\t\t\t<p data-start=\"0\" data-end=\"273\"><strong>Podr\u00f3\u017ce do miejsc z wymaganiami kulturowymi i religijnymi<\/strong><\/p><p data-start=\"0\" data-end=\"273\">ResMi Pass jest szczeg\u00f3lnie istotny podczas podr\u00f3\u017cy do miejsc, gdzie zasady kulturowe i religijne mog\u0105 wp\u0142ywa\u0107 na lokalne wymagania, takie jak pobyty w hotelach, procedury podr\u00f3\u017cne i inne kontrole urz\u0119dowe lub administracyjne, oraz gdzie mo\u017ce zosta\u0107 wymagany status zwi\u0105zku.<\/p>\t\t\t\t\t\t\t\t<\/div>\n\t\t\t\t<div class=\"elementor-element elementor-element-dc974ad elementor-widget elementor-widget-text-editor\" data-id=\"dc974ad\" data-element_type=\"widget\" data-e-type=\"widget\" data-widget_type=\"text-editor.default\">\n\t\t\t\t\t\t\t\t\t<p data-start=\"0\" data-end=\"273\"><strong>Nasz cel<\/strong><\/p><p data-start=\"0\" data-end=\"273\">Naszym celem jest zapewnienie jasnego, ustrukturyzowanego dokumentu, kt\u00f3ry mo\u017cna przedstawi\u0107, gdy wymagane s\u0105 informacje o zwi\u0105zku podczas podr\u00f3\u017cy. Podr\u00f3\u017cuj\u0105cy s\u0105 odpowiedzialni za sprawdzenie wymaga\u0144 dotycz\u0105cych miejsca docelowego i zakwaterowania oraz upewnienie si\u0119, \u017ce posiadaj\u0105 dokumentacj\u0119 niezb\u0119dn\u0105 do odbycia podr\u00f3\u017cy. <\/p>\t\t\t\t\t\t\t\t<\/div>\n\t\t\t\t<div class=\"elementor-element elementor-element-527f474 elementor-widget elementor-widget-text-editor\" data-id=\"527f474\" data-element_type=\"widget\" data-e-type=\"widget\" data-widget_type=\"text-editor.default\">\n\t\t\t\t\t\t\t\t\t<p data-start=\"0\" data-end=\"273\"><strong>Kontakt<\/strong><\/p><p data-start=\"0\" data-end=\"273\">W przypadku jakichkolwiek pyta\u0144 dotycz\u0105cych ResMi Pass lub Pa\u0144stwa zam\u00f3wienia, zapraszamy do kontaktu mailowego pod adresem:<\/p><p data-start=\"0\" data-end=\"273\">info@resmipass.com<\/p>\t\t\t\t\t\t\t\t<\/div>\n\t\t\t\t<div class=\"elementor-element elementor-element-6a1c41e elementor-widget elementor-widget-spacer\" data-id=\"6a1c41e\" data-element_type=\"widget\" data-e-type=\"widget\" data-widget_type=\"spacer.default\">\n\t\t\t\t\t\t\t<div class=\"elementor-spacer\">\n\t\t\t<div class=\"elementor-spacer-inner\"><\/div>\n\t\t<\/div>\n\t\t\t\t\t\t<\/div>\n\t\t\t\t\t<\/div>\n\t\t<\/div>\n\t\t\t\t\t<\/div>\n\t\t<\/section>\n\t\t\t\t<\/div>\n\t\t","protected":false},"excerpt":{"rendered":"<p>ResMi Pass | O nas Deklaracja zwi\u0105zku ResMiPass.com oferuje ResMi Pass, deklaracj\u0119 zwi\u0105zku przeznaczon\u0105 do podr\u00f3\u017cy mi\u0119dzynarodowych i zakwaterowania. Dokument jest stworzony dla par, kt\u00f3re mog\u0105 zosta\u0107 poproszone o okre\u015blenie lub potwierdzenie statusu swojego zwi\u0105zku podczas podr\u00f3\u017cy i wsp\u00f3lnego pobytu, szczeg\u00f3lnie w przypadku podr\u00f3\u017cy do miejsc, gdzie zasady kulturowe i religijne mog\u0105 wp\u0142ywa\u0107 na wymagania [&hellip;]<\/p>\n","protected":false},"author":1,"featured_media":0,"parent":0,"menu_order":0,"comment_status":"closed","ping_status":"closed","template":"elementor_header_footer","meta":{"footnotes":""},"class_list":["post-1091","page","type-page","status-publish","hentry"],"aioseo_notices":[],"_links":{"self":[{"href":"https:\/\/resmipass.com\/pl\/wp-json\/wp\/v2\/pages\/1091","targetHints":{"allow":["GET"]}}],"collection":[{"href":"https:\/\/resmipass.com\/pl\/wp-json\/wp\/v2\/pages"}],"about":[{"href":"https:\/\/resmipass.com\/pl\/wp-json\/wp\/v2\/types\/page"}],"author":[{"embeddable":true,"href":"https:\/\/resmipass.com\/pl\/wp-json\/wp\/v2\/users\/1"}],"replies":[{"embeddable":true,"href":"https:\/\/resmipass.com\/pl\/wp-json\/wp\/v2\/comments?post=1091"}],"version-history":[{"count":1,"href":"https:\/\/resmipass.com\/pl\/wp-json\/wp\/v2\/pages\/1091\/revisions"}],"predecessor-version":[{"id":1092,"href":"https:\/\/resmipass.com\/pl\/wp-json\/wp\/v2\/pages\/1091\/revisions\/1092"}],"wp:attachment":[{"href":"https:\/\/resmipass.com\/pl\/wp-json\/wp\/v2\/media?parent=1091"}],"curies":[{"name":"wp","href":"https:\/\/api.w.org\/{rel}","templated":true}]}}