{"id":1097,"date":"2026-01-22T19:23:15","date_gmt":"2026-01-22T19:23:15","guid":{"rendered":"https:\/\/resmipass.com\/skontaktuj-sie-z-nami\/"},"modified":"2026-01-24T11:42:56","modified_gmt":"2026-01-24T11:42:56","slug":"skontaktuj-sie-z-nami","status":"publish","type":"page","link":"https:\/\/resmipass.com\/pl\/skontaktuj-sie-z-nami\/","title":{"rendered":"Skontaktuj si\u0119 z nami"},"content":{"rendered":"\t\t<div data-elementor-type=\"wp-page\" data-elementor-id=\"1097\" class=\"elementor elementor-1097 elementor-349\" data-elementor-post-type=\"page\">\n\t\t\t\t\t\t<section class=\"elementor-section elementor-top-section elementor-element elementor-element-2bc5df9 elementor-section-boxed elementor-section-height-default elementor-section-height-default\" data-id=\"2bc5df9\" data-element_type=\"section\" data-e-type=\"section\" data-settings=\"{&quot;background_background&quot;:&quot;gradient&quot;}\">\n\t\t\t\t\t\t<div class=\"elementor-container elementor-column-gap-default\">\n\t\t\t\t\t<div class=\"elementor-column elementor-col-100 elementor-top-column elementor-element elementor-element-5ff3adc\" data-id=\"5ff3adc\" data-element_type=\"column\" data-e-type=\"column\">\n\t\t\t<div class=\"elementor-widget-wrap elementor-element-populated\">\n\t\t\t\t\t\t<div class=\"elementor-element elementor-element-653ae29 elementor-widget elementor-widget-text-editor\" data-id=\"653ae29\" data-element_type=\"widget\" data-e-type=\"widget\" data-widget_type=\"text-editor.default\">\n\t\t\t\t\t\t\t\t\t<p><strong>ResMi Pass<\/strong> | Skontaktuj si\u0119 z nami<\/p>\t\t\t\t\t\t\t\t<\/div>\n\t\t\t\t<div class=\"elementor-element elementor-element-9eba052 elementor-widget elementor-widget-text-editor\" data-id=\"9eba052\" data-element_type=\"widget\" data-e-type=\"widget\" data-widget_type=\"text-editor.default\">\n\t\t\t\t\t\t\t\t\t<p><strong>Pomoc i wsparcie <\/strong><\/p><p>Je\u015bli masz pytania dotycz\u0105ce ResMi Pass, swojego zam\u00f3wienia lub dostawy, prosimy o kontakt, a my Ci pomo\u017cemy.<\/p>\t\t\t\t\t\t\t\t<\/div>\n\t\t\t\t<div class=\"elementor-element elementor-element-77660c3 elementor-widget elementor-widget-text-editor\" data-id=\"77660c3\" data-element_type=\"widget\" data-e-type=\"widget\" data-widget_type=\"text-editor.default\">\n\t\t\t\t\t\t\t\t\t<p data-start=\"0\" data-end=\"273\"><strong>Przygotuj nast\u0119puj\u0105ce informacje<\/strong><\/p><p data-start=\"0\" data-end=\"273\">Je\u015bli potrzebujesz skontaktowa\u0107 si\u0119 z nami w sprawie ResMi Pass, prosimy o wys\u0142anie wiadomo\u015bci e-mail. Prosimy o podanie wszelkich istotnych szczeg\u00f3\u0142\u00f3w, aby\u015bmy mogli skutecznie Ci pom\u00f3c, takich jak numer zam\u00f3wienia, imi\u0119 i nazwisko, data zakupu oraz kr\u00f3tki opis Twojej sprawy. <\/p>\t\t\t\t\t\t\t\t<\/div>\n\t\t\t\t<div class=\"elementor-element elementor-element-f2fe4c9 elementor-widget elementor-widget-text-editor\" data-id=\"f2fe4c9\" data-element_type=\"widget\" data-e-type=\"widget\" data-widget_type=\"text-editor.default\">\n\t\t\t\t\t\t\t\t\t<p data-start=\"0\" data-end=\"273\"><strong>Informacje kontaktowe<\/strong><\/p><p data-start=\"0\" data-end=\"273\">E-mail: info@resmipass.com<\/p><p data-start=\"0\" data-end=\"273\">Czas odpowiedzi: <strong>[w ci\u0105gu 24-48 godzin w dni robocze]<\/strong><\/p>\t\t\t\t\t\t\t\t<\/div>\n\t\t\t\t<div class=\"elementor-element elementor-element-9cd4152 elementor-widget elementor-widget-spacer\" data-id=\"9cd4152\" data-element_type=\"widget\" data-e-type=\"widget\" data-widget_type=\"spacer.default\">\n\t\t\t\t\t\t\t<div class=\"elementor-spacer\">\n\t\t\t<div class=\"elementor-spacer-inner\"><\/div>\n\t\t<\/div>\n\t\t\t\t\t\t<\/div>\n\t\t\t\t\t<\/div>\n\t\t<\/div>\n\t\t\t\t\t<\/div>\n\t\t<\/section>\n\t\t\t\t<\/div>\n\t\t","protected":false},"excerpt":{"rendered":"<p>ResMi Pass | Skontaktuj si\u0119 z nami Pomoc i wsparcie Je\u015bli masz pytania dotycz\u0105ce ResMi Pass, swojego zam\u00f3wienia lub dostawy, prosimy o kontakt, a my Ci pomo\u017cemy. Przygotuj nast\u0119puj\u0105ce informacje Je\u015bli potrzebujesz skontaktowa\u0107 si\u0119 z nami w sprawie ResMi Pass, prosimy o wys\u0142anie wiadomo\u015bci e-mail. Prosimy o podanie wszelkich istotnych szczeg\u00f3\u0142\u00f3w, aby\u015bmy mogli skutecznie Ci [&hellip;]<\/p>\n","protected":false},"author":1,"featured_media":0,"parent":0,"menu_order":0,"comment_status":"closed","ping_status":"closed","template":"elementor_header_footer","meta":{"footnotes":""},"class_list":["post-1097","page","type-page","status-publish","hentry"],"aioseo_notices":[],"_links":{"self":[{"href":"https:\/\/resmipass.com\/pl\/wp-json\/wp\/v2\/pages\/1097","targetHints":{"allow":["GET"]}}],"collection":[{"href":"https:\/\/resmipass.com\/pl\/wp-json\/wp\/v2\/pages"}],"about":[{"href":"https:\/\/resmipass.com\/pl\/wp-json\/wp\/v2\/types\/page"}],"author":[{"embeddable":true,"href":"https:\/\/resmipass.com\/pl\/wp-json\/wp\/v2\/users\/1"}],"replies":[{"embeddable":true,"href":"https:\/\/resmipass.com\/pl\/wp-json\/wp\/v2\/comments?post=1097"}],"version-history":[{"count":1,"href":"https:\/\/resmipass.com\/pl\/wp-json\/wp\/v2\/pages\/1097\/revisions"}],"predecessor-version":[{"id":1099,"href":"https:\/\/resmipass.com\/pl\/wp-json\/wp\/v2\/pages\/1097\/revisions\/1099"}],"wp:attachment":[{"href":"https:\/\/resmipass.com\/pl\/wp-json\/wp\/v2\/media?parent=1097"}],"curies":[{"name":"wp","href":"https:\/\/api.w.org\/{rel}","templated":true}]}}