{"id":1030,"date":"2026-01-22T19:23:11","date_gmt":"2026-01-22T19:23:11","guid":{"rendered":"https:\/\/resmipass.com\/termos-e-condicoes\/"},"modified":"2026-01-24T11:42:49","modified_gmt":"2026-01-24T11:42:49","slug":"termos-e-condicoes","status":"publish","type":"page","link":"https:\/\/resmipass.com\/pt-pt\/termos-e-condicoes\/","title":{"rendered":"Termos e condi\u00e7\u00f5es"},"content":{"rendered":"\t\t<div data-elementor-type=\"wp-page\" data-elementor-id=\"1030\" class=\"elementor elementor-1030 elementor-345\" data-elementor-post-type=\"page\">\n\t\t\t\t\t\t<section class=\"elementor-section elementor-top-section elementor-element elementor-element-d6d6952 elementor-section-boxed elementor-section-height-default elementor-section-height-default\" data-id=\"d6d6952\" data-element_type=\"section\" data-e-type=\"section\" data-settings=\"{&quot;background_background&quot;:&quot;gradient&quot;}\">\n\t\t\t\t\t\t<div class=\"elementor-container elementor-column-gap-default\">\n\t\t\t\t\t<div class=\"elementor-column elementor-col-100 elementor-top-column elementor-element elementor-element-59d10d1\" data-id=\"59d10d1\" data-element_type=\"column\" data-e-type=\"column\">\n\t\t\t<div class=\"elementor-widget-wrap elementor-element-populated\">\n\t\t\t\t\t\t<div class=\"elementor-element elementor-element-96827e1 elementor-widget elementor-widget-text-editor\" data-id=\"96827e1\" data-element_type=\"widget\" data-e-type=\"widget\" data-widget_type=\"text-editor.default\">\n\t\t\t\t\t\t\t\t\t<p><strong>ResMi Pass<\/strong> | Termos e condi\u00e7\u00f5es<\/p>\t\t\t\t\t\t\t\t<\/div>\n\t\t\t\t<div class=\"elementor-element elementor-element-9e807be elementor-widget elementor-widget-text-editor\" data-id=\"9e807be\" data-element_type=\"widget\" data-e-type=\"widget\" data-widget_type=\"text-editor.default\">\n\t\t\t\t\t\t\t\t\t<p data-start=\"0\" data-end=\"273\">Estes Termos e Condi\u00e7\u00f5es (\u201cTermos\u201d) aplicam-se \u00e0 compra e utiliza\u00e7\u00e3o do ResMi Pass, uma declara\u00e7\u00e3o de relacionamento para viagens internacionais destinada a confirmar o relacionamento de um casal para fins de viagem e alojamento.<\/p><p data-start=\"0\" data-end=\"273\">Nestes Termos, \u201ca Empresa\u201d significa ResMiPass.com, e \u201co Utilizador\u201d significa a pessoa que compra e\/ou utiliza o ResMi Pass. Ao efetuar uma encomenda, o Utilizador confirma que leu, compreendeu e concordou com estes Termos. <\/p>\t\t\t\t\t\t\t\t<\/div>\n\t\t\t\t<div class=\"elementor-element elementor-element-3914c70 elementor-widget elementor-widget-text-editor\" data-id=\"3914c70\" data-element_type=\"widget\" data-e-type=\"widget\" data-widget_type=\"text-editor.default\">\n\t\t\t\t\t\t\t\t\t<p data-start=\"0\" data-end=\"273\"><strong>1. Sobre o ResMi Pass<\/strong><br>O ResMi Pass \u00e9 uma declara\u00e7\u00e3o de relacionamento gerada com base nas informa\u00e7\u00f5es que o Utilizador fornece no formul\u00e1rio de encomenda.<\/p>\t\t\t\t\t\t\t\t<\/div>\n\t\t\t\t<div class=\"elementor-element elementor-element-d8e9003 elementor-widget elementor-widget-text-editor\" data-id=\"d8e9003\" data-element_type=\"widget\" data-e-type=\"widget\" data-widget_type=\"text-editor.default\">\n\t\t\t\t\t\t\t\t\t<p data-start=\"0\" data-end=\"273\"><strong>2. Entrega<\/strong><br>O ResMi Pass \u00e9 entregue eletronicamente por e-mail e\/ou disponibilizado para download direto. O documento \u00e9 gerado e entregue automaticamente para o endere\u00e7o de e-mail fornecido pelo Utilizador, e\/ou atrav\u00e9s de download direto, ap\u00f3s a conclus\u00e3o do pagamento. <\/p>\t\t\t\t\t\t\t\t<\/div>\n\t\t\t\t<div class=\"elementor-element elementor-element-c23c633 elementor-widget elementor-widget-text-editor\" data-id=\"c23c633\" data-element_type=\"widget\" data-e-type=\"widget\" data-widget_type=\"text-editor.default\">\n\t\t\t\t\t\t\t\t\t<p data-start=\"0\" data-end=\"273\"><strong>3. Pre\u00e7os e pagamento<\/strong><br>O pre\u00e7o \u00e9 exibido durante o processo de encomenda do ResMi Pass. O pagamento \u00e9 efetuado online em ResMiPass.com. <\/p>\t\t\t\t\t\t\t\t<\/div>\n\t\t\t\t<div class=\"elementor-element elementor-element-2295cb7 elementor-widget elementor-widget-text-editor\" data-id=\"2295cb7\" data-element_type=\"widget\" data-e-type=\"widget\" data-widget_type=\"text-editor.default\">\n\t\t\t\t\t\t\t\t\t<p data-start=\"0\" data-end=\"273\"><strong>4. Responsabilidade e aceita\u00e7\u00e3o do utilizador<br><\/strong>A ResMiPass.com n\u00e3o pode garantir que o ResMi Pass ser\u00e1 aceite, e o Utilizador deve sempre verificar os requisitos de aceita\u00e7\u00e3o com anteced\u00eancia.<strong><br><\/strong><\/p><p data-start=\"0\" data-end=\"273\">A aceita\u00e7\u00e3o do ResMi Pass pode variar entre companhias a\u00e9reas, hot\u00e9is, autoridades e outros terceiros, e pode depender de regras e procedimentos locais.<\/p><p data-start=\"0\" data-end=\"273\">O Utilizador \u00e9 respons\u00e1vel por verificar, com anteced\u00eancia, se o ResMi Pass ser\u00e1 aceite e se quaisquer documentos, certifica\u00e7\u00f5es, verifica\u00e7\u00f5es ou outros requisitos adicionais se aplicam para o destino e\/ou alojamento.<\/p><p data-start=\"0\" data-end=\"273\">A Empresa n\u00e3o \u00e9 respons\u00e1vel por quaisquer resultados de viagem, incluindo atrasos, recusas, cancelamentos ou decis\u00f5es tomadas por companhias a\u00e9reas, hot\u00e9is, autoridades ou outros terceiros.<\/p>\t\t\t\t\t\t\t\t<\/div>\n\t\t\t\t<div class=\"elementor-element elementor-element-77ab75c elementor-widget elementor-widget-text-editor\" data-id=\"77ab75c\" data-element_type=\"widget\" data-e-type=\"widget\" data-widget_type=\"text-editor.default\">\n\t\t\t\t\t\t\t\t\t<p data-start=\"0\" data-end=\"273\"><strong>5. Direito de rescis\u00e3o e reembolsos<\/strong><br>O Utilizador pode ter um direito de rescis\u00e3o ao abrigo das leis de defesa do consumidor aplic\u00e1veis. No entanto, uma vez que o ResMi Pass tenha sido enviado para o endere\u00e7o de e-mail fornecido pelo Utilizador e\/ou disponibilizado para download, n\u00e3o \u00e9 poss\u00edvel efetuar um reembolso. <\/p>\t\t\t\t\t\t\t\t<\/div>\n\t\t\t\t<div class=\"elementor-element elementor-element-175662c elementor-widget elementor-widget-text-editor\" data-id=\"175662c\" data-element_type=\"widget\" data-e-type=\"widget\" data-widget_type=\"text-editor.default\">\n\t\t\t\t\t\t\t\t\t<p data-start=\"0\" data-end=\"273\"><strong>6. Corre\u00e7\u00f5es e detalhes incorretos<\/strong><br>O ResMi Pass \u00e9 gerado a partir das informa\u00e7\u00f5es introduzidas pelo Utilizador. Se o Utilizador introduzir informa\u00e7\u00f5es incorretas, a Empresa n\u00e3o pode corrigir o documento, uma vez que a Empresa n\u00e3o armazena os detalhes submetidos para edi\u00e7\u00e3o posterior. <\/p><p data-start=\"0\" data-end=\"273\">Se tiverem sido introduzidas informa\u00e7\u00f5es incorretas, a Empresa pode oferecer um cr\u00e9dito. Em certos casos, a Empresa pode conceder um reembolso para que o Utilizador possa efetuar uma nova encomenda. <\/p>\t\t\t\t\t\t\t\t<\/div>\n\t\t\t\t<div class=\"elementor-element elementor-element-5046f13 elementor-widget elementor-widget-text-editor\" data-id=\"5046f13\" data-element_type=\"widget\" data-e-type=\"widget\" data-widget_type=\"text-editor.default\">\n\t\t\t\t\t\t\t\t\t<p data-start=\"0\" data-end=\"273\"><strong>7. Responsabilidade do utilizador e limita\u00e7\u00e3o de responsabilidade<\/strong><br>O Utilizador \u00e9 respons\u00e1vel por garantir que todas as informa\u00e7\u00f5es no ResMi Pass est\u00e3o corretas e completas. O Utilizador \u00e9 tamb\u00e9m respons\u00e1vel por verificar as regras e os requisitos de documenta\u00e7\u00e3o que se aplicam ao destino e a qualquer(quaisquer) fornecedor(es) de alojamento relevante(s). <\/p><p data-start=\"0\" data-end=\"273\">Na m\u00e1xima extens\u00e3o permitida por lei, a Empresa n\u00e3o \u00e9 respons\u00e1vel por qualquer perda, dano ou outras consequ\u00eancias decorrentes do facto de o ResMi Pass n\u00e3o ser aceite ou utilizado por terceiros.<\/p>\t\t\t\t\t\t\t\t<\/div>\n\t\t\t\t<div class=\"elementor-element elementor-element-695f7bf elementor-widget elementor-widget-text-editor\" data-id=\"695f7bf\" data-element_type=\"widget\" data-e-type=\"widget\" data-widget_type=\"text-editor.default\">\n\t\t\t\t\t\t\t\t\t<p data-start=\"0\" data-end=\"273\"><strong>8. Prote\u00e7\u00e3o de dados<\/strong><br>A Empresa utiliza as informa\u00e7\u00f5es fornecidas pelo Utilizador exclusivamente para gerar e entregar o ResMi Pass. As informa\u00e7\u00f5es n\u00e3o s\u00e3o armazenadas ap\u00f3s a gera\u00e7\u00e3o e entrega do documento, e n\u00e3o s\u00e3o partilhadas com terceiros. <\/p>\t\t\t\t\t\t\t\t<\/div>\n\t\t\t\t<div class=\"elementor-element elementor-element-7aecaa1 elementor-widget elementor-widget-text-editor\" data-id=\"7aecaa1\" data-element_type=\"widget\" data-e-type=\"widget\" data-widget_type=\"text-editor.default\">\n\t\t\t\t\t\t\t\t\t<p data-start=\"0\" data-end=\"273\"><strong>9. Lei aplic\u00e1vel e lit\u00edgios<\/strong><br>Estes Termos s\u00e3o regidos pela lei sueca. Quaisquer lit\u00edgios ser\u00e3o resolvidos ao abrigo da lei sueca. <\/p>\t\t\t\t\t\t\t\t<\/div>\n\t\t\t\t<div class=\"elementor-element elementor-element-a608cff elementor-widget elementor-widget-text-editor\" data-id=\"a608cff\" data-element_type=\"widget\" data-e-type=\"widget\" data-widget_type=\"text-editor.default\">\n\t\t\t\t\t\t\t\t\t<p data-start=\"0\" data-end=\"273\"><strong>10. Altera\u00e7\u00f5es a estes Termos<\/strong><br>A Empresa pode atualizar estes Termos periodicamente. A vers\u00e3o mais recente estar\u00e1 sempre dispon\u00edvel em ResMiPass.com. O Utilizador \u00e9 respons\u00e1vel por rever os Termos conforme atualizados e publicados online.  <\/p>\t\t\t\t\t\t\t\t<\/div>\n\t\t\t\t<div class=\"elementor-element elementor-element-e298483 elementor-widget elementor-widget-text-editor\" data-id=\"e298483\" data-element_type=\"widget\" data-e-type=\"widget\" data-widget_type=\"text-editor.default\">\n\t\t\t\t\t\t\t\t\t<p data-start=\"1168\" data-end=\"1329\" data-is-last-node=\"\" data-is-only-node=\"\">Nome da empresa: Svenska Utrikesgruppen AB<br data-start=\"1211\" data-end=\"1214\">N\u00famero de registo da empresa: 5592102445<br data-start=\"1257\" data-end=\"1260\">Box 11053, 100 61 Estocolmo, Su\u00e9cia<\/p>\t\t\t\t\t\t\t\t<\/div>\n\t\t\t\t<div class=\"elementor-element elementor-element-7da78bb elementor-widget elementor-widget-spacer\" data-id=\"7da78bb\" data-element_type=\"widget\" data-e-type=\"widget\" data-widget_type=\"spacer.default\">\n\t\t\t\t\t\t\t<div class=\"elementor-spacer\">\n\t\t\t<div class=\"elementor-spacer-inner\"><\/div>\n\t\t<\/div>\n\t\t\t\t\t\t<\/div>\n\t\t\t\t\t<\/div>\n\t\t<\/div>\n\t\t\t\t\t<\/div>\n\t\t<\/section>\n\t\t\t\t<\/div>\n\t\t","protected":false},"excerpt":{"rendered":"<p>ResMi Pass | Termos e condi\u00e7\u00f5es Estes Termos e Condi\u00e7\u00f5es (\u201cTermos\u201d) aplicam-se \u00e0 compra e utiliza\u00e7\u00e3o do ResMi Pass, uma declara\u00e7\u00e3o de relacionamento para viagens internacionais destinada a confirmar o relacionamento de um casal para fins de viagem e alojamento. Nestes Termos, \u201ca Empresa\u201d significa ResMiPass.com, e \u201co Utilizador\u201d significa a pessoa que compra e\/ou [&hellip;]<\/p>\n","protected":false},"author":1,"featured_media":0,"parent":0,"menu_order":0,"comment_status":"closed","ping_status":"closed","template":"elementor_header_footer","meta":{"footnotes":""},"class_list":["post-1030","page","type-page","status-publish","hentry"],"aioseo_notices":[],"_links":{"self":[{"href":"https:\/\/resmipass.com\/pt-pt\/wp-json\/wp\/v2\/pages\/1030","targetHints":{"allow":["GET"]}}],"collection":[{"href":"https:\/\/resmipass.com\/pt-pt\/wp-json\/wp\/v2\/pages"}],"about":[{"href":"https:\/\/resmipass.com\/pt-pt\/wp-json\/wp\/v2\/types\/page"}],"author":[{"embeddable":true,"href":"https:\/\/resmipass.com\/pt-pt\/wp-json\/wp\/v2\/users\/1"}],"replies":[{"embeddable":true,"href":"https:\/\/resmipass.com\/pt-pt\/wp-json\/wp\/v2\/comments?post=1030"}],"version-history":[{"count":1,"href":"https:\/\/resmipass.com\/pt-pt\/wp-json\/wp\/v2\/pages\/1030\/revisions"}],"predecessor-version":[{"id":1031,"href":"https:\/\/resmipass.com\/pt-pt\/wp-json\/wp\/v2\/pages\/1030\/revisions\/1031"}],"wp:attachment":[{"href":"https:\/\/resmipass.com\/pt-pt\/wp-json\/wp\/v2\/media?parent=1030"}],"curies":[{"name":"wp","href":"https:\/\/api.w.org\/{rel}","templated":true}]}}