{"id":1069,"date":"2026-01-22T19:23:14","date_gmt":"2026-01-22T19:23:14","guid":{"rendered":"https:\/\/resmipass.com\/politica-de-rambursare\/"},"modified":"2026-01-24T11:42:53","modified_gmt":"2026-01-24T11:42:53","slug":"politica-de-rambursare","status":"publish","type":"page","link":"https:\/\/resmipass.com\/ro\/politica-de-rambursare\/","title":{"rendered":"Politica de rambursare"},"content":{"rendered":"\t\t<div data-elementor-type=\"wp-page\" data-elementor-id=\"1069\" class=\"elementor elementor-1069 elementor-348\" data-elementor-post-type=\"page\">\n\t\t\t\t\t\t<section class=\"elementor-section elementor-top-section elementor-element elementor-element-540aab0 elementor-section-boxed elementor-section-height-default elementor-section-height-default\" data-id=\"540aab0\" data-element_type=\"section\" data-e-type=\"section\" data-settings=\"{&quot;background_background&quot;:&quot;gradient&quot;}\">\n\t\t\t\t\t\t<div class=\"elementor-container elementor-column-gap-default\">\n\t\t\t\t\t<div class=\"elementor-column elementor-col-100 elementor-top-column elementor-element elementor-element-64f7dfa\" data-id=\"64f7dfa\" data-element_type=\"column\" data-e-type=\"column\">\n\t\t\t<div class=\"elementor-widget-wrap elementor-element-populated\">\n\t\t\t\t\t\t<div class=\"elementor-element elementor-element-f1ce563 elementor-widget elementor-widget-text-editor\" data-id=\"f1ce563\" data-element_type=\"widget\" data-e-type=\"widget\" data-widget_type=\"text-editor.default\">\n\t\t\t\t\t\t\t\t\t<p><strong>ResMi Pass<\/strong> | Politica de rambursare<\/p>\t\t\t\t\t\t\t\t<\/div>\n\t\t\t\t<div class=\"elementor-element elementor-element-5ef2c25 elementor-widget elementor-widget-text-editor\" data-id=\"5ef2c25\" data-element_type=\"widget\" data-e-type=\"widget\" data-widget_type=\"text-editor.default\">\n\t\t\t\t\t\t\t\t\t<p data-start=\"0\" data-end=\"273\">Ramburs\u0103rile nu sunt disponibile odat\u0103 ce ResMi Pass a fost generat \u0219i trimis la adresa de e-mail furnizat\u0103 de Utilizator \u0219i\/sau pus la dispozi\u021bie pentru desc\u0103rcare. \u00cen cazuri excep\u021bionale, putem revizui solicitarea dumneavoastr\u0103 \u0219i, la discre\u021bia noastr\u0103, putem emite o rambursare. V\u0103 rug\u0103m s\u0103 ne contacta\u021bi dac\u0103 ave\u021bi nevoie de asisten\u021b\u0103.  <\/p>\t\t\t\t\t\t\t\t<\/div>\n\t\t\t\t<div class=\"elementor-element elementor-element-0b33c14 elementor-widget elementor-widget-spacer\" data-id=\"0b33c14\" data-element_type=\"widget\" data-e-type=\"widget\" data-widget_type=\"spacer.default\">\n\t\t\t\t\t\t\t<div class=\"elementor-spacer\">\n\t\t\t<div class=\"elementor-spacer-inner\"><\/div>\n\t\t<\/div>\n\t\t\t\t\t\t<\/div>\n\t\t\t\t\t<\/div>\n\t\t<\/div>\n\t\t\t\t\t<\/div>\n\t\t<\/section>\n\t\t\t\t<\/div>\n\t\t","protected":false},"excerpt":{"rendered":"<p>ResMi Pass | Politica de rambursare Ramburs\u0103rile nu sunt disponibile odat\u0103 ce ResMi Pass a fost generat \u0219i trimis la adresa de e-mail furnizat\u0103 de Utilizator \u0219i\/sau pus la dispozi\u021bie pentru desc\u0103rcare. \u00cen cazuri excep\u021bionale, putem revizui solicitarea dumneavoastr\u0103 \u0219i, la discre\u021bia noastr\u0103, putem emite o rambursare. V\u0103 rug\u0103m s\u0103 ne contacta\u021bi dac\u0103 ave\u021bi nevoie [&hellip;]<\/p>\n","protected":false},"author":1,"featured_media":0,"parent":0,"menu_order":0,"comment_status":"closed","ping_status":"closed","template":"elementor_header_footer","meta":{"footnotes":""},"class_list":["post-1069","page","type-page","status-publish","hentry"],"aioseo_notices":[],"_links":{"self":[{"href":"https:\/\/resmipass.com\/ro\/wp-json\/wp\/v2\/pages\/1069","targetHints":{"allow":["GET"]}}],"collection":[{"href":"https:\/\/resmipass.com\/ro\/wp-json\/wp\/v2\/pages"}],"about":[{"href":"https:\/\/resmipass.com\/ro\/wp-json\/wp\/v2\/types\/page"}],"author":[{"embeddable":true,"href":"https:\/\/resmipass.com\/ro\/wp-json\/wp\/v2\/users\/1"}],"replies":[{"embeddable":true,"href":"https:\/\/resmipass.com\/ro\/wp-json\/wp\/v2\/comments?post=1069"}],"version-history":[{"count":1,"href":"https:\/\/resmipass.com\/ro\/wp-json\/wp\/v2\/pages\/1069\/revisions"}],"predecessor-version":[{"id":1070,"href":"https:\/\/resmipass.com\/ro\/wp-json\/wp\/v2\/pages\/1069\/revisions\/1070"}],"wp:attachment":[{"href":"https:\/\/resmipass.com\/ro\/wp-json\/wp\/v2\/media?parent=1069"}],"curies":[{"name":"wp","href":"https:\/\/api.w.org\/{rel}","templated":true}]}}