{"id":1084,"date":"2026-01-22T19:23:16","date_gmt":"2026-01-22T19:23:16","guid":{"rendered":"https:\/\/resmipass.com\/cititi-mai-multe-despre-noi\/"},"modified":"2026-01-24T11:42:56","modified_gmt":"2026-01-24T11:42:56","slug":"cititi-mai-multe-despre-noi","status":"publish","type":"page","link":"https:\/\/resmipass.com\/ro\/cititi-mai-multe-despre-noi\/","title":{"rendered":"Citi\u021bi mai multe despre noi"},"content":{"rendered":"\t\t<div data-elementor-type=\"wp-page\" data-elementor-id=\"1084\" class=\"elementor elementor-1084 elementor-350\" data-elementor-post-type=\"page\">\n\t\t\t\t\t\t<section class=\"elementor-section elementor-top-section elementor-element elementor-element-8520e7e elementor-section-boxed elementor-section-height-default elementor-section-height-default\" data-id=\"8520e7e\" data-element_type=\"section\" data-e-type=\"section\" data-settings=\"{&quot;background_background&quot;:&quot;gradient&quot;}\">\n\t\t\t\t\t\t<div class=\"elementor-container elementor-column-gap-default\">\n\t\t\t\t\t<div class=\"elementor-column elementor-col-100 elementor-top-column elementor-element elementor-element-55ebdfe\" data-id=\"55ebdfe\" data-element_type=\"column\" data-e-type=\"column\">\n\t\t\t<div class=\"elementor-widget-wrap elementor-element-populated\">\n\t\t\t\t\t\t<div class=\"elementor-element elementor-element-1403dcd elementor-widget elementor-widget-text-editor\" data-id=\"1403dcd\" data-element_type=\"widget\" data-e-type=\"widget\" data-widget_type=\"text-editor.default\">\n\t\t\t\t\t\t\t\t\t<p><strong>ResMi Pass<\/strong> | Despre noi<\/p>\t\t\t\t\t\t\t\t<\/div>\n\t\t\t\t<div class=\"elementor-element elementor-element-7b0f668 elementor-widget elementor-widget-text-editor\" data-id=\"7b0f668\" data-element_type=\"widget\" data-e-type=\"widget\" data-widget_type=\"text-editor.default\">\n\t\t\t\t\t\t\t\t\t<p data-start=\"0\" data-end=\"273\"><strong>Declara\u021bie de rela\u021bie<\/strong><\/p><p data-start=\"0\" data-end=\"273\">ResMiPass.com ofer\u0103 ResMi Pass, o declara\u021bie de rela\u021bie pentru c\u0103l\u0103torii \u0219i cazare interna\u021bionale. Documentul este conceput pentru cuplurile c\u0103rora li se poate cere s\u0103 declare sau s\u0103 confirme statutul rela\u021biei lor atunci c\u00e2nd c\u0103l\u0103toresc \u0219i stau \u00eempreun\u0103, \u00een special atunci c\u00e2nd c\u0103l\u0103toresc \u00een destina\u021bii unde regulile culturale \u0219i religioase pot afecta cerin\u021bele de cazare \u0219i c\u0103l\u0103torie. <\/p>\t\t\t\t\t\t\t\t<\/div>\n\t\t\t\t<div class=\"elementor-element elementor-element-d9ac598 elementor-widget elementor-widget-text-editor\" data-id=\"d9ac598\" data-element_type=\"widget\" data-e-type=\"widget\" data-widget_type=\"text-editor.default\">\n\t\t\t\t\t\t\t\t\t<p data-start=\"0\" data-end=\"273\"><strong>C\u0103l\u0103tori\u021bi \u00een destina\u021bii cu cerin\u021be culturale \u0219i religioase<\/strong><\/p><p data-start=\"0\" data-end=\"273\">ResMi Pass este relevant \u00een special atunci c\u00e2nd c\u0103l\u0103tori\u021bi \u00een destina\u021bii unde regulile culturale \u0219i religioase pot afecta cerin\u021bele locale, cum ar fi sejururile la hotel, procedurile de c\u0103l\u0103torie \u0219i alte verific\u0103ri oficiale sau administrative, \u0219i unde vi se poate solicita statutul rela\u021biei.<\/p>\t\t\t\t\t\t\t\t<\/div>\n\t\t\t\t<div class=\"elementor-element elementor-element-dc974ad elementor-widget elementor-widget-text-editor\" data-id=\"dc974ad\" data-element_type=\"widget\" data-e-type=\"widget\" data-widget_type=\"text-editor.default\">\n\t\t\t\t\t\t\t\t\t<p data-start=\"0\" data-end=\"273\"><strong>Scopul nostru<\/strong><\/p><p data-start=\"0\" data-end=\"273\">Scopul nostru este de a oferi un document clar, structurat, care poate fi prezentat atunci c\u00e2nd sunt solicitate informa\u021bii despre rela\u021bie \u00een timpul c\u0103l\u0103toriei. C\u0103l\u0103torii sunt responsabili pentru verificarea cerin\u021belor destina\u021biei \u0219i ale caz\u0103rii \u0219i pentru a se asigura c\u0103 au documenta\u021bia necesar\u0103 pentru c\u0103l\u0103toria lor. <\/p>\t\t\t\t\t\t\t\t<\/div>\n\t\t\t\t<div class=\"elementor-element elementor-element-527f474 elementor-widget elementor-widget-text-editor\" data-id=\"527f474\" data-element_type=\"widget\" data-e-type=\"widget\" data-widget_type=\"text-editor.default\">\n\t\t\t\t\t\t\t\t\t<p data-start=\"0\" data-end=\"273\"><strong>Contact<\/strong><\/p><p data-start=\"0\" data-end=\"273\">Dac\u0103 ave\u021bi \u00eentreb\u0103ri despre ResMi Pass sau despre comanda dumneavoastr\u0103, v\u0103 invit\u0103m s\u0103 ne contacta\u021bi prin e-mail la:<\/p><p data-start=\"0\" data-end=\"273\">info@resmipass.com<\/p>\t\t\t\t\t\t\t\t<\/div>\n\t\t\t\t<div class=\"elementor-element elementor-element-6a1c41e elementor-widget elementor-widget-spacer\" data-id=\"6a1c41e\" data-element_type=\"widget\" data-e-type=\"widget\" data-widget_type=\"spacer.default\">\n\t\t\t\t\t\t\t<div class=\"elementor-spacer\">\n\t\t\t<div class=\"elementor-spacer-inner\"><\/div>\n\t\t<\/div>\n\t\t\t\t\t\t<\/div>\n\t\t\t\t\t<\/div>\n\t\t<\/div>\n\t\t\t\t\t<\/div>\n\t\t<\/section>\n\t\t\t\t<\/div>\n\t\t","protected":false},"excerpt":{"rendered":"<p>ResMi Pass | Despre noi Declara\u021bie de rela\u021bie ResMiPass.com ofer\u0103 ResMi Pass, o declara\u021bie de rela\u021bie pentru c\u0103l\u0103torii \u0219i cazare interna\u021bionale. Documentul este conceput pentru cuplurile c\u0103rora li se poate cere s\u0103 declare sau s\u0103 confirme statutul rela\u021biei lor atunci c\u00e2nd c\u0103l\u0103toresc \u0219i stau \u00eempreun\u0103, \u00een special atunci c\u00e2nd c\u0103l\u0103toresc \u00een destina\u021bii unde regulile culturale [&hellip;]<\/p>\n","protected":false},"author":1,"featured_media":0,"parent":0,"menu_order":0,"comment_status":"closed","ping_status":"closed","template":"elementor_header_footer","meta":{"footnotes":""},"class_list":["post-1084","page","type-page","status-publish","hentry"],"aioseo_notices":[],"_links":{"self":[{"href":"https:\/\/resmipass.com\/ro\/wp-json\/wp\/v2\/pages\/1084","targetHints":{"allow":["GET"]}}],"collection":[{"href":"https:\/\/resmipass.com\/ro\/wp-json\/wp\/v2\/pages"}],"about":[{"href":"https:\/\/resmipass.com\/ro\/wp-json\/wp\/v2\/types\/page"}],"author":[{"embeddable":true,"href":"https:\/\/resmipass.com\/ro\/wp-json\/wp\/v2\/users\/1"}],"replies":[{"embeddable":true,"href":"https:\/\/resmipass.com\/ro\/wp-json\/wp\/v2\/comments?post=1084"}],"version-history":[{"count":1,"href":"https:\/\/resmipass.com\/ro\/wp-json\/wp\/v2\/pages\/1084\/revisions"}],"predecessor-version":[{"id":1086,"href":"https:\/\/resmipass.com\/ro\/wp-json\/wp\/v2\/pages\/1084\/revisions\/1086"}],"wp:attachment":[{"href":"https:\/\/resmipass.com\/ro\/wp-json\/wp\/v2\/media?parent=1084"}],"curies":[{"name":"wp","href":"https:\/\/api.w.org\/{rel}","templated":true}]}}