{"id":628,"date":"2026-01-22T19:23:15","date_gmt":"2026-01-22T19:23:15","guid":{"rendered":"https:\/\/resmipass.com\/kontakta-oss\/"},"modified":"2026-01-23T16:52:49","modified_gmt":"2026-01-23T16:52:49","slug":"kontakta-oss","status":"publish","type":"page","link":"https:\/\/resmipass.com\/sv\/kontakta-oss\/","title":{"rendered":"Kontakta oss"},"content":{"rendered":"\t\t<div data-elementor-type=\"wp-page\" data-elementor-id=\"628\" class=\"elementor elementor-628 elementor-349\" data-elementor-post-type=\"page\">\n\t\t\t\t\t\t<section class=\"elementor-section elementor-top-section elementor-element elementor-element-2bc5df9 elementor-section-boxed elementor-section-height-default elementor-section-height-default\" data-id=\"2bc5df9\" data-element_type=\"section\" data-e-type=\"section\" data-settings=\"{&quot;background_background&quot;:&quot;gradient&quot;}\">\n\t\t\t\t\t\t<div class=\"elementor-container elementor-column-gap-default\">\n\t\t\t\t\t<div class=\"elementor-column elementor-col-100 elementor-top-column elementor-element elementor-element-5ff3adc\" data-id=\"5ff3adc\" data-element_type=\"column\" data-e-type=\"column\">\n\t\t\t<div class=\"elementor-widget-wrap elementor-element-populated\">\n\t\t\t\t\t\t<div class=\"elementor-element elementor-element-653ae29 elementor-widget elementor-widget-text-editor\" data-id=\"653ae29\" data-element_type=\"widget\" data-e-type=\"widget\" data-widget_type=\"text-editor.default\">\n\t\t\t\t\t\t\t\t\t<p><strong>ResMi Pass<\/strong> | Kontakta oss<\/p>\t\t\t\t\t\t\t\t<\/div>\n\t\t\t\t<div class=\"elementor-element elementor-element-9eba052 elementor-widget elementor-widget-text-editor\" data-id=\"9eba052\" data-element_type=\"widget\" data-e-type=\"widget\" data-widget_type=\"text-editor.default\">\n\t\t\t\t\t\t\t\t\t<p><strong>Hj\u00e4lp och support <\/strong><\/p><p>Om du har n\u00e5gra fr\u00e5gor om ResMi Pass, din best\u00e4llning eller leverans, v\u00e4nligen kontakta oss s\u00e5 hj\u00e4lper vi dig.<\/p>\t\t\t\t\t\t\t\t<\/div>\n\t\t\t\t<div class=\"elementor-element elementor-element-77660c3 elementor-widget elementor-widget-text-editor\" data-id=\"77660c3\" data-element_type=\"widget\" data-e-type=\"widget\" data-widget_type=\"text-editor.default\">\n\t\t\t\t\t\t\t\t\t<p data-start=\"0\" data-end=\"273\"><strong>Ha f\u00f6ljande information redo<\/strong><\/p><p data-start=\"0\" data-end=\"273\">Om du beh\u00f6ver kontakta oss ang\u00e5ende ResMi Pass, v\u00e4nligen skicka ett e-postmeddelande. Inkludera alla relevanta detaljer s\u00e5 att vi kan hj\u00e4lpa dig effektivt, s\u00e5som ditt ordernummer, namn, ink\u00f6psdatum och en kort beskrivning av din f\u00f6rfr\u00e5gan.<\/p>\t\t\t\t\t\t\t\t<\/div>\n\t\t\t\t<div class=\"elementor-element elementor-element-f2fe4c9 elementor-widget elementor-widget-text-editor\" data-id=\"f2fe4c9\" data-element_type=\"widget\" data-e-type=\"widget\" data-widget_type=\"text-editor.default\">\n\t\t\t\t\t\t\t\t\t<p data-start=\"0\" data-end=\"273\"><strong>Kontaktinformation<\/strong><\/p><p data-start=\"0\" data-end=\"273\">E-post: info@resmipass.com<\/p><p data-start=\"0\" data-end=\"273\">Svarstid: <strong>[inom 24\u201348 timmar p\u00e5 vardagar]<\/strong><\/p>\t\t\t\t\t\t\t\t<\/div>\n\t\t\t\t<div class=\"elementor-element elementor-element-9cd4152 elementor-widget elementor-widget-spacer\" data-id=\"9cd4152\" data-element_type=\"widget\" data-e-type=\"widget\" data-widget_type=\"spacer.default\">\n\t\t\t\t\t\t\t<div class=\"elementor-spacer\">\n\t\t\t<div class=\"elementor-spacer-inner\"><\/div>\n\t\t<\/div>\n\t\t\t\t\t\t<\/div>\n\t\t\t\t\t<\/div>\n\t\t<\/div>\n\t\t\t\t\t<\/div>\n\t\t<\/section>\n\t\t\t\t<\/div>\n\t\t","protected":false},"excerpt":{"rendered":"<p>ResMi Pass | Kontakta oss Hj\u00e4lp och support Om du har n\u00e5gra fr\u00e5gor om ResMi Pass, din best\u00e4llning eller leverans, v\u00e4nligen kontakta oss s\u00e5 hj\u00e4lper vi dig. Ha f\u00f6ljande information redo Om du beh\u00f6ver kontakta oss ang\u00e5ende ResMi Pass, v\u00e4nligen skicka ett e-postmeddelande. Inkludera alla relevanta detaljer s\u00e5 att vi kan hj\u00e4lpa dig effektivt, s\u00e5som [&hellip;]<\/p>\n","protected":false},"author":1,"featured_media":0,"parent":0,"menu_order":0,"comment_status":"closed","ping_status":"closed","template":"elementor_header_footer","meta":{"footnotes":""},"class_list":["post-628","page","type-page","status-publish","hentry"],"aioseo_notices":[],"_links":{"self":[{"href":"https:\/\/resmipass.com\/sv\/wp-json\/wp\/v2\/pages\/628","targetHints":{"allow":["GET"]}}],"collection":[{"href":"https:\/\/resmipass.com\/sv\/wp-json\/wp\/v2\/pages"}],"about":[{"href":"https:\/\/resmipass.com\/sv\/wp-json\/wp\/v2\/types\/page"}],"author":[{"embeddable":true,"href":"https:\/\/resmipass.com\/sv\/wp-json\/wp\/v2\/users\/1"}],"replies":[{"embeddable":true,"href":"https:\/\/resmipass.com\/sv\/wp-json\/wp\/v2\/comments?post=628"}],"version-history":[{"count":1,"href":"https:\/\/resmipass.com\/sv\/wp-json\/wp\/v2\/pages\/628\/revisions"}],"predecessor-version":[{"id":629,"href":"https:\/\/resmipass.com\/sv\/wp-json\/wp\/v2\/pages\/628\/revisions\/629"}],"wp:attachment":[{"href":"https:\/\/resmipass.com\/sv\/wp-json\/wp\/v2\/media?parent=628"}],"curies":[{"name":"wp","href":"https:\/\/api.w.org\/{rel}","templated":true}]}}