{"id":630,"date":"2026-01-22T19:23:16","date_gmt":"2026-01-22T19:23:16","guid":{"rendered":"https:\/\/resmipass.com\/las-mer-om-oss\/"},"modified":"2026-01-23T16:52:49","modified_gmt":"2026-01-23T16:52:49","slug":"las-mer-om-oss","status":"publish","type":"page","link":"https:\/\/resmipass.com\/sv\/las-mer-om-oss\/","title":{"rendered":"L\u00e4s mer om oss"},"content":{"rendered":"\t\t<div data-elementor-type=\"wp-page\" data-elementor-id=\"630\" class=\"elementor elementor-630 elementor-350\" data-elementor-post-type=\"page\">\n\t\t\t\t\t\t<section class=\"elementor-section elementor-top-section elementor-element elementor-element-8520e7e elementor-section-boxed elementor-section-height-default elementor-section-height-default\" data-id=\"8520e7e\" data-element_type=\"section\" data-e-type=\"section\" data-settings=\"{&quot;background_background&quot;:&quot;gradient&quot;}\">\n\t\t\t\t\t\t<div class=\"elementor-container elementor-column-gap-default\">\n\t\t\t\t\t<div class=\"elementor-column elementor-col-100 elementor-top-column elementor-element elementor-element-55ebdfe\" data-id=\"55ebdfe\" data-element_type=\"column\" data-e-type=\"column\">\n\t\t\t<div class=\"elementor-widget-wrap elementor-element-populated\">\n\t\t\t\t\t\t<div class=\"elementor-element elementor-element-1403dcd elementor-widget elementor-widget-text-editor\" data-id=\"1403dcd\" data-element_type=\"widget\" data-e-type=\"widget\" data-widget_type=\"text-editor.default\">\n\t\t\t\t\t\t\t\t\t<p><strong>ResMi Pass<\/strong> | Om oss<\/p>\t\t\t\t\t\t\t\t<\/div>\n\t\t\t\t<div class=\"elementor-element elementor-element-7b0f668 elementor-widget elementor-widget-text-editor\" data-id=\"7b0f668\" data-element_type=\"widget\" data-e-type=\"widget\" data-widget_type=\"text-editor.default\">\n\t\t\t\t\t\t\t\t\t<p data-start=\"0\" data-end=\"273\"><strong>Relationsdeklaration<\/strong><\/p><p data-start=\"0\" data-end=\"273\">ResMiPass.com tillhandah\u00e5ller ResMi Pass, en relationsdeklaration f\u00f6r internationella resor och boenden. Dokumentet \u00e4r utformat f\u00f6r par som kan bli ombedda att ange eller bekr\u00e4fta sin civilstatus n\u00e4r de reser och bor tillsammans, s\u00e4rskilt n\u00e4r de reser till destinationer d\u00e4r kulturella och religi\u00f6sa regler kan p\u00e5verka boende- och resekrav.<\/p>\t\t\t\t\t\t\t\t<\/div>\n\t\t\t\t<div class=\"elementor-element elementor-element-d9ac598 elementor-widget elementor-widget-text-editor\" data-id=\"d9ac598\" data-element_type=\"widget\" data-e-type=\"widget\" data-widget_type=\"text-editor.default\">\n\t\t\t\t\t\t\t\t\t<p data-start=\"0\" data-end=\"273\"><strong>Res till destinationer med kulturella och religi\u00f6sa krav<\/strong><\/p><p data-start=\"0\" data-end=\"273\">ResMi Pass \u00e4r s\u00e4rskilt relevant n\u00e4r du reser till destinationer d\u00e4r kulturella och religi\u00f6sa regler kan p\u00e5verka lokala krav, s\u00e5som hotellvistelser, resef\u00f6rfaranden och andra officiella eller administrativa kontroller, och d\u00e4r din civilstatus kan komma att efterfr\u00e5gas.<\/p>\t\t\t\t\t\t\t\t<\/div>\n\t\t\t\t<div class=\"elementor-element elementor-element-dc974ad elementor-widget elementor-widget-text-editor\" data-id=\"dc974ad\" data-element_type=\"widget\" data-e-type=\"widget\" data-widget_type=\"text-editor.default\">\n\t\t\t\t\t\t\t\t\t<p data-start=\"0\" data-end=\"273\"><strong>V\u00e5rt syfte<\/strong><\/p><p data-start=\"0\" data-end=\"273\">V\u00e5rt m\u00e5l \u00e4r att erbjuda ett tydligt, strukturerat dokument som kan presenteras n\u00e4r relationsinformation efterfr\u00e5gas under resan. Resen\u00e4rer ansvarar f\u00f6r att kontrollera destinations- och boendekrav och se till att de har den dokumentation som beh\u00f6vs f\u00f6r sin resa.<\/p>\t\t\t\t\t\t\t\t<\/div>\n\t\t\t\t<div class=\"elementor-element elementor-element-527f474 elementor-widget elementor-widget-text-editor\" data-id=\"527f474\" data-element_type=\"widget\" data-e-type=\"widget\" data-widget_type=\"text-editor.default\">\n\t\t\t\t\t\t\t\t\t<p data-start=\"0\" data-end=\"273\"><strong>Kontakt<\/strong><\/p><p data-start=\"0\" data-end=\"273\">Om du har n\u00e5gra fr\u00e5gor om ResMi Pass eller din best\u00e4llning \u00e4r du v\u00e4lkommen att kontakta oss via e-post p\u00e5:<\/p><p data-start=\"0\" data-end=\"273\">info@resmipass.com<\/p>\t\t\t\t\t\t\t\t<\/div>\n\t\t\t\t<div class=\"elementor-element elementor-element-6a1c41e elementor-widget elementor-widget-spacer\" data-id=\"6a1c41e\" data-element_type=\"widget\" data-e-type=\"widget\" data-widget_type=\"spacer.default\">\n\t\t\t\t\t\t\t<div class=\"elementor-spacer\">\n\t\t\t<div class=\"elementor-spacer-inner\"><\/div>\n\t\t<\/div>\n\t\t\t\t\t\t<\/div>\n\t\t\t\t\t<\/div>\n\t\t<\/div>\n\t\t\t\t\t<\/div>\n\t\t<\/section>\n\t\t\t\t<\/div>\n\t\t","protected":false},"excerpt":{"rendered":"<p>ResMi Pass | Om oss Relationsdeklaration ResMiPass.com tillhandah\u00e5ller ResMi Pass, en relationsdeklaration f\u00f6r internationella resor och boenden. Dokumentet \u00e4r utformat f\u00f6r par som kan bli ombedda att ange eller bekr\u00e4fta sin civilstatus n\u00e4r de reser och bor tillsammans, s\u00e4rskilt n\u00e4r de reser till destinationer d\u00e4r kulturella och religi\u00f6sa regler kan p\u00e5verka boende- och resekrav. Res [&hellip;]<\/p>\n","protected":false},"author":1,"featured_media":0,"parent":0,"menu_order":0,"comment_status":"closed","ping_status":"closed","template":"elementor_header_footer","meta":{"footnotes":""},"class_list":["post-630","page","type-page","status-publish","hentry"],"aioseo_notices":[],"_links":{"self":[{"href":"https:\/\/resmipass.com\/sv\/wp-json\/wp\/v2\/pages\/630","targetHints":{"allow":["GET"]}}],"collection":[{"href":"https:\/\/resmipass.com\/sv\/wp-json\/wp\/v2\/pages"}],"about":[{"href":"https:\/\/resmipass.com\/sv\/wp-json\/wp\/v2\/types\/page"}],"author":[{"embeddable":true,"href":"https:\/\/resmipass.com\/sv\/wp-json\/wp\/v2\/users\/1"}],"replies":[{"embeddable":true,"href":"https:\/\/resmipass.com\/sv\/wp-json\/wp\/v2\/comments?post=630"}],"version-history":[{"count":1,"href":"https:\/\/resmipass.com\/sv\/wp-json\/wp\/v2\/pages\/630\/revisions"}],"predecessor-version":[{"id":631,"href":"https:\/\/resmipass.com\/sv\/wp-json\/wp\/v2\/pages\/630\/revisions\/631"}],"wp:attachment":[{"href":"https:\/\/resmipass.com\/sv\/wp-json\/wp\/v2\/media?parent=630"}],"curies":[{"name":"wp","href":"https:\/\/api.w.org\/{rel}","templated":true}]}}