{"id":642,"date":"2026-01-22T19:23:12","date_gmt":"2026-01-22T19:23:12","guid":{"rendered":"https:\/\/resmipass.com\/integritetspolicy\/"},"modified":"2026-01-23T20:57:01","modified_gmt":"2026-01-23T20:57:01","slug":"integritetspolicy","status":"publish","type":"page","link":"https:\/\/resmipass.com\/sv\/integritetspolicy\/","title":{"rendered":"Integritetspolicy"},"content":{"rendered":"\t\t<div data-elementor-type=\"wp-page\" data-elementor-id=\"642\" class=\"elementor elementor-642 elementor-346\" data-elementor-post-type=\"page\">\n\t\t\t\t\t\t<section class=\"elementor-section elementor-top-section elementor-element elementor-element-2f47e3c elementor-section-boxed elementor-section-height-default elementor-section-height-default\" data-id=\"2f47e3c\" data-element_type=\"section\" data-e-type=\"section\" data-settings=\"{&quot;background_background&quot;:&quot;gradient&quot;}\">\n\t\t\t\t\t\t<div class=\"elementor-container elementor-column-gap-default\">\n\t\t\t\t\t<div class=\"elementor-column elementor-col-100 elementor-top-column elementor-element elementor-element-879c809\" data-id=\"879c809\" data-element_type=\"column\" data-e-type=\"column\">\n\t\t\t<div class=\"elementor-widget-wrap elementor-element-populated\">\n\t\t\t\t\t\t<div class=\"elementor-element elementor-element-3946d63 elementor-widget elementor-widget-text-editor\" data-id=\"3946d63\" data-element_type=\"widget\" data-e-type=\"widget\" data-widget_type=\"text-editor.default\">\n\t\t\t\t\t\t\t\t\t<p><strong>ResMi Pass<\/strong> | Integritetspolicy<\/p>\t\t\t\t\t\t\t\t<\/div>\n\t\t\t\t<div class=\"elementor-element elementor-element-9db1ee7 elementor-widget elementor-widget-text-editor\" data-id=\"9db1ee7\" data-element_type=\"widget\" data-e-type=\"widget\" data-widget_type=\"text-editor.default\">\n\t\t\t\t\t\t\t\t\t<p>1. Vilka vi \u00e4r<\/p><p>Denna integritetspolicy f\u00f6rklarar hur ResMiPass.com (\u201dF\u00f6retaget\u201d, \u201dvi\u201d, \u201doss\u201d, \u201dv\u00e5r\u201d) behandlar personuppgifter i samband med ResMi Pass-tj\u00e4nsten. Om du har fr\u00e5gor kan du kontakta oss p\u00e5 [support email]. <\/p>\t\t\t\t\t\t\t\t<\/div>\n\t\t\t\t<div class=\"elementor-element elementor-element-9a55698 elementor-widget elementor-widget-text-editor\" data-id=\"9a55698\" data-element_type=\"widget\" data-e-type=\"widget\" data-widget_type=\"text-editor.default\">\n\t\t\t\t\t\t\t\t\t<p>2. Vilka personuppgifter vi samlar in<\/p><p>N\u00e4r du g\u00f6r en best\u00e4llning l\u00e4mnar du information som beh\u00f6vs f\u00f6r att generera ResMi Pass-dokumentet. Detta kan inkludera, beroende p\u00e5 vad du anger i formul\u00e4ret: <\/p><ul><li>f\u00f6r- och efternamn<\/li><li>f\u00f6delsedatum<\/li><li>nationalitet\/medborgarskap<\/li><li>passnummer eller nationellt ID-nummer<\/li><li>adress<\/li><li>e-postadress och telefonnummer<\/li><li>relationsinformation (t.ex. civilst\u00e5nd, relationsstartdatum)<\/li><li>reseinformation (t.ex. destination(er), resedatum)<\/li><\/ul>\t\t\t\t\t\t\t\t<\/div>\n\t\t\t\t<div class=\"elementor-element elementor-element-4387d9e elementor-widget elementor-widget-text-editor\" data-id=\"4387d9e\" data-element_type=\"widget\" data-e-type=\"widget\" data-widget_type=\"text-editor.default\">\n\t\t\t\t\t\t\t\t\t<p>3. Varf\u00f6r vi anv\u00e4nder dina uppgifter<\/p><p>Vi anv\u00e4nder informationen du l\u00e4mnar uteslutande f\u00f6r att:<\/p><ul><li>generera ResMi Pass-dokumentet baserat p\u00e5 dina inskickade uppgifter; och<\/li><li>leverera dokumentet till den e-postadress du anger (och\/eller g\u00f6ra det tillg\u00e4ngligt f\u00f6r direkt nedladdning).<\/li><\/ul>\t\t\t\t\t\t\t\t<\/div>\n\t\t\t\t<div class=\"elementor-element elementor-element-fc6b013 elementor-widget elementor-widget-text-editor\" data-id=\"fc6b013\" data-element_type=\"widget\" data-e-type=\"widget\" data-widget_type=\"text-editor.default\">\n\t\t\t\t\t\t\t\t\t<p>4. R\u00e4ttslig grund f\u00f6r behandling<\/p><p>Vi behandlar dina personuppgifter f\u00f6r att generera och leverera ResMi Pass baserat p\u00e5 den information du skickar in. Vid behov kan vi ocks\u00e5 behandla begr\u00e4nsade uppgifter f\u00f6r att uppfylla r\u00e4ttsliga skyldigheter (till exempel redovisningskrav). <\/p>\t\t\t\t\t\t\t\t<\/div>\n\t\t\t\t<div class=\"elementor-element elementor-element-530e4a8 elementor-widget elementor-widget-text-editor\" data-id=\"530e4a8\" data-element_type=\"widget\" data-e-type=\"widget\" data-widget_type=\"text-editor.default\">\n\t\t\t\t\t\t\t\t\t<p>5. Lagring och bevarande<\/p><p>F\u00f6retaget lagrar inte formul\u00e4rinformationen f\u00f6r senare redigering. Dina inskickade uppgifter anv\u00e4nds f\u00f6r att generera och leverera dokumentet och sparas inte efter leverans, f\u00f6rutom n\u00e4r vi m\u00e5ste beh\u00e5lla begr\u00e4nsad information f\u00f6r juridiska-, redovisnings- eller betalnings\u00e4ndam\u00e5l. <\/p>\t\t\t\t\t\t\t\t<\/div>\n\t\t\t\t<div class=\"elementor-element elementor-element-a93a603 elementor-widget elementor-widget-text-editor\" data-id=\"a93a603\" data-element_type=\"widget\" data-e-type=\"widget\" data-widget_type=\"text-editor.default\">\n\t\t\t\t\t\t\t\t\t<p>6. Delning av personuppgifter<\/p><p>Vi s\u00e4ljer eller delar inte dina personuppgifter f\u00f6r marknadsf\u00f6ring. Vi delar inte personuppgifterna i ditt ResMi Pass med tredje part. <\/p>\t\t\t\t\t\t\t\t<\/div>\n\t\t\t\t<div class=\"elementor-element elementor-element-6e76c45 elementor-widget elementor-widget-text-editor\" data-id=\"6e76c45\" data-element_type=\"widget\" data-e-type=\"widget\" data-widget_type=\"text-editor.default\">\n\t\t\t\t\t\t\t\t\t<p>8. Cookies<\/p><p>V\u00e5r webbplats anv\u00e4nder cookies. F\u00f6r mer information, se v\u00e5r cookiepolicy. <\/p>\t\t\t\t\t\t\t\t<\/div>\n\t\t\t\t<div class=\"elementor-element elementor-element-b58c759 elementor-widget elementor-widget-text-editor\" data-id=\"b58c759\" data-element_type=\"widget\" data-e-type=\"widget\" data-widget_type=\"text-editor.default\">\n\t\t\t\t\t\t\t\t\t<p>9. \u00c4ndringar i denna integritetspolicy<\/p><p>Vi kan uppdatera denna integritetspolicy fr\u00e5n tid till annan. Den senaste versionen kommer alltid att finnas tillg\u00e4nglig p\u00e5 ResMiPass.com. <\/p>\t\t\t\t\t\t\t\t<\/div>\n\t\t\t\t<div class=\"elementor-element elementor-element-9cdb051 elementor-widget elementor-widget-spacer\" data-id=\"9cdb051\" data-element_type=\"widget\" data-e-type=\"widget\" data-widget_type=\"spacer.default\">\n\t\t\t\t\t\t\t<div class=\"elementor-spacer\">\n\t\t\t<div class=\"elementor-spacer-inner\"><\/div>\n\t\t<\/div>\n\t\t\t\t\t\t<\/div>\n\t\t\t\t\t<\/div>\n\t\t<\/div>\n\t\t\t\t\t<\/div>\n\t\t<\/section>\n\t\t\t\t<\/div>\n\t\t","protected":false},"excerpt":{"rendered":"<p>ResMi Pass | Integritetspolicy 1. Vilka vi \u00e4r Denna integritetspolicy f\u00f6rklarar hur ResMiPass.com (\u201dF\u00f6retaget\u201d, \u201dvi\u201d, \u201doss\u201d, \u201dv\u00e5r\u201d) behandlar personuppgifter i samband med ResMi Pass-tj\u00e4nsten. Om du har fr\u00e5gor kan du kontakta oss p\u00e5 [support email]. 2. Vilka personuppgifter vi samlar in N\u00e4r du g\u00f6r en best\u00e4llning l\u00e4mnar du information som beh\u00f6vs f\u00f6r att generera ResMi [&hellip;]<\/p>\n","protected":false},"author":1,"featured_media":0,"parent":0,"menu_order":0,"comment_status":"closed","ping_status":"closed","template":"elementor_header_footer","meta":{"footnotes":""},"class_list":["post-642","page","type-page","status-publish","hentry"],"aioseo_notices":[],"_links":{"self":[{"href":"https:\/\/resmipass.com\/sv\/wp-json\/wp\/v2\/pages\/642","targetHints":{"allow":["GET"]}}],"collection":[{"href":"https:\/\/resmipass.com\/sv\/wp-json\/wp\/v2\/pages"}],"about":[{"href":"https:\/\/resmipass.com\/sv\/wp-json\/wp\/v2\/types\/page"}],"author":[{"embeddable":true,"href":"https:\/\/resmipass.com\/sv\/wp-json\/wp\/v2\/users\/1"}],"replies":[{"embeddable":true,"href":"https:\/\/resmipass.com\/sv\/wp-json\/wp\/v2\/comments?post=642"}],"version-history":[{"count":2,"href":"https:\/\/resmipass.com\/sv\/wp-json\/wp\/v2\/pages\/642\/revisions"}],"predecessor-version":[{"id":684,"href":"https:\/\/resmipass.com\/sv\/wp-json\/wp\/v2\/pages\/642\/revisions\/684"}],"wp:attachment":[{"href":"https:\/\/resmipass.com\/sv\/wp-json\/wp\/v2\/media?parent=642"}],"curies":[{"name":"wp","href":"https:\/\/api.w.org\/{rel}","templated":true}]}}